{"id":994,"date":"2025-06-27T11:12:03","date_gmt":"2025-06-27T10:12:03","guid":{"rendered":"https:\/\/bpont.shop.hu\/?post_type=product&#038;p=994"},"modified":"2026-05-05T14:45:59","modified_gmt":"2026-05-05T12:45:59","slug":"rfdw-rm-radion-vezetek-nelkuli-sullyesztett-szerelesu-nyitas-erzekelo","status":"publish","type":"product","link":"https:\/\/bpont.hu\/shop\/index.php\/product\/rfdw-rm-radion-vezetek-nelkuli-sullyesztett-szerelesu-nyitas-erzekelo\/","title":{"rendered":"RFDW-RM<br>RADION Vezet\u00e9k n\u00e9lk\u00fcli s\u00fcllyesztett szerel\u00e9s\u0171 nyit\u00e1s \u00e9rz\u00e9kel\u0151"},"content":{"rendered":"<p>RFDW-RM<br \/>\nRADION contact RM egy vezet\u00e9k n\u00e9lk\u00fcli, s\u00fcllyesztett szerel\u00e9s\u0171 m\u00e1gneses nyit\u00e1s\u00e9rz\u00e9kel\u0151<br \/>\nA k\u00e9sz\u00fcl\u00e9k elej\u00e9n l\u00e9v\u0151 reed \u00e9rintkez\u0151 \u00e9rz\u00e9kel\u0151 a mell\u00e9kelt m\u00e1gnest, mely az ad\u00f3t\u00f3l 14 mm t\u00e1vols\u00e1gon bel\u00fcl van. Ha a m\u00e1gnes \u00e9s az \u00e9rz\u00e9kel\u0151<br \/>\nbels\u0151 reed kapcsol\u00f3ja k\u00f6z\u00f6tt t\u00f6bb, mint 14 mm a t\u00e1vols\u00e1g, az eszk\u00f6z riaszt\u00e1si jelz\u00e9st k\u00fcld a vev\u0151egys\u00e9gnek.<br \/>\nKompatibilis K\u00f6zpontok:<br \/>\n&#8211; AMAX3000\/4000<br \/>\n&#8211; Easy Series<br \/>\n&#8211; Solution Ultima (CC488)<br \/>\n&#8211; DS 7240<br \/>\n&#8211; DS 7400v4.1<br \/>\nTulajdons\u00e1gok:<br \/>\n&#8211; Z\u00e1rt ad\u00f3egys\u00e9g m\u00e1gneses nyit\u00e1s\u00e9rz\u00e9kel\u0151vel<br \/>\n&#8211; Rejtett, az ajt\u00f3kba vagy ablakokba s\u00fcllyesztett szerel\u00e9s a felt\u0171n\u00e9smentes biztons\u00e1g \u00e9rdek\u00e9ben<br \/>\n&#8211; Ak\u00e1r 5 \u00e9ves \u00fczemk\u00e9pess\u00e9g mind\u00f6ssze egyetlen, a felhaszn\u00e1l\u00f3 \u00e1ltal cser\u00e9lhet\u0151 AAA m\u00e9ret\u0171 l\u00edtiumelem alkalmaz\u00e1s\u00e1val<br \/>\n&#8211; Alacsony akkumul\u00e1tor-t\u00f6lt\u00e9sszint \u00e9s fed\u00e9lszabot\u00e1zs fel\u00fcgyeletKompatibilis K\u00f6zpontok:<br \/>\n&#8211; AMAX3000\/4000<br \/>\n&#8211; Easy Series<br \/>\n&#8211; Solution Ultima (CC488)<br \/>\n&#8211; DS 7240<br \/>\n&#8211; DS 7400<\/p>\n","protected":false},"excerpt":{"rendered":"<p>Rendel\u00e9si k\u00f3d: F.01U.383.291<\/p>\n","protected":false},"featured_media":995,"template":"","meta":[],"product_brand":[],"product_cat":[328],"product_tag":[25],"class_list":{"0":"post-994","1":"product","2":"type-product","3":"status-publish","4":"has-post-thumbnail","6":"product_cat-bg-series","7":"product_tag-bosch","9":"first","10":"instock","11":"taxable","12":"shipping-taxable","13":"purchasable","14":"product-type-simple"},"jetpack_sharing_enabled":true,"_links":{"self":[{"href":"https:\/\/bpont.hu\/shop\/index.php\/wp-json\/wp\/v2\/product\/994","targetHints":{"allow":["GET"]}}],"collection":[{"href":"https:\/\/bpont.hu\/shop\/index.php\/wp-json\/wp\/v2\/product"}],"about":[{"href":"https:\/\/bpont.hu\/shop\/index.php\/wp-json\/wp\/v2\/types\/product"}],"version-history":[{"count":5,"href":"https:\/\/bpont.hu\/shop\/index.php\/wp-json\/wp\/v2\/product\/994\/revisions"}],"predecessor-version":[{"id":7545,"href":"https:\/\/bpont.hu\/shop\/index.php\/wp-json\/wp\/v2\/product\/994\/revisions\/7545"}],"wp:featuredmedia":[{"embeddable":true,"href":"https:\/\/bpont.hu\/shop\/index.php\/wp-json\/wp\/v2\/media\/995"}],"wp:attachment":[{"href":"https:\/\/bpont.hu\/shop\/index.php\/wp-json\/wp\/v2\/media?parent=994"}],"wp:term":[{"taxonomy":"product_brand","embeddable":true,"href":"https:\/\/bpont.hu\/shop\/index.php\/wp-json\/wp\/v2\/product_brand?post=994"},{"taxonomy":"product_cat","embeddable":true,"href":"https:\/\/bpont.hu\/shop\/index.php\/wp-json\/wp\/v2\/product_cat?post=994"},{"taxonomy":"product_tag","embeddable":true,"href":"https:\/\/bpont.hu\/shop\/index.php\/wp-json\/wp\/v2\/product_tag?post=994"}],"curies":[{"name":"wp","href":"https:\/\/api.w.org\/{rel}","templated":true}]}}