{"id":991,"date":"2025-06-27T11:12:03","date_gmt":"2025-06-27T10:12:03","guid":{"rendered":"https:\/\/bpont.shop.hu\/?post_type=product&#038;p=991"},"modified":"2026-05-05T14:45:59","modified_gmt":"2026-05-05T12:45:59","slug":"rfdw-sm-radion-vezetek-nelkuli-felulet-szerelesu-nyitas-erzekelo","status":"publish","type":"product","link":"https:\/\/bpont.hu\/shop\/index.php\/product\/rfdw-sm-radion-vezetek-nelkuli-felulet-szerelesu-nyitas-erzekelo\/","title":{"rendered":"RFDW-SM<br>RADION Vezet\u00e9k n\u00e9lk\u00fcli fel\u00fclet szerel\u00e9s\u0171 nyit\u00e1s \u00e9rz\u00e9kel\u0151"},"content":{"rendered":"<p>RFDW-SM<br \/>\nRADION contact SM M\u00e1gneses nyit\u00e1s\u00e9rz\u00e9kel\u0151 az ajt\u00f3k \u00e9s ablakok fel\u00fcgyelet\u00e9re.<br \/>\nA bels\u0151 reed kapcsol\u00f3t egy k\u00fcls\u0151 m\u00e1gnes aktiv\u00e1lja, amely az ad\u00f3egys\u00e9g b\u00e1rmelyik oldal\u00e1n elhelyezhet\u0151. Ez egy be\u00e9p\u00edtett fali \u00e9s fed\u00e9lszabot\u00e1zst fel\u00fcgyel\u0151 kapcsol\u00f3val is rendelkezik, amely szabot\u00e1zsjelet ad, amikor valaki elt\u00e1vol\u00edtja az eszk\u00f6zt annak alapj\u00e1r\u00f3l, vagy leh\u00fazza a falr\u00f3l.<br \/>\nAz eszk\u00f6z mindk\u00e9t oldal\u00e1n reed \u00e9rintkez\u0151 tal\u00e1lhat\u00f3, \u00edgy a m\u00e1gneses szerelv\u00e9ny az eszk\u00f6z 20 mm-es k\u00f6rzet\u00e9ben b\u00e1rmelyik oldalra felszerelhet\u0151. Ha a m\u00e1gnes \u00e9s az \u00e9rintkez\u0151 k\u00f6z\u00f6tt t\u00f6bb, mint 20 mm a t\u00e1vols\u00e1g, az eszk\u00f6z riaszt\u00e1si jelz\u00e9st k\u00fcld a vev\u0151egys\u00e9gbe \u00e9s onnan a kompatibilis k\u00f6zpontba.<br \/>\nKompatibilis K\u00f6zpontok:<br \/>\n&#8211; AMAX3000\/4000<br \/>\n&#8211; Easy Series<br \/>\n&#8211; Solution Ultima (CC488)<br \/>\n&#8211; DS 7240<br \/>\n&#8211; DS 7400v4.1<br \/>\nTulajdons\u00e1gok:<br \/>\n&#8211; Bels\u0151 m\u00e1gneses reed kapcsol\u00f3t tartalmaz<br \/>\n&#8211; Az elemek alacsony t\u00f6lt\u00e9sszintj\u00e9re, a fed\u00e9l megs\u00e9rt\u00e9s\u00e9re, illetve a felfogat\u00e1si fel\u00fcletr\u0151l val\u00f3 elt\u00e1vol\u00edt\u00e1sra ir\u00e1nyul\u00f3 szabot\u00e1zsfel\u00fcgyelet.<br \/>\n&#8211; Ak\u00e1r 5 \u00e9ves \u00fczemk\u00e9pess\u00e9g mind\u00f6ssze egyetlen, a felhaszn\u00e1l\u00f3 \u00e1ltal cser\u00e9lhet\u0151 AAA m\u00e9ret\u0171 l\u00edtiumelem alkalmaz\u00e1s\u00e1val.Kompatibilis K\u00f6zpontok:<br \/>\n&#8211; AMAX3000\/4000<br \/>\n&#8211; Easy Series<br \/>\n&#8211; Solution Ultima (CC488)<br \/>\n&#8211; DS 7240<\/p>\n","protected":false},"excerpt":{"rendered":"<p>Rendel\u00e9si k\u00f3d: F.01U.383.290<\/p>\n","protected":false},"featured_media":992,"template":"","meta":[],"product_brand":[],"product_cat":[328],"product_tag":[25],"class_list":{"0":"post-991","1":"product","2":"type-product","3":"status-publish","4":"has-post-thumbnail","6":"product_cat-bg-series","7":"product_tag-bosch","9":"first","10":"instock","11":"taxable","12":"shipping-taxable","13":"purchasable","14":"product-type-simple"},"jetpack_sharing_enabled":true,"_links":{"self":[{"href":"https:\/\/bpont.hu\/shop\/index.php\/wp-json\/wp\/v2\/product\/991","targetHints":{"allow":["GET"]}}],"collection":[{"href":"https:\/\/bpont.hu\/shop\/index.php\/wp-json\/wp\/v2\/product"}],"about":[{"href":"https:\/\/bpont.hu\/shop\/index.php\/wp-json\/wp\/v2\/types\/product"}],"version-history":[{"count":5,"href":"https:\/\/bpont.hu\/shop\/index.php\/wp-json\/wp\/v2\/product\/991\/revisions"}],"predecessor-version":[{"id":7544,"href":"https:\/\/bpont.hu\/shop\/index.php\/wp-json\/wp\/v2\/product\/991\/revisions\/7544"}],"wp:featuredmedia":[{"embeddable":true,"href":"https:\/\/bpont.hu\/shop\/index.php\/wp-json\/wp\/v2\/media\/992"}],"wp:attachment":[{"href":"https:\/\/bpont.hu\/shop\/index.php\/wp-json\/wp\/v2\/media?parent=991"}],"wp:term":[{"taxonomy":"product_brand","embeddable":true,"href":"https:\/\/bpont.hu\/shop\/index.php\/wp-json\/wp\/v2\/product_brand?post=991"},{"taxonomy":"product_cat","embeddable":true,"href":"https:\/\/bpont.hu\/shop\/index.php\/wp-json\/wp\/v2\/product_cat?post=991"},{"taxonomy":"product_tag","embeddable":true,"href":"https:\/\/bpont.hu\/shop\/index.php\/wp-json\/wp\/v2\/product_tag?post=991"}],"curies":[{"name":"wp","href":"https:\/\/api.w.org\/{rel}","templated":true}]}}