{"id":9674,"date":"2025-10-08T16:02:17","date_gmt":"2025-10-08T14:02:17","guid":{"rendered":"https:\/\/bpont.hu\/shop\/index.php\/product\/mvs-mw-4dmonitor-fal-licence-4-monitorhoz\/"},"modified":"2026-03-11T16:40:59","modified_gmt":"2026-03-11T14:40:59","slug":"mvs-mw-4dmonitor-fal-licence-4-monitorhoz","status":"publish","type":"product","link":"https:\/\/bpont.hu\/shop\/index.php\/product\/mvs-mw-4dmonitor-fal-licence-4-monitorhoz\/","title":{"rendered":"MVS-MW-4D<br>Monitor-fal licence 4 monitorhoz"},"content":{"rendered":"<p>MVS-MW-4D<\/p>\n<p> &#8211; T\u00f6bb \u00e9l\u0151 kamera k\u00e9p\u00e9nek megtekint\u00e9se nagym\u00e9ret\u0171 k\u00e9perny\u0151k\u00f6n a megfigyel\u0151k\u00f6zpontban<br \/>\n&#8211; T\u00f6bbcsatorn\u00e1s dek\u00f3der ak\u00e1r n\u00e9gy k\u00e9perny\u0151vel<br \/>\n&#8211; A k\u00e9perny\u0151elrendez\u00e9s kijelz\u0151nk\u00e9nt f\u00fcggetlen\u00fcl konfigur\u00e1lhat\u00f3<br \/>\n&#8211; Kompatibilis a BVMS rendszerrel<br \/>\n&#8211; Kompatibilis az \u00f6sszes Bosch IP-kamer\u00e1val \u00e9s k\u00f3dol\u00f3val, valamint az ONVIF \u00e9s RTSP videoforr\u00e1sokkal<\/p>\n<p>A Monitor Wall vide\u00f3t jelen\u00edt meg standard felbont\u00e1s\u00fa (SD), nagy felbont\u00e1s\u00fa (HD), 4K ultra nagy felbont\u00e1s\u00fa (UHD) \u00e9s megapixeles (MP) kamer\u00e1kb\u00f3l \u00e9s k\u00f3dol\u00f3kb\u00f3l H.264, H.265 vagy MPEG-4 k\u00f3dol\u00e1ssal, ak\u00e1r 60 k\u00e9pkocka\/m\u00e1sodperc sebess\u00e9ggel IP-h\u00e1l\u00f3zatokon kereszt\u00fcl, n\u00e9gy HD vagy 4K k\u00e9perny\u0151n.<\/p>\n","protected":false},"excerpt":{"rendered":"<p>Rendel\u00e9si k\u00f3d: F.01U.382.736<\/p>\n","protected":false},"featured_media":9198,"template":"","meta":[],"product_brand":[],"product_cat":[318],"product_tag":[25],"class_list":{"0":"post-9674","1":"product","2":"type-product","3":"status-publish","4":"has-post-thumbnail","6":"product_cat-megjelenitok-monitorok","7":"product_tag-bosch","9":"first","10":"instock","11":"taxable","12":"shipping-taxable","13":"purchasable","14":"product-type-simple"},"jetpack_sharing_enabled":true,"_links":{"self":[{"href":"https:\/\/bpont.hu\/shop\/index.php\/wp-json\/wp\/v2\/product\/9674","targetHints":{"allow":["GET"]}}],"collection":[{"href":"https:\/\/bpont.hu\/shop\/index.php\/wp-json\/wp\/v2\/product"}],"about":[{"href":"https:\/\/bpont.hu\/shop\/index.php\/wp-json\/wp\/v2\/types\/product"}],"version-history":[{"count":0,"href":"https:\/\/bpont.hu\/shop\/index.php\/wp-json\/wp\/v2\/product\/9674\/revisions"}],"wp:featuredmedia":[{"embeddable":true,"href":"https:\/\/bpont.hu\/shop\/index.php\/wp-json\/wp\/v2\/media\/9198"}],"wp:attachment":[{"href":"https:\/\/bpont.hu\/shop\/index.php\/wp-json\/wp\/v2\/media?parent=9674"}],"wp:term":[{"taxonomy":"product_brand","embeddable":true,"href":"https:\/\/bpont.hu\/shop\/index.php\/wp-json\/wp\/v2\/product_brand?post=9674"},{"taxonomy":"product_cat","embeddable":true,"href":"https:\/\/bpont.hu\/shop\/index.php\/wp-json\/wp\/v2\/product_cat?post=9674"},{"taxonomy":"product_tag","embeddable":true,"href":"https:\/\/bpont.hu\/shop\/index.php\/wp-json\/wp\/v2\/product_tag?post=9674"}],"curies":[{"name":"wp","href":"https:\/\/api.w.org\/{rel}","templated":true}]}}