{"id":9672,"date":"2025-10-08T16:02:17","date_gmt":"2025-10-08T14:02:17","guid":{"rendered":"https:\/\/bpont.hu\/shop\/index.php\/product\/nda-6090-pmaoszlopra-szerelheto-adapter-ndp6xx-hez\/"},"modified":"2026-05-05T14:46:46","modified_gmt":"2026-05-05T12:46:46","slug":"nda-6090-pmaoszlopra-szerelheto-adapter-ndp6xx-hez","status":"publish","type":"product","link":"https:\/\/bpont.hu\/shop\/index.php\/product\/nda-6090-pmaoszlopra-szerelheto-adapter-ndp6xx-hez\/","title":{"rendered":"NDA-6090-PMA<br>Oszlopra szerelhet\u0151 adapter NDP6xx-hez"},"content":{"rendered":"<p>NDA-6090-PMA<\/p>\n<p>&#8211; PoE Midspans NPD-6001C-E \/ NPD-6001C-EBT \u00e9s NPD-9001-E \/ NPD-9001-EBT fali \u00e9s oszlopos telep\u00edt\u00e9se<br \/>\n&#8211; K\u00fclt\u00e9ri telep\u00edt\u00e9sekhez<br \/>\n&#8211; Robusztus telep\u00edt\u00e9s<br \/>\n&#8211; Plug-and-play telep\u00edt\u00e9s<\/p>\n<p>Az oszloptart\u00f3 k\u00fclt\u00e9ri PoE Midspans NPD-6001C-E \/ NPD-6001C-EBT \u00e9s NPD-9001-E \/ NPD-9001-EBT eszk\u00f6z\u00f6kkel t\u00f6rt\u00e9n\u0151 telep\u00edt\u00e9sre k\u00e9sz\u00fclt. Az oszloptart\u00f3 fali telep\u00edt\u00e9shez, valamint kis \u00e9s nagy oszlopokhoz (ak\u00e1r 203,2 mm \/ 8 h\u00fcvelyk \u00e1tm\u00e9r\u0151ig) haszn\u00e1lhat\u00f3.<\/p>\n","protected":false},"excerpt":{"rendered":"<p>Rendel\u00e9si k\u00f3d: F.01U.402.626<\/p>\n","protected":false},"featured_media":9671,"template":"","meta":[],"product_brand":[],"product_cat":[321],"product_tag":[25],"class_list":{"0":"post-9672","1":"product","2":"type-product","3":"status-publish","4":"has-post-thumbnail","6":"product_cat-tapegysegek-kabelek-csatlakozok","7":"product_tag-bosch","9":"first","10":"instock","11":"taxable","12":"shipping-taxable","13":"purchasable","14":"product-type-simple"},"jetpack_sharing_enabled":true,"_links":{"self":[{"href":"https:\/\/bpont.hu\/shop\/index.php\/wp-json\/wp\/v2\/product\/9672","targetHints":{"allow":["GET"]}}],"collection":[{"href":"https:\/\/bpont.hu\/shop\/index.php\/wp-json\/wp\/v2\/product"}],"about":[{"href":"https:\/\/bpont.hu\/shop\/index.php\/wp-json\/wp\/v2\/types\/product"}],"version-history":[{"count":0,"href":"https:\/\/bpont.hu\/shop\/index.php\/wp-json\/wp\/v2\/product\/9672\/revisions"}],"wp:featuredmedia":[{"embeddable":true,"href":"https:\/\/bpont.hu\/shop\/index.php\/wp-json\/wp\/v2\/media\/9671"}],"wp:attachment":[{"href":"https:\/\/bpont.hu\/shop\/index.php\/wp-json\/wp\/v2\/media?parent=9672"}],"wp:term":[{"taxonomy":"product_brand","embeddable":true,"href":"https:\/\/bpont.hu\/shop\/index.php\/wp-json\/wp\/v2\/product_brand?post=9672"},{"taxonomy":"product_cat","embeddable":true,"href":"https:\/\/bpont.hu\/shop\/index.php\/wp-json\/wp\/v2\/product_cat?post=9672"},{"taxonomy":"product_tag","embeddable":true,"href":"https:\/\/bpont.hu\/shop\/index.php\/wp-json\/wp\/v2\/product_tag?post=9672"}],"curies":[{"name":"wp","href":"https:\/\/api.w.org\/{rel}","templated":true}]}}