{"id":9670,"date":"2025-10-08T16:02:16","date_gmt":"2025-10-08T14:02:16","guid":{"rendered":"https:\/\/bpont.hu\/shop\/index.php\/product\/npd-6001-iipari-tapfelado-belteri-60w\/"},"modified":"2026-05-05T14:46:46","modified_gmt":"2026-05-05T12:46:46","slug":"npd-6001-iipari-tapfelado-belteri-60w","status":"publish","type":"product","link":"https:\/\/bpont.hu\/shop\/index.php\/product\/npd-6001-iipari-tapfelado-belteri-60w\/","title":{"rendered":"NPD-6001-I<br>Ipari T\u00e1pfelad\u00f3 belt\u00e9ri 60W"},"content":{"rendered":"<p>NPD-6001-I<\/p>\n<p>&#8211; Megk\u00f6nny\u00edti a PoE kamer\u00e1k telep\u00edt\u00e9s\u00e9t<br \/>\n&#8211; Csatlakoztasd \u00e9s haszn\u00e1ld telep\u00edt\u00e9s k\u00f6zben<br \/>\n&#8211; Ipari besorol\u00e1s\u00fa<br \/>\n&#8211; DIN-be szerel\u00e9s t\u00e1mogat\u00e1sa<br \/>\n&#8211; Sz\u00e9les \u00fczemi h\u0151m\u00e9rs\u00e9klet-tartom\u00e1ny<\/p>\n<p>Az ipari alkalmaz\u00e1sokhoz k\u00e9sz\u00fclt PoE midspan lehet\u0151v\u00e9 teszi a Bosch kompatibilis IP-kamer\u00e1inak t\u00e1voli PoE t\u00e1pell\u00e1t\u00e1s\u00e1t. A PoE midspan maximum 60 W-ot gener\u00e1l, \u00e9s megfelel az IEEE 802.3bt szabv\u00e1nynak.<\/p>\n","protected":false},"excerpt":{"rendered":"<p>Rendel\u00e9si k\u00f3d: F.01U.398.269<\/p>\n","protected":false},"featured_media":9669,"template":"","meta":[],"product_brand":[],"product_cat":[321],"product_tag":[25],"class_list":{"0":"post-9670","1":"product","2":"type-product","3":"status-publish","4":"has-post-thumbnail","6":"product_cat-tapegysegek-kabelek-csatlakozok","7":"product_tag-bosch","9":"first","10":"instock","11":"taxable","12":"shipping-taxable","13":"purchasable","14":"product-type-simple"},"jetpack_sharing_enabled":true,"_links":{"self":[{"href":"https:\/\/bpont.hu\/shop\/index.php\/wp-json\/wp\/v2\/product\/9670","targetHints":{"allow":["GET"]}}],"collection":[{"href":"https:\/\/bpont.hu\/shop\/index.php\/wp-json\/wp\/v2\/product"}],"about":[{"href":"https:\/\/bpont.hu\/shop\/index.php\/wp-json\/wp\/v2\/types\/product"}],"version-history":[{"count":0,"href":"https:\/\/bpont.hu\/shop\/index.php\/wp-json\/wp\/v2\/product\/9670\/revisions"}],"wp:featuredmedia":[{"embeddable":true,"href":"https:\/\/bpont.hu\/shop\/index.php\/wp-json\/wp\/v2\/media\/9669"}],"wp:attachment":[{"href":"https:\/\/bpont.hu\/shop\/index.php\/wp-json\/wp\/v2\/media?parent=9670"}],"wp:term":[{"taxonomy":"product_brand","embeddable":true,"href":"https:\/\/bpont.hu\/shop\/index.php\/wp-json\/wp\/v2\/product_brand?post=9670"},{"taxonomy":"product_cat","embeddable":true,"href":"https:\/\/bpont.hu\/shop\/index.php\/wp-json\/wp\/v2\/product_cat?post=9670"},{"taxonomy":"product_tag","embeddable":true,"href":"https:\/\/bpont.hu\/shop\/index.php\/wp-json\/wp\/v2\/product_tag?post=9670"}],"curies":[{"name":"wp","href":"https:\/\/api.w.org\/{rel}","templated":true}]}}