{"id":9668,"date":"2025-10-08T16:02:16","date_gmt":"2025-10-08T14:02:16","guid":{"rendered":"https:\/\/bpont.hu\/shop\/index.php\/product\/npd-9001-etapfelado-kulteri-90w-ip67\/"},"modified":"2026-05-05T14:46:46","modified_gmt":"2026-05-05T12:46:46","slug":"npd-9001-etapfelado-kulteri-90w-ip67","status":"publish","type":"product","link":"https:\/\/bpont.hu\/shop\/index.php\/product\/npd-9001-etapfelado-kulteri-90w-ip67\/","title":{"rendered":"NPD-9001-E<br>T\u00e1pfelad\u00f3 k\u00fclt\u00e9ri 90W IP67"},"content":{"rendered":"<p>NPD-9001-E<\/p>\n<p>&#8211; Megk\u00f6nny\u00edti a PoE kamer\u00e1k telep\u00edt\u00e9s\u00e9t<br \/>\n&#8211; Csatlakoztasd \u00e9s haszn\u00e1ld telep\u00edt\u00e9s k\u00f6zben<br \/>\n&#8211; K\u00fclt\u00e9ri haszn\u00e1latra<br \/>\n&#8211; Integr\u00e1lt 6 kV-os t\u00falfesz\u00fclts\u00e9g-v\u00e9delmet tartalmaz<\/p>\n<p>A k\u00fclt\u00e9ri telep\u00edt\u00e9sekhez k\u00e9sz\u00fclt PoE Midspan lehet\u0151v\u00e9 teszi a Bosch kompatibilis IP PTZ kamer\u00e1inak t\u00e1voli PoE t\u00e1pell\u00e1t\u00e1s\u00e1t. A PoE Midspan maximum 90 W teljes\u00edtm\u00e9nyt gener\u00e1l, \u00e9s megfelel az IEEE 802.3 af\/at\/bt szabv\u00e1nyoknak. A PoE Midspan t\u00falfesz\u00fclts\u00e9g-v\u00e9delmet is k\u00edn\u00e1l mind az AC, mind a PoE portokhoz, hogy megv\u00e9dje a belt\u00e9ri berendez\u00e9seket a k\u00fclt\u00e9ri t\u00falfesz\u00fclts\u00e9gekt\u0151l.<\/p>\n","protected":false},"excerpt":{"rendered":"<p>Rendel\u00e9si k\u00f3d: F.01U.398.268<\/p>\n","protected":false},"featured_media":9666,"template":"","meta":[],"product_brand":[],"product_cat":[321],"product_tag":[25],"class_list":{"0":"post-9668","1":"product","2":"type-product","3":"status-publish","4":"has-post-thumbnail","6":"product_cat-tapegysegek-kabelek-csatlakozok","7":"product_tag-bosch","9":"first","10":"instock","11":"taxable","12":"shipping-taxable","13":"purchasable","14":"product-type-simple"},"jetpack_sharing_enabled":true,"_links":{"self":[{"href":"https:\/\/bpont.hu\/shop\/index.php\/wp-json\/wp\/v2\/product\/9668","targetHints":{"allow":["GET"]}}],"collection":[{"href":"https:\/\/bpont.hu\/shop\/index.php\/wp-json\/wp\/v2\/product"}],"about":[{"href":"https:\/\/bpont.hu\/shop\/index.php\/wp-json\/wp\/v2\/types\/product"}],"version-history":[{"count":0,"href":"https:\/\/bpont.hu\/shop\/index.php\/wp-json\/wp\/v2\/product\/9668\/revisions"}],"wp:featuredmedia":[{"embeddable":true,"href":"https:\/\/bpont.hu\/shop\/index.php\/wp-json\/wp\/v2\/media\/9666"}],"wp:attachment":[{"href":"https:\/\/bpont.hu\/shop\/index.php\/wp-json\/wp\/v2\/media?parent=9668"}],"wp:term":[{"taxonomy":"product_brand","embeddable":true,"href":"https:\/\/bpont.hu\/shop\/index.php\/wp-json\/wp\/v2\/product_brand?post=9668"},{"taxonomy":"product_cat","embeddable":true,"href":"https:\/\/bpont.hu\/shop\/index.php\/wp-json\/wp\/v2\/product_cat?post=9668"},{"taxonomy":"product_tag","embeddable":true,"href":"https:\/\/bpont.hu\/shop\/index.php\/wp-json\/wp\/v2\/product_tag?post=9668"}],"curies":[{"name":"wp","href":"https:\/\/api.w.org\/{rel}","templated":true}]}}