{"id":9665,"date":"2025-10-08T16:02:15","date_gmt":"2025-10-08T14:02:15","guid":{"rendered":"https:\/\/bpont.hu\/shop\/index.php\/product\/npd-6001ctapfelado-belteri-60w\/"},"modified":"2026-05-05T14:46:46","modified_gmt":"2026-05-05T12:46:46","slug":"npd-6001ctapfelado-belteri-60w","status":"publish","type":"product","link":"https:\/\/bpont.hu\/shop\/index.php\/product\/npd-6001ctapfelado-belteri-60w\/","title":{"rendered":"NPD-6001C<br>T\u00e1pfelad\u00f3 belt\u00e9ri 60W"},"content":{"rendered":"<p>NPD-6001C<\/p>\n<p>&#8211; Megk\u00f6nny\u00edti a PoE kamer\u00e1k telep\u00edt\u00e9s\u00e9t<br \/>\n&#8211; Csatlakoztasd \u00e9s haszn\u00e1ld telep\u00edt\u00e9sre<br \/>\n&#8211; Biztons\u00e1gos: az alacsony fogyaszt\u00e1s\u00fa eszk\u00f6z\u00f6k csak a sz\u00fcks\u00e9ges energi\u00e1t kapj\u00e1k<br \/>\n&#8211; A nem szabv\u00e1nyos Ethernet-termin\u00e1lok automatikus felismer\u00e9se \u00e9s v\u00e9delme<br \/>\n&#8211; Kompakt kialak\u00edt\u00e1s\u00e1nak k\u00f6sz\u00f6nhet\u0151en k\u00f6nnyen illeszkedik WLAN hozz\u00e1f\u00e9r\u00e9si pontokba \u00e9s IP-kamer\u00e1kba<\/p>\n<p>A PoE Midspan lehet\u0151v\u00e9 teszi a t\u00e1voli PoE t\u00e1pell\u00e1t\u00e1st a Bosch kompatibilis IP PTZ kamer\u00e1ihoz. A PoE Midspan maximum 60 W-ot termel, \u00e9s megfelel az IEEE 802.3bt szabv\u00e1nynak. <\/p>\n","protected":false},"excerpt":{"rendered":"<p>Rendel\u00e9si k\u00f3d: F.01U.398.266<\/p>\n","protected":false},"featured_media":9664,"template":"","meta":[],"product_brand":[],"product_cat":[321],"product_tag":[25],"class_list":{"0":"post-9665","1":"product","2":"type-product","3":"status-publish","4":"has-post-thumbnail","6":"product_cat-tapegysegek-kabelek-csatlakozok","7":"product_tag-bosch","9":"first","10":"instock","11":"taxable","12":"shipping-taxable","13":"purchasable","14":"product-type-simple"},"jetpack_sharing_enabled":true,"_links":{"self":[{"href":"https:\/\/bpont.hu\/shop\/index.php\/wp-json\/wp\/v2\/product\/9665","targetHints":{"allow":["GET"]}}],"collection":[{"href":"https:\/\/bpont.hu\/shop\/index.php\/wp-json\/wp\/v2\/product"}],"about":[{"href":"https:\/\/bpont.hu\/shop\/index.php\/wp-json\/wp\/v2\/types\/product"}],"version-history":[{"count":0,"href":"https:\/\/bpont.hu\/shop\/index.php\/wp-json\/wp\/v2\/product\/9665\/revisions"}],"wp:featuredmedia":[{"embeddable":true,"href":"https:\/\/bpont.hu\/shop\/index.php\/wp-json\/wp\/v2\/media\/9664"}],"wp:attachment":[{"href":"https:\/\/bpont.hu\/shop\/index.php\/wp-json\/wp\/v2\/media?parent=9665"}],"wp:term":[{"taxonomy":"product_brand","embeddable":true,"href":"https:\/\/bpont.hu\/shop\/index.php\/wp-json\/wp\/v2\/product_brand?post=9665"},{"taxonomy":"product_cat","embeddable":true,"href":"https:\/\/bpont.hu\/shop\/index.php\/wp-json\/wp\/v2\/product_cat?post=9665"},{"taxonomy":"product_tag","embeddable":true,"href":"https:\/\/bpont.hu\/shop\/index.php\/wp-json\/wp\/v2\/product_tag?post=9665"}],"curies":[{"name":"wp","href":"https:\/\/api.w.org\/{rel}","templated":true}]}}