{"id":9663,"date":"2025-10-08T16:02:14","date_gmt":"2025-10-08T14:02:14","guid":{"rendered":"https:\/\/bpont.hu\/shop\/index.php\/product\/nda-9501-pmaoszlopra-szerelheto-adapter-npd-9501-e-hez\/"},"modified":"2026-05-05T14:46:46","modified_gmt":"2026-05-05T12:46:46","slug":"nda-9501-pmaoszlopra-szerelheto-adapter-npd-9501-e-hez","status":"publish","type":"product","link":"https:\/\/bpont.hu\/shop\/index.php\/product\/nda-9501-pmaoszlopra-szerelheto-adapter-npd-9501-e-hez\/","title":{"rendered":"NDA-9501-PMA<br>Oszlopra szerelhet\u0151 adapter NPD-9501-E&#8211;hez"},"content":{"rendered":"<p>NDA-9501-PMA<\/p>\n<p>&#8211; \u00dagy tervezt\u00e9k, hogy ellen\u00e1lljon a zord k\u00f6rnyezeti felt\u00e9teleknek, bele\u00e9rtve az es\u0151t \u00e9s a p\u00e1ratartalmat.<br \/>\n&#8211; Kis \u00e9s nagy, 25,4 mm \u00e9s 203,2 mm (1\u20138 h\u00fcvelyk) k\u00f6z\u00f6tti \u00e1tm\u00e9r\u0151j\u0171 oszlopokra szerelhet\u0151.<br \/>\n&#8211; K\u00f6nnyen telep\u00edthet\u0151.<\/p>\n<p>Ez az oszlopr\u00f6gz\u00edt\u0151 adapter lehet\u0151s\u00e9get ad arra, hogy k\u00fclt\u00e9ri t\u00e1pfelad\u00f3t (NPD-9501-E) szereljen az oszlopra.<\/p>\n","protected":false},"excerpt":{"rendered":"<p>Rendel\u00e9si k\u00f3d: F.01U.374.407<\/p>\n","protected":false},"featured_media":9662,"template":"","meta":[],"product_brand":[],"product_cat":[321],"product_tag":[25],"class_list":{"0":"post-9663","1":"product","2":"type-product","3":"status-publish","4":"has-post-thumbnail","6":"product_cat-tapegysegek-kabelek-csatlakozok","7":"product_tag-bosch","9":"first","10":"instock","11":"taxable","12":"shipping-taxable","13":"purchasable","14":"product-type-simple"},"jetpack_sharing_enabled":true,"_links":{"self":[{"href":"https:\/\/bpont.hu\/shop\/index.php\/wp-json\/wp\/v2\/product\/9663","targetHints":{"allow":["GET"]}}],"collection":[{"href":"https:\/\/bpont.hu\/shop\/index.php\/wp-json\/wp\/v2\/product"}],"about":[{"href":"https:\/\/bpont.hu\/shop\/index.php\/wp-json\/wp\/v2\/types\/product"}],"version-history":[{"count":0,"href":"https:\/\/bpont.hu\/shop\/index.php\/wp-json\/wp\/v2\/product\/9663\/revisions"}],"wp:featuredmedia":[{"embeddable":true,"href":"https:\/\/bpont.hu\/shop\/index.php\/wp-json\/wp\/v2\/media\/9662"}],"wp:attachment":[{"href":"https:\/\/bpont.hu\/shop\/index.php\/wp-json\/wp\/v2\/media?parent=9663"}],"wp:term":[{"taxonomy":"product_brand","embeddable":true,"href":"https:\/\/bpont.hu\/shop\/index.php\/wp-json\/wp\/v2\/product_brand?post=9663"},{"taxonomy":"product_cat","embeddable":true,"href":"https:\/\/bpont.hu\/shop\/index.php\/wp-json\/wp\/v2\/product_cat?post=9663"},{"taxonomy":"product_tag","embeddable":true,"href":"https:\/\/bpont.hu\/shop\/index.php\/wp-json\/wp\/v2\/product_tag?post=9663"}],"curies":[{"name":"wp","href":"https:\/\/api.w.org\/{rel}","templated":true}]}}