{"id":9659,"date":"2025-10-08T16:02:14","date_gmt":"2025-10-08T14:02:14","guid":{"rendered":"https:\/\/bpont.hu\/shop\/index.php\/product\/vda-pmt-domemennyezeti-tarto-flexidome-hoz\/"},"modified":"2026-03-11T16:40:59","modified_gmt":"2026-03-11T14:40:59","slug":"vda-pmt-domemennyezeti-tarto-flexidome-hoz","status":"publish","type":"product","link":"https:\/\/bpont.hu\/shop\/index.php\/product\/vda-pmt-domemennyezeti-tarto-flexidome-hoz\/","title":{"rendered":"VDA-PMT-DOME<br>Mennyezeti tart\u00f3 FLEXIDOME-hoz"},"content":{"rendered":"<p>VDA-PMT-DOME<\/p>\n<p>&#8211; Massz\u00edv konstrukci\u00f3<br \/>\n&#8211; K\u00f6nny\u0171 telep\u00edt\u00e9s<br \/>\n&#8211; \u00dcreges mag a k\u00e1belmentes megjelen\u00e9s\u00e9rt<br \/>\n&#8211; Massz\u00edv 4 csavaros r\u00f6gz\u00edt\u00e9s<\/p>\n<p>Ez a cs\u0151tart\u00f3 kifejezetten d\u00f3mkamer\u00e1khoz k\u00e9sz\u00fclt. A tart\u00f3 k\u00f6nnyen telep\u00edthet\u0151 \u00e9s massz\u00edv szerkezet\u0171.<\/p>\n","protected":false},"excerpt":{"rendered":"<p>Rendel\u00e9si k\u00f3d: F.01U.167.532<\/p>\n","protected":false},"featured_media":9658,"template":"","meta":[],"product_brand":[],"product_cat":[320],"product_tag":[25],"class_list":{"0":"post-9659","1":"product","2":"type-product","3":"status-publish","4":"has-post-thumbnail","6":"product_cat-kamerahazak-konzolok","7":"product_tag-bosch","9":"first","10":"instock","11":"taxable","12":"shipping-taxable","13":"purchasable","14":"product-type-simple"},"jetpack_sharing_enabled":true,"_links":{"self":[{"href":"https:\/\/bpont.hu\/shop\/index.php\/wp-json\/wp\/v2\/product\/9659","targetHints":{"allow":["GET"]}}],"collection":[{"href":"https:\/\/bpont.hu\/shop\/index.php\/wp-json\/wp\/v2\/product"}],"about":[{"href":"https:\/\/bpont.hu\/shop\/index.php\/wp-json\/wp\/v2\/types\/product"}],"version-history":[{"count":0,"href":"https:\/\/bpont.hu\/shop\/index.php\/wp-json\/wp\/v2\/product\/9659\/revisions"}],"wp:featuredmedia":[{"embeddable":true,"href":"https:\/\/bpont.hu\/shop\/index.php\/wp-json\/wp\/v2\/media\/9658"}],"wp:attachment":[{"href":"https:\/\/bpont.hu\/shop\/index.php\/wp-json\/wp\/v2\/media?parent=9659"}],"wp:term":[{"taxonomy":"product_brand","embeddable":true,"href":"https:\/\/bpont.hu\/shop\/index.php\/wp-json\/wp\/v2\/product_brand?post=9659"},{"taxonomy":"product_cat","embeddable":true,"href":"https:\/\/bpont.hu\/shop\/index.php\/wp-json\/wp\/v2\/product_cat?post=9659"},{"taxonomy":"product_tag","embeddable":true,"href":"https:\/\/bpont.hu\/shop\/index.php\/wp-json\/wp\/v2\/product_tag?post=9659"}],"curies":[{"name":"wp","href":"https:\/\/api.w.org\/{rel}","templated":true}]}}