{"id":9655,"date":"2025-10-08T16:02:12","date_gmt":"2025-10-08T14:02:12","guid":{"rendered":"https:\/\/bpont.hu\/shop\/index.php\/product\/nda-u-cbbsszereloaljzat-flexidome-3100ir-hez\/"},"modified":"2026-03-11T16:40:59","modified_gmt":"2026-03-11T14:40:59","slug":"nda-u-cbbsszereloaljzat-flexidome-3100ir-hez","status":"publish","type":"product","link":"https:\/\/bpont.hu\/shop\/index.php\/product\/nda-u-cbbsszereloaljzat-flexidome-3100ir-hez\/","title":{"rendered":"NDA-U-CBBS<br>Szerel\u0151aljzat FLEXIDOME 3100IR-hez"},"content":{"rendered":"<p>NDA-U-CBBS<\/p>\n<p>&#8211; Modul\u00e1ris kialak\u00edt\u00e1s a gyors \u00e9s egyszer\u0171 telep\u00edt\u00e9s \u00e9rdek\u00e9ben<br \/>\n&#8211; Id\u0151j\u00e1r\u00e1s\u00e1ll\u00f3 bevonat a eszt\u00e9tikus megjelen\u00e9s meg\u0151rz\u00e9se \u00e9rdek\u00e9ben<br \/>\n&#8211; Vand\u00e1lbiztos kialak\u00edt\u00e1s<br \/>\n&#8211; \u00dct\u00e9s-, \u00fct\u00e9s- \u00e9s rezg\u00e9s\u00e1ll\u00f3<\/p>\n","protected":false},"excerpt":{"rendered":"<p>Rendel\u00e9si k\u00f3d: F.01U.418.262<\/p>\n","protected":false},"featured_media":9654,"template":"","meta":[],"product_brand":[],"product_cat":[320],"product_tag":[25],"class_list":{"0":"post-9655","1":"product","2":"type-product","3":"status-publish","4":"has-post-thumbnail","6":"product_cat-kamerahazak-konzolok","7":"product_tag-bosch","9":"first","10":"instock","11":"taxable","12":"shipping-taxable","13":"purchasable","14":"product-type-simple"},"jetpack_sharing_enabled":true,"_links":{"self":[{"href":"https:\/\/bpont.hu\/shop\/index.php\/wp-json\/wp\/v2\/product\/9655","targetHints":{"allow":["GET"]}}],"collection":[{"href":"https:\/\/bpont.hu\/shop\/index.php\/wp-json\/wp\/v2\/product"}],"about":[{"href":"https:\/\/bpont.hu\/shop\/index.php\/wp-json\/wp\/v2\/types\/product"}],"version-history":[{"count":0,"href":"https:\/\/bpont.hu\/shop\/index.php\/wp-json\/wp\/v2\/product\/9655\/revisions"}],"wp:featuredmedia":[{"embeddable":true,"href":"https:\/\/bpont.hu\/shop\/index.php\/wp-json\/wp\/v2\/media\/9654"}],"wp:attachment":[{"href":"https:\/\/bpont.hu\/shop\/index.php\/wp-json\/wp\/v2\/media?parent=9655"}],"wp:term":[{"taxonomy":"product_brand","embeddable":true,"href":"https:\/\/bpont.hu\/shop\/index.php\/wp-json\/wp\/v2\/product_brand?post=9655"},{"taxonomy":"product_cat","embeddable":true,"href":"https:\/\/bpont.hu\/shop\/index.php\/wp-json\/wp\/v2\/product_cat?post=9655"},{"taxonomy":"product_tag","embeddable":true,"href":"https:\/\/bpont.hu\/shop\/index.php\/wp-json\/wp\/v2\/product_tag?post=9655"}],"curies":[{"name":"wp","href":"https:\/\/api.w.org\/{rel}","templated":true}]}}