{"id":9639,"date":"2025-10-08T16:02:07","date_gmt":"2025-10-08T14:02:07","guid":{"rendered":"https:\/\/bpont.hu\/shop\/index.php\/product\/nda-3081-pcfestheto-takaro-belteri-microdome-3100i-hez-4db-csomag\/"},"modified":"2026-05-05T14:46:45","modified_gmt":"2026-05-05T12:46:45","slug":"nda-3081-pcfestheto-takaro-belteri-microdome-3100i-hez-4db-csomag","status":"publish","type":"product","link":"https:\/\/bpont.hu\/shop\/index.php\/product\/nda-3081-pcfestheto-takaro-belteri-microdome-3100i-hez-4db-csomag\/","title":{"rendered":"NDA-3081-PC<br>Festhet\u0151 takar\u00f3 Belt\u00e9ri Microdome 3100i-hez 4db\/csomag"},"content":{"rendered":"<p>NDA-3081-PC<\/p>\n<p>4db\/csomag! Rendel\u00e9s eset\u00e9n felfel\u00e9 kerek\u00edtj\u00fck a 4 t\u00f6bsz\u00f6r\u00f6s\u00e9hez.<\/p>\n<p>&#8211; K\u00f6nny\u0171 telep\u00edt\u00e9s<br \/>\n&#8211; Id\u0151j\u00e1r\u00e1s\u00e1ll\u00f3 bevonat a megjelen\u00e9s meg\u0151rz\u00e9se \u00e9rdek\u00e9ben<\/p>\n<p>A festhet\u0151 bor\u00edt\u00f3 kieg\u00e9sz\u00edt\u0151k seg\u00edts\u00e9g\u00e9vel testre szabhatja az eszk\u00f6z megjelen\u00e9s\u00e9t \u00e9s a k\u00f6rnyezet\u00e9hez igaz\u00edthatja azt.<\/p>\n","protected":false},"excerpt":{"rendered":"<p>Rendel\u00e9si k\u00f3d: F.01U.411.840<\/p>\n","protected":false},"featured_media":9638,"template":"","meta":[],"product_brand":[],"product_cat":[320],"product_tag":[25],"class_list":{"0":"post-9639","1":"product","2":"type-product","3":"status-publish","4":"has-post-thumbnail","6":"product_cat-kamerahazak-konzolok","7":"product_tag-bosch","9":"first","10":"instock","11":"taxable","12":"shipping-taxable","13":"purchasable","14":"product-type-simple"},"jetpack_sharing_enabled":true,"_links":{"self":[{"href":"https:\/\/bpont.hu\/shop\/index.php\/wp-json\/wp\/v2\/product\/9639","targetHints":{"allow":["GET"]}}],"collection":[{"href":"https:\/\/bpont.hu\/shop\/index.php\/wp-json\/wp\/v2\/product"}],"about":[{"href":"https:\/\/bpont.hu\/shop\/index.php\/wp-json\/wp\/v2\/types\/product"}],"version-history":[{"count":0,"href":"https:\/\/bpont.hu\/shop\/index.php\/wp-json\/wp\/v2\/product\/9639\/revisions"}],"wp:featuredmedia":[{"embeddable":true,"href":"https:\/\/bpont.hu\/shop\/index.php\/wp-json\/wp\/v2\/media\/9638"}],"wp:attachment":[{"href":"https:\/\/bpont.hu\/shop\/index.php\/wp-json\/wp\/v2\/media?parent=9639"}],"wp:term":[{"taxonomy":"product_brand","embeddable":true,"href":"https:\/\/bpont.hu\/shop\/index.php\/wp-json\/wp\/v2\/product_brand?post=9639"},{"taxonomy":"product_cat","embeddable":true,"href":"https:\/\/bpont.hu\/shop\/index.php\/wp-json\/wp\/v2\/product_cat?post=9639"},{"taxonomy":"product_tag","embeddable":true,"href":"https:\/\/bpont.hu\/shop\/index.php\/wp-json\/wp\/v2\/product_tag?post=9639"}],"curies":[{"name":"wp","href":"https:\/\/api.w.org\/{rel}","templated":true}]}}