{"id":9637,"date":"2025-10-08T16:02:06","date_gmt":"2025-10-08T14:02:06","guid":{"rendered":"https:\/\/bpont.hu\/shop\/index.php\/product\/nda-u-pmtsfuggesztett-csotarto-4inch\/"},"modified":"2026-03-11T16:40:58","modified_gmt":"2026-03-11T14:40:58","slug":"nda-u-pmtsfuggesztett-csotarto-4inch","status":"publish","type":"product","link":"https:\/\/bpont.hu\/shop\/index.php\/product\/nda-u-pmtsfuggesztett-csotarto-4inch\/","title":{"rendered":"NDA-U-PMTS<br>F\u00fcggesztett cs\u0151tart\u00f3 4INCH"},"content":{"rendered":"<p>NDA-U-PMTS<\/p>\n<p>&#8211; R\u00f6vid, f\u00fcgg\u0151 cs\u0151re szerelhet\u0151 tart\u00f3 felf\u00fcggesztett kamer\u00e1k telep\u00edt\u00e9s\u00e9hez<br \/>\n&#8211; Modul\u00e1ris kialak\u00edt\u00e1s a gyors \u00e9s egyszer\u0171 telep\u00edt\u00e9shez<br \/>\n&#8211; Id\u0151j\u00e1r\u00e1s\u00e1ll\u00f3 bevonat a megjelen\u00e9s meg\u0151rz\u00e9se \u00e9rdek\u00e9ben<br \/>\n&#8211; Vand\u00e1lbiztos kialak\u00edt\u00e1s belt\u00e9ri \u00e9s k\u00fclt\u00e9ri haszn\u00e1latra<\/p>\n<p>A modul\u00e1ris kameratart\u00f3k \u00e9s tartoz\u00e9kok, r\u00f6gz\u00edt\u0151 adapterek, f\u00fcgg\u0151 interf\u00e9sz-lemezek \u00e9s dobozok csal\u00e1dj\u00e1t alkotj\u00e1k, amelyek a Bosch kamer\u00e1k sz\u00e9les sk\u00e1l\u00e1j\u00e1val haszn\u00e1lhat\u00f3k. A tartoz\u00e9kok k\u00f6nnyen telep\u00edthet\u0151k \u00e9s kombin\u00e1lhat\u00f3k, hogy egyszer\u0171s\u00edts\u00e9k a telep\u00edt\u00e9st t\u00f6bb helysz\u00ednen, mik\u00f6zben meg\u0151rzik ugyanazt a megjelen\u00e9st \u00e9s \u00e9rzetet.<\/p>\n","protected":false},"excerpt":{"rendered":"<p>Rendel\u00e9si k\u00f3d: F.01U.385.046<\/p>\n","protected":false},"featured_media":9636,"template":"","meta":[],"product_brand":[],"product_cat":[320],"product_tag":[25],"class_list":{"0":"post-9637","1":"product","2":"type-product","3":"status-publish","4":"has-post-thumbnail","6":"product_cat-kamerahazak-konzolok","7":"product_tag-bosch","9":"first","10":"instock","11":"taxable","12":"shipping-taxable","13":"purchasable","14":"product-type-simple"},"jetpack_sharing_enabled":true,"_links":{"self":[{"href":"https:\/\/bpont.hu\/shop\/index.php\/wp-json\/wp\/v2\/product\/9637","targetHints":{"allow":["GET"]}}],"collection":[{"href":"https:\/\/bpont.hu\/shop\/index.php\/wp-json\/wp\/v2\/product"}],"about":[{"href":"https:\/\/bpont.hu\/shop\/index.php\/wp-json\/wp\/v2\/types\/product"}],"version-history":[{"count":0,"href":"https:\/\/bpont.hu\/shop\/index.php\/wp-json\/wp\/v2\/product\/9637\/revisions"}],"wp:featuredmedia":[{"embeddable":true,"href":"https:\/\/bpont.hu\/shop\/index.php\/wp-json\/wp\/v2\/media\/9636"}],"wp:attachment":[{"href":"https:\/\/bpont.hu\/shop\/index.php\/wp-json\/wp\/v2\/media?parent=9637"}],"wp:term":[{"taxonomy":"product_brand","embeddable":true,"href":"https:\/\/bpont.hu\/shop\/index.php\/wp-json\/wp\/v2\/product_brand?post=9637"},{"taxonomy":"product_cat","embeddable":true,"href":"https:\/\/bpont.hu\/shop\/index.php\/wp-json\/wp\/v2\/product_cat?post=9637"},{"taxonomy":"product_tag","embeddable":true,"href":"https:\/\/bpont.hu\/shop\/index.php\/wp-json\/wp\/v2\/product_tag?post=9637"}],"curies":[{"name":"wp","href":"https:\/\/api.w.org\/{rel}","templated":true}]}}