{"id":9628,"date":"2025-10-08T16:02:04","date_gmt":"2025-10-08T14:02:04","guid":{"rendered":"https:\/\/bpont.hu\/shop\/index.php\/product\/ltc-9219-01j-alaku-mennyezeti-tarto-15-inch-5kg\/"},"modified":"2026-05-05T14:46:45","modified_gmt":"2026-05-05T12:46:45","slug":"ltc-9219-01j-alaku-mennyezeti-tarto-15-inch-5kg","status":"publish","type":"product","link":"https:\/\/bpont.hu\/shop\/index.php\/product\/ltc-9219-01j-alaku-mennyezeti-tarto-15-inch-5kg\/","title":{"rendered":"LTC 9219\/01<br>J alak\u00fa mennyezeti tart\u00f3 15 INCH 5kg"},"content":{"rendered":"<p>LTC 9219\/01<\/p>\n<p>&#8211; \u00c1tvezet\u0151 kialak\u00edt\u00e1s a k\u00e1belrendez\u00e9shez<br \/>\n&#8211; Korr\u00f3zi\u00f3\u00e1ll\u00f3 bevonat<br \/>\n&#8211; \u00c1ll\u00edthat\u00f3 r\u00f6gz\u00edt\u0151fejek: 360\u00b0-os forgat\u00e1s, 180\u00b0-os d\u00f6nt\u00e9s<br \/>\n&#8211; K\u00f6nny\u0171, sokoldal\u00fa kialak\u00edt\u00e1s<\/p>\n<p>Az LTC 9210\/01, LTC 9215\/00, LTC 9215\/00S, LTC 9219\/01 \u00e9s LTC 9223\/01 \u00e1tvezet\u0151 tart\u00f3k belt\u00e9ri\/k\u00fclt\u00e9ri r\u00f6gz\u00edt\u0151egys\u00e9gek, amelyeket fix kamer\u00e1khoz vagy kamerah\u00e1zakhoz terveztek, legfeljebb 5 kg-os (11 font) n\u00e9vleges terhel\u00e9ssel.<\/p>\n","protected":false},"excerpt":{"rendered":"<p>Rendel\u00e9si k\u00f3d: F.01U.503.623<\/p>\n","protected":false},"featured_media":9627,"template":"","meta":[],"product_brand":[],"product_cat":[320],"product_tag":[25],"class_list":{"0":"post-9628","1":"product","2":"type-product","3":"status-publish","4":"has-post-thumbnail","6":"product_cat-kamerahazak-konzolok","7":"product_tag-bosch","9":"first","10":"instock","11":"taxable","12":"shipping-taxable","13":"purchasable","14":"product-type-simple"},"jetpack_sharing_enabled":true,"_links":{"self":[{"href":"https:\/\/bpont.hu\/shop\/index.php\/wp-json\/wp\/v2\/product\/9628","targetHints":{"allow":["GET"]}}],"collection":[{"href":"https:\/\/bpont.hu\/shop\/index.php\/wp-json\/wp\/v2\/product"}],"about":[{"href":"https:\/\/bpont.hu\/shop\/index.php\/wp-json\/wp\/v2\/types\/product"}],"version-history":[{"count":0,"href":"https:\/\/bpont.hu\/shop\/index.php\/wp-json\/wp\/v2\/product\/9628\/revisions"}],"wp:featuredmedia":[{"embeddable":true,"href":"https:\/\/bpont.hu\/shop\/index.php\/wp-json\/wp\/v2\/media\/9627"}],"wp:attachment":[{"href":"https:\/\/bpont.hu\/shop\/index.php\/wp-json\/wp\/v2\/media?parent=9628"}],"wp:term":[{"taxonomy":"product_brand","embeddable":true,"href":"https:\/\/bpont.hu\/shop\/index.php\/wp-json\/wp\/v2\/product_brand?post=9628"},{"taxonomy":"product_cat","embeddable":true,"href":"https:\/\/bpont.hu\/shop\/index.php\/wp-json\/wp\/v2\/product_cat?post=9628"},{"taxonomy":"product_tag","embeddable":true,"href":"https:\/\/bpont.hu\/shop\/index.php\/wp-json\/wp\/v2\/product_tag?post=9628"}],"curies":[{"name":"wp","href":"https:\/\/api.w.org\/{rel}","templated":true}]}}