{"id":9616,"date":"2025-10-08T16:02:02","date_gmt":"2025-10-08T14:02:02","guid":{"rendered":"https:\/\/bpont.hu\/shop\/index.php\/product\/umm-led27-sd27-inch-monitorhoz-asztali-tarto\/"},"modified":"2026-03-11T16:40:58","modified_gmt":"2026-03-11T14:40:58","slug":"umm-led27-sd27-inch-monitorhoz-asztali-tarto","status":"publish","type":"product","link":"https:\/\/bpont.hu\/shop\/index.php\/product\/umm-led27-sd27-inch-monitorhoz-asztali-tarto\/","title":{"rendered":"UMM-LED27-SD<br>27 inch monitorhoz asztali tart\u00f3"},"content":{"rendered":"<p>UMM-LED27-SD<\/p>\n<p>&#8211;  25\u00b0 \u00e9s -5\u00b0 k\u00f6z\u00f6tt d\u00f6nthet\u0151<br \/>\n&#8211; 360\u00b0-os forgat\u00e1s<br \/>\n&#8211; Forgat\u00e1s<br \/>\n&#8211; K\u00e1belrendez\u00e9s<br \/>\n&#8211; Magass\u00e1g\u00e1ll\u00edt\u00e1s<\/p>\n","protected":false},"excerpt":{"rendered":"<p>Rendel\u00e9si k\u00f3d: F.01U.354.300<\/p>\n","protected":false},"featured_media":9615,"template":"","meta":[],"product_brand":[],"product_cat":[318],"product_tag":[25],"class_list":{"0":"post-9616","1":"product","2":"type-product","3":"status-publish","4":"has-post-thumbnail","6":"product_cat-megjelenitok-monitorok","7":"product_tag-bosch","9":"first","10":"instock","11":"taxable","12":"shipping-taxable","13":"purchasable","14":"product-type-simple"},"jetpack_sharing_enabled":true,"_links":{"self":[{"href":"https:\/\/bpont.hu\/shop\/index.php\/wp-json\/wp\/v2\/product\/9616","targetHints":{"allow":["GET"]}}],"collection":[{"href":"https:\/\/bpont.hu\/shop\/index.php\/wp-json\/wp\/v2\/product"}],"about":[{"href":"https:\/\/bpont.hu\/shop\/index.php\/wp-json\/wp\/v2\/types\/product"}],"version-history":[{"count":0,"href":"https:\/\/bpont.hu\/shop\/index.php\/wp-json\/wp\/v2\/product\/9616\/revisions"}],"wp:featuredmedia":[{"embeddable":true,"href":"https:\/\/bpont.hu\/shop\/index.php\/wp-json\/wp\/v2\/media\/9615"}],"wp:attachment":[{"href":"https:\/\/bpont.hu\/shop\/index.php\/wp-json\/wp\/v2\/media?parent=9616"}],"wp:term":[{"taxonomy":"product_brand","embeddable":true,"href":"https:\/\/bpont.hu\/shop\/index.php\/wp-json\/wp\/v2\/product_brand?post=9616"},{"taxonomy":"product_cat","embeddable":true,"href":"https:\/\/bpont.hu\/shop\/index.php\/wp-json\/wp\/v2\/product_cat?post=9616"},{"taxonomy":"product_tag","embeddable":true,"href":"https:\/\/bpont.hu\/shop\/index.php\/wp-json\/wp\/v2\/product_tag?post=9616"}],"curies":[{"name":"wp","href":"https:\/\/api.w.org\/{rel}","templated":true}]}}