{"id":9613,"date":"2025-10-08T16:02:01","date_gmt":"2025-10-08T14:02:01","guid":{"rendered":"https:\/\/bpont.hu\/shop\/index.php\/product\/uml-245-9023-8-inch-fhd-led-monitor\/"},"modified":"2026-03-11T16:40:57","modified_gmt":"2026-03-11T14:40:57","slug":"uml-245-9023-8-inch-fhd-led-monitor","status":"publish","type":"product","link":"https:\/\/bpont.hu\/shop\/index.php\/product\/uml-245-9023-8-inch-fhd-led-monitor\/","title":{"rendered":"UML-245-90<br>23.8 inch FHD LED monitor"},"content":{"rendered":"<p>UML-245-90<\/p>\n<p>&#8211; Megfelel a Delta E2000 < 2 szabv\u00e1nynak a val\u00f3di sz\u00ednteljes\u00edtm\u00e9ny biztos\u00edt\u00e1sa \u00e9rdek\u00e9ben\n- Prec\u00edz sz\u00ednvisszaad\u00e1s \u00e9s k\u00e9pbe\u00e9g\u00e9s elleni v\u00e9delem\n- Megfelel az IEC61000-4-2 fesz\u00fclts\u00e9ges\u00e9s-t\u0171r\u00e9si szabv\u00e1nynak\n- LED-es h\u00e1tt\u00e9rvil\u00e1g\u00edt\u00e1s\u00fa panel a nagyobb f\u00e9nyer\u0151 \u00e9s alacsony energiafogyaszt\u00e1s \u00e9rdek\u00e9ben\n- Automatikus csatornav\u00e1lt\u00e1s\n\nA Bosch nagy teljes\u00edtm\u00e9ny\u0171 LED-monitor egy kiv\u00e1l\u00f3 min\u0151s\u00e9g\u0171 monitor, amely ide\u00e1lis videomegfigyel\u0151 k\u00f6rnyezetben val\u00f3 haszn\u00e1latra. A monitor sz\u00ednes LCD s\u00edkk\u00e9perny\u0151s panellel rendelkezik Full HD felbont\u00e1sban \u00e9s 23,8 h\u00fcvelykes l\u00e1that\u00f3 k\u00e9pter\u00fclettel. Sz\u00e9les v\u00edzszintes \u00e9s f\u00fcgg\u0151leges betekint\u00e9si sz\u00f6gekkel, prec\u00edz sz\u00ednvisszaad\u00e1ssal \u00e9s k\u00e9pbe\u00e9g\u00e9s elleni v\u00e9delemmel rendelkezik.\n<\/p>\n","protected":false},"excerpt":{"rendered":"<p>Rendel\u00e9si k\u00f3d: F.01U.383.603<\/p>\n","protected":false},"featured_media":9612,"template":"","meta":[],"product_brand":[],"product_cat":[318],"product_tag":[25],"class_list":{"0":"post-9613","1":"product","2":"type-product","3":"status-publish","4":"has-post-thumbnail","6":"product_cat-megjelenitok-monitorok","7":"product_tag-bosch","9":"first","10":"instock","11":"taxable","12":"shipping-taxable","13":"purchasable","14":"product-type-simple"},"jetpack_sharing_enabled":true,"_links":{"self":[{"href":"https:\/\/bpont.hu\/shop\/index.php\/wp-json\/wp\/v2\/product\/9613","targetHints":{"allow":["GET"]}}],"collection":[{"href":"https:\/\/bpont.hu\/shop\/index.php\/wp-json\/wp\/v2\/product"}],"about":[{"href":"https:\/\/bpont.hu\/shop\/index.php\/wp-json\/wp\/v2\/types\/product"}],"version-history":[{"count":0,"href":"https:\/\/bpont.hu\/shop\/index.php\/wp-json\/wp\/v2\/product\/9613\/revisions"}],"wp:featuredmedia":[{"embeddable":true,"href":"https:\/\/bpont.hu\/shop\/index.php\/wp-json\/wp\/v2\/media\/9612"}],"wp:attachment":[{"href":"https:\/\/bpont.hu\/shop\/index.php\/wp-json\/wp\/v2\/media?parent=9613"}],"wp:term":[{"taxonomy":"product_brand","embeddable":true,"href":"https:\/\/bpont.hu\/shop\/index.php\/wp-json\/wp\/v2\/product_brand?post=9613"},{"taxonomy":"product_cat","embeddable":true,"href":"https:\/\/bpont.hu\/shop\/index.php\/wp-json\/wp\/v2\/product_cat?post=9613"},{"taxonomy":"product_tag","embeddable":true,"href":"https:\/\/bpont.hu\/shop\/index.php\/wp-json\/wp\/v2\/product_tag?post=9613"}],"curies":[{"name":"wp","href":"https:\/\/api.w.org\/{rel}","templated":true}]}}