{"id":9610,"date":"2025-10-08T16:01:57","date_gmt":"2025-10-08T14:01:57","guid":{"rendered":"https:\/\/bpont.hu\/shop\/index.php\/product\/mbv-blit-dipdivar-ip-license-lite-divar-ip-aio-4000-5000-hez-32-csatornaig\/"},"modified":"2026-03-11T16:40:57","modified_gmt":"2026-03-11T14:40:57","slug":"mbv-blit-dipdivar-ip-license-lite-divar-ip-aio-4000-5000-hez-32-csatornaig","status":"publish","type":"product","link":"https:\/\/bpont.hu\/shop\/index.php\/product\/mbv-blit-dipdivar-ip-license-lite-divar-ip-aio-4000-5000-hez-32-csatornaig\/","title":{"rendered":"MBV-BLIT-DIP<br>DIVAR IP License Lite DIVAR IP AIO 4000\/5000-hez 32 csatorn\u00e1ig"},"content":{"rendered":"<p>MBV-BLIT-DIP<\/p>\n<p>DIVAR IP AIO4000\/5000 alapban 8 csatorn\u00e1ra van el\u0151-licencelve, ez emelhet\u0151 fel 32 csatorn\u00e1ra.<\/p>\n","protected":false},"excerpt":{"rendered":"<p>Rendel\u00e9si k\u00f3d: F.01U.358.975<\/p>\n","protected":false},"featured_media":9198,"template":"","meta":[],"product_brand":[],"product_cat":[419],"product_tag":[25],"class_list":{"0":"post-9610","1":"product","2":"type-product","3":"status-publish","4":"has-post-thumbnail","6":"product_cat-rogzitok-es-licenc-ek","7":"product_tag-bosch","9":"first","10":"instock","11":"taxable","12":"shipping-taxable","13":"purchasable","14":"product-type-simple"},"jetpack_sharing_enabled":true,"_links":{"self":[{"href":"https:\/\/bpont.hu\/shop\/index.php\/wp-json\/wp\/v2\/product\/9610","targetHints":{"allow":["GET"]}}],"collection":[{"href":"https:\/\/bpont.hu\/shop\/index.php\/wp-json\/wp\/v2\/product"}],"about":[{"href":"https:\/\/bpont.hu\/shop\/index.php\/wp-json\/wp\/v2\/types\/product"}],"version-history":[{"count":0,"href":"https:\/\/bpont.hu\/shop\/index.php\/wp-json\/wp\/v2\/product\/9610\/revisions"}],"wp:featuredmedia":[{"embeddable":true,"href":"https:\/\/bpont.hu\/shop\/index.php\/wp-json\/wp\/v2\/media\/9198"}],"wp:attachment":[{"href":"https:\/\/bpont.hu\/shop\/index.php\/wp-json\/wp\/v2\/media?parent=9610"}],"wp:term":[{"taxonomy":"product_brand","embeddable":true,"href":"https:\/\/bpont.hu\/shop\/index.php\/wp-json\/wp\/v2\/product_brand?post=9610"},{"taxonomy":"product_cat","embeddable":true,"href":"https:\/\/bpont.hu\/shop\/index.php\/wp-json\/wp\/v2\/product_cat?post=9610"},{"taxonomy":"product_tag","embeddable":true,"href":"https:\/\/bpont.hu\/shop\/index.php\/wp-json\/wp\/v2\/product_tag?post=9610"}],"curies":[{"name":"wp","href":"https:\/\/api.w.org\/{rel}","templated":true}]}}