{"id":9590,"date":"2025-10-08T16:01:52","date_gmt":"2025-10-08T14:01:52","guid":{"rendered":"https:\/\/bpont.hu\/shop\/index.php\/product\/mvc-iva-ppeiva-pro-ppe\/"},"modified":"2026-03-11T16:40:56","modified_gmt":"2026-03-11T14:40:56","slug":"mvc-iva-ppeiva-pro-ppe","status":"publish","type":"product","link":"https:\/\/bpont.hu\/shop\/index.php\/product\/mvc-iva-ppeiva-pro-ppe\/","title":{"rendered":"MVC-IVA-PPE<br>IVA Pro PPE"},"content":{"rendered":"<p>MVC-IVA-PPE<\/p>\n<p>&#8211; Szem\u00e9lyi v\u00e9d\u0151felszerel\u00e9sek \u00e9szlel\u00e9se<br \/>\n&#8211; Biztons\u00e1gi el\u0151\u00edr\u00e1sok betart\u00e1s\u00e1nak t\u00e1mogat\u00e1sa \u00e9s a baleseti kock\u00e1zat cs\u00f6kkent\u00e9se<\/p>\n<p>Sz\u00e1mos kritikus infrastrukt\u00far\u00e1ban, korm\u00e1nyzati \u00e9s rep\u00fcl\u0151t\u00e9ri k\u00f6rnyezetben m\u0171k\u00f6d\u0151 szervezet szigor\u00fa biztons\u00e1gi el\u0151\u00edr\u00e1sokkal rendelkezik, amelyek el\u0151\u00edrj\u00e1k az alkalmazottak \u00e9s a l\u00e1togat\u00f3k sz\u00e1m\u00e1ra, hogy speci\u00e1lis szem\u00e9lyi v\u00e9d\u0151felszerel\u00e9st (PPE) viseljenek. Az OSHA \u00e1ltal meghat\u00e1rozott eg\u00e9szs\u00e9g\u00fcgyi \u00e9s biztons\u00e1gi protokollokat be nem tart\u00f3 v\u00e1llalatok h\u00e1tr\u00e1nyos helyzetbe ker\u00fclhetnek. Az Intelligent Video Analytics (IVA) Pro PPE (Szem\u00e9lyi V\u00e9d\u0151felszerel\u00e9s) egy \u00faj, alkalmaz\u00e1sspecifikus videoanalitikai szoftver, amelyet a szem\u00e9lyi v\u00e9d\u0151felszerel\u00e9sek megfelel\u0151 haszn\u00e1lat\u00e1nak \u00e9szlel\u00e9s\u00e9re \u00e9s hi\u00e1ny eset\u00e9n azonnali riaszt\u00e1sra terveztek. A szoftver jav\u00edthatja a biztons\u00e1gi el\u0151\u00edr\u00e1sok betart\u00e1s\u00e1t \u00e9s a m\u0171k\u00f6d\u00e9si hat\u00e9konys\u00e1got, potenci\u00e1lisan cs\u00f6kkentve a baleseti kock\u00e1zatot, \u00e9s el\u0151seg\u00edtve az eg\u00e9szs\u00e9get \u00e9s a biztons\u00e1got. Az IVA Pro PPE csatlakozik az IVA Pro fejlett, alkalmaz\u00e1sspecifikus mesters\u00e9ges intelligenci\u00e1n (MI) alapul\u00f3 videoanalitikai szoftvercsal\u00e1dj\u00e1hoz, amely kamer\u00e1inkhoz k\u00e9sz\u00fclt. Minden IVA Pro szoftver m\u00e9lyebb meg\u00e9rt\u00e9st biztos\u00edt a videomegfigyel\u0151 oper\u00e1torok sz\u00e1m\u00e1ra a jelenetekr\u0151l, \u00e9s \u00e9rt\u00e9kes betekint\u00e9st ny\u00fajt, lehet\u0151v\u00e9 t\u00e9ve a megalapozott d\u00f6nt\u00e9seket a gyors reag\u00e1l\u00e1s \u00e9rdek\u00e9ben.<\/p>\n","protected":false},"excerpt":{"rendered":"<p>Rendel\u00e9si k\u00f3d: F.01U.425.549<\/p>\n","protected":false},"featured_media":9198,"template":"","meta":[],"product_brand":[],"product_cat":[316],"product_tag":[25],"class_list":{"0":"post-9590","1":"product","2":"type-product","3":"status-publish","4":"has-post-thumbnail","6":"product_cat-szoftverek-licence-k","7":"product_tag-bosch","9":"first","10":"instock","11":"taxable","12":"shipping-taxable","13":"purchasable","14":"product-type-simple"},"jetpack_sharing_enabled":true,"_links":{"self":[{"href":"https:\/\/bpont.hu\/shop\/index.php\/wp-json\/wp\/v2\/product\/9590","targetHints":{"allow":["GET"]}}],"collection":[{"href":"https:\/\/bpont.hu\/shop\/index.php\/wp-json\/wp\/v2\/product"}],"about":[{"href":"https:\/\/bpont.hu\/shop\/index.php\/wp-json\/wp\/v2\/types\/product"}],"version-history":[{"count":0,"href":"https:\/\/bpont.hu\/shop\/index.php\/wp-json\/wp\/v2\/product\/9590\/revisions"}],"wp:featuredmedia":[{"embeddable":true,"href":"https:\/\/bpont.hu\/shop\/index.php\/wp-json\/wp\/v2\/media\/9198"}],"wp:attachment":[{"href":"https:\/\/bpont.hu\/shop\/index.php\/wp-json\/wp\/v2\/media?parent=9590"}],"wp:term":[{"taxonomy":"product_brand","embeddable":true,"href":"https:\/\/bpont.hu\/shop\/index.php\/wp-json\/wp\/v2\/product_brand?post=9590"},{"taxonomy":"product_cat","embeddable":true,"href":"https:\/\/bpont.hu\/shop\/index.php\/wp-json\/wp\/v2\/product_cat?post=9590"},{"taxonomy":"product_tag","embeddable":true,"href":"https:\/\/bpont.hu\/shop\/index.php\/wp-json\/wp\/v2\/product_tag?post=9590"}],"curies":[{"name":"wp","href":"https:\/\/api.w.org\/{rel}","templated":true}]}}