{"id":9589,"date":"2025-10-08T16:01:52","date_gmt":"2025-10-08T14:01:52","guid":{"rendered":"https:\/\/bpont.hu\/shop\/index.php\/product\/mvc-iva-itiva-pro-intelligent-tracking-pack-automatikus-kovetes\/"},"modified":"2026-03-11T16:40:56","modified_gmt":"2026-03-11T14:40:56","slug":"mvc-iva-itiva-pro-intelligent-tracking-pack-automatikus-kovetes","status":"publish","type":"product","link":"https:\/\/bpont.hu\/shop\/index.php\/product\/mvc-iva-itiva-pro-intelligent-tracking-pack-automatikus-kovetes\/","title":{"rendered":"MVC-IVA-IT<br>IVA Pro Intelligent Tracking Pack (Automatikus k\u00f6vet\u00e9s)"},"content":{"rendered":"<p>MVC-IVA-IT<\/p>\n<p>&#8211; AI-alap\u00fa automatikus k\u00f6vet\u00e9s a legjobb k\u00f6vet\u00e9si pontoss\u00e1g\u00e9rt t\u00f6megben vagy forgalmi jelenetekben<br \/>\n&#8211; Oszt\u00e1lyalap\u00fa automatikus k\u00f6vet\u00e9s<br \/>\n&#8211; AI-alap\u00fa objektum\u00e9szlel\u00e9s \u00e9s -k\u00f6vet\u00e9s a PTZ-kamera mozg\u00e1sa k\u00f6zben<\/p>\n<p>K\u00fcldet\u00e9s\u00fcnk, hogy seg\u00edts\u00fck a biztons\u00e1gi szakembereket, tan\u00e1csad\u00f3kat, specifik\u00e1torokat \u00e9s v\u00e9gfelhaszn\u00e1l\u00f3kat a predikt\u00edv megold\u00e1sok fel\u00e9 vezet\u0151 \u00faton. Ezt MI-vez\u00e9relt videoanalitik\u00e1val tessz\u00fck. Videoanalitik\u00e1nkat \u00fcgyfeleink k\u00f6r\u00e9 tervezt\u00fck. Az Intelligens Videoanalitika (IVA) Pro intelligens k\u00f6vet\u00e9s, amely a MI-n \u00e9s a m\u00e9lytanul\u00e1son alapul, lehet\u0151v\u00e9 teszi 7100i sorozat\u00fa PTZ kamer\u00e1ink sz\u00e1m\u00e1ra, hogy intelligenci\u00e1t adjanak hozz\u00e1, amikor a kamera mozg\u00e1sban van (p\u00e1szt\u00e1z\u00e1s, d\u00f6nt\u00e9s vagy zoomol\u00e1s k\u00f6zben). Az IVA Pro intelligens k\u00f6vet\u00e9s mesters\u00e9ges intelligenci\u00e1t ad az intelligens k\u00f6vet\u00e9shez. Emellett a mesters\u00e9ges intelligenci\u00e1t, amely k\u00e9pes elk\u00fcl\u00f6n\u00edteni a k\u00f6zeli objektumokat, \u00e9s szem\u00e9lyk\u00e9nt \u00e9s j\u00e1rm\u0171k\u00e9nt oszt\u00e1lyozni \u0151ket, egy glob\u00e1lisan el\u00e9rhet\u0151 videoanalitik\u00e1hoz hozza el, amely a prepoz\u00edci\u00f3kon k\u00edv\u00fcl is haszn\u00e1lhat\u00f3, \u00e9s akkor is haszn\u00e1lhat\u00f3, amikor a PTZ-kamera mozog.<\/p>\n","protected":false},"excerpt":{"rendered":"<p>Rendel\u00e9si k\u00f3d: F.01U.412.107<\/p>\n","protected":false},"featured_media":9198,"template":"","meta":[],"product_brand":[],"product_cat":[316],"product_tag":[25],"class_list":{"0":"post-9589","1":"product","2":"type-product","3":"status-publish","4":"has-post-thumbnail","6":"product_cat-szoftverek-licence-k","7":"product_tag-bosch","9":"first","10":"instock","11":"taxable","12":"shipping-taxable","13":"purchasable","14":"product-type-simple"},"jetpack_sharing_enabled":true,"_links":{"self":[{"href":"https:\/\/bpont.hu\/shop\/index.php\/wp-json\/wp\/v2\/product\/9589","targetHints":{"allow":["GET"]}}],"collection":[{"href":"https:\/\/bpont.hu\/shop\/index.php\/wp-json\/wp\/v2\/product"}],"about":[{"href":"https:\/\/bpont.hu\/shop\/index.php\/wp-json\/wp\/v2\/types\/product"}],"version-history":[{"count":0,"href":"https:\/\/bpont.hu\/shop\/index.php\/wp-json\/wp\/v2\/product\/9589\/revisions"}],"wp:featuredmedia":[{"embeddable":true,"href":"https:\/\/bpont.hu\/shop\/index.php\/wp-json\/wp\/v2\/media\/9198"}],"wp:attachment":[{"href":"https:\/\/bpont.hu\/shop\/index.php\/wp-json\/wp\/v2\/media?parent=9589"}],"wp:term":[{"taxonomy":"product_brand","embeddable":true,"href":"https:\/\/bpont.hu\/shop\/index.php\/wp-json\/wp\/v2\/product_brand?post=9589"},{"taxonomy":"product_cat","embeddable":true,"href":"https:\/\/bpont.hu\/shop\/index.php\/wp-json\/wp\/v2\/product_cat?post=9589"},{"taxonomy":"product_tag","embeddable":true,"href":"https:\/\/bpont.hu\/shop\/index.php\/wp-json\/wp\/v2\/product_tag?post=9589"}],"curies":[{"name":"wp","href":"https:\/\/api.w.org\/{rel}","templated":true}]}}