{"id":9588,"date":"2025-10-08T16:01:52","date_gmt":"2025-10-08T14:01:52","guid":{"rendered":"https:\/\/bpont.hu\/shop\/index.php\/product\/mvc-iva-traiva-pro-traffic-pack-forgalom-elemzes\/"},"modified":"2026-03-11T16:40:56","modified_gmt":"2026-03-11T14:40:56","slug":"mvc-iva-traiva-pro-traffic-pack-forgalom-elemzes","status":"publish","type":"product","link":"https:\/\/bpont.hu\/shop\/index.php\/product\/mvc-iva-traiva-pro-traffic-pack-forgalom-elemzes\/","title":{"rendered":"MVC-IVA-TRA<br>IVA Pro Traffic Pack (Forgalom elemz\u00e9s)"},"content":{"rendered":"<p>MVC-IVA-TRA<\/p>\n<p>u \u00c9jjel-nappal \u00e9rz\u00e9keli, oszt\u00e1lyozza \u00e9s helymeghat\u00e1rozza a j\u00e1rm\u0171veket, motorker\u00e9kp\u00e1rokat, ker\u00e9kp\u00e1rokat, teheraut\u00f3kat \u00e9s buszokat s\u0171r\u0171 forgalomban, nappal vagy \u00e9jszaka, \u00e9s nagy pontoss\u00e1got biztos\u00edt m\u00e9g a legnagyobb kih\u00edv\u00e1st jelent\u0151 helyzetekben is.<\/p>\n<p>&#8211; Gyalogos\u00e9rz\u00e9kel\u00e9s a val\u00f3s idej\u0171 biztons\u00e1gi megold\u00e1sok lehet\u0151v\u00e9 t\u00e9tel\u00e9hez a vesz\u00e9lyeztetett k\u00f6zleked\u0151k sz\u00e1m\u00e1ra.<br \/>\n&#8211; Ipar\u00e1gilag bizony\u00edtottan 95%-ot meghalad\u00f3 pontoss\u00e1got biztos\u00edt a val\u00f3s idej\u0171 esem\u00e9ny\u00e9rz\u00e9kel\u00e9s \u00e9s az \u00e9rt\u00e9kes adatok \u00f6sszes\u00edt\u00e9se ter\u00e9n.<br \/>\n&#8211; \u00c1tfog\u00f3 \u00e9s megb\u00edzhat\u00f3 metaadatok helyadatokkal, sebess\u00e9ggel \u00e9s ir\u00e1nnyal.<br \/>\n&#8211; Z\u00f6kken\u0151mentes integr\u00e1ci\u00f3 a Bosch \u00e9s m\u00e1s partnerek videokezel\u0151 rendszereivel.<\/p>\n<p>A m\u00e9lytanul\u00e1son alapul\u00f3 Intelligent Video Analytics (IVA) Pro Traffic olyan ITS alkalmaz\u00e1sokhoz k\u00e9sz\u00fclt, mint a sz\u00e1ml\u00e1l\u00e1s \u00e9s oszt\u00e1lyoz\u00e1s, valamint az automatikus esem\u00e9ny\u00e9rz\u00e9kel\u00e9s. T\u00e1mogatja a mobilit\u00e1st, a biztons\u00e1got \u00e9s az utak hat\u00e9kony haszn\u00e1lat\u00e1t jav\u00edt\u00f3 strat\u00e9gi\u00e1kat, valamint a keresztez\u0151d\u00e9s-fel\u00fcgyeleti megold\u00e1sokat. 95%-ot meghalad\u00f3 pontoss\u00e1got \u00e9r el a val\u00f3s idej\u0171 esem\u00e9ny\u00e9rz\u00e9kel\u00e9s \u00e9s az aut\u00f3p\u00e1lya- \u00e9s v\u00e1rosi infrastrukt\u00fara-tervez\u00e9shez sz\u00fcks\u00e9ges \u00e1tfog\u00f3 adatok \u00f6sszes\u00edt\u00e9se ter\u00e9n. A gy\u0171jt\u00f6tt adatok hasznos inform\u00e1ci\u00f3kat ny\u00fajtanak az utak hat\u00e9kony haszn\u00e1lat\u00e1nak, valamint a szem\u00e9lyek \u00e9s j\u00e1rm\u0171vek biztons\u00e1g\u00e1nak jav\u00edt\u00e1s\u00e1hoz keresztez\u0151d\u00e9sekben, aut\u00f3p\u00e1ly\u00e1kon \u00e9s alagutakban. A m\u00e9ly neur\u00e1lis h\u00e1l\u00f3zatokon alapul\u00f3 robusztus algoritmusokat arra k\u00e9pezt\u00e9k ki, hogy figyelmen k\u00edv\u00fcl hagyj\u00e1k a j\u00e1rm\u0171vek f\u00e9nysz\u00f3r\u00f3i vagy \u00e1rny\u00e9kai, a sz\u00e9ls\u0151s\u00e9ges id\u0151j\u00e1r\u00e1s, a napt\u00fckr\u00f6z\u0151d\u00e9sek \u00e9s a bemozdul\u00f3 kamer\u00e1k okozta potenci\u00e1lis zavarokat.<\/p>\n","protected":false},"excerpt":{"rendered":"<p>Rendel\u00e9si k\u00f3d: F.01U.409.538<\/p>\n","protected":false},"featured_media":9198,"template":"","meta":[],"product_brand":[],"product_cat":[316],"product_tag":[25],"class_list":{"0":"post-9588","1":"product","2":"type-product","3":"status-publish","4":"has-post-thumbnail","6":"product_cat-szoftverek-licence-k","7":"product_tag-bosch","9":"first","10":"instock","11":"taxable","12":"shipping-taxable","13":"purchasable","14":"product-type-simple"},"jetpack_sharing_enabled":true,"_links":{"self":[{"href":"https:\/\/bpont.hu\/shop\/index.php\/wp-json\/wp\/v2\/product\/9588","targetHints":{"allow":["GET"]}}],"collection":[{"href":"https:\/\/bpont.hu\/shop\/index.php\/wp-json\/wp\/v2\/product"}],"about":[{"href":"https:\/\/bpont.hu\/shop\/index.php\/wp-json\/wp\/v2\/types\/product"}],"version-history":[{"count":0,"href":"https:\/\/bpont.hu\/shop\/index.php\/wp-json\/wp\/v2\/product\/9588\/revisions"}],"wp:featuredmedia":[{"embeddable":true,"href":"https:\/\/bpont.hu\/shop\/index.php\/wp-json\/wp\/v2\/media\/9198"}],"wp:attachment":[{"href":"https:\/\/bpont.hu\/shop\/index.php\/wp-json\/wp\/v2\/media?parent=9588"}],"wp:term":[{"taxonomy":"product_brand","embeddable":true,"href":"https:\/\/bpont.hu\/shop\/index.php\/wp-json\/wp\/v2\/product_brand?post=9588"},{"taxonomy":"product_cat","embeddable":true,"href":"https:\/\/bpont.hu\/shop\/index.php\/wp-json\/wp\/v2\/product_cat?post=9588"},{"taxonomy":"product_tag","embeddable":true,"href":"https:\/\/bpont.hu\/shop\/index.php\/wp-json\/wp\/v2\/product_tag?post=9588"}],"curies":[{"name":"wp","href":"https:\/\/api.w.org\/{rel}","templated":true}]}}