{"id":9587,"date":"2025-10-08T16:01:52","date_gmt":"2025-10-08T14:01:52","guid":{"rendered":"https:\/\/bpont.hu\/shop\/index.php\/product\/mvc-iva-periva-pro-perimeter-pack-kerulet-vedelem\/"},"modified":"2026-03-11T16:40:56","modified_gmt":"2026-03-11T14:40:56","slug":"mvc-iva-periva-pro-perimeter-pack-kerulet-vedelem","status":"publish","type":"product","link":"https:\/\/bpont.hu\/shop\/index.php\/product\/mvc-iva-periva-pro-perimeter-pack-kerulet-vedelem\/","title":{"rendered":"MVC-IVA-PER<br>IVA Pro Perimeter Pack (ker\u00fclet v\u00e9delem)"},"content":{"rendered":"<p>MVC-IVA-PER<\/p>\n<p>&#8211; Megb\u00edzhat\u00f3, nagy hat\u00f3t\u00e1vols\u00e1g\u00fa behatol\u00e1s\u00e9rz\u00e9kel\u00e9s a ker\u00fcletek ment\u00e9n, m\u00e9g sz\u00e9ls\u0151s\u00e9ges id\u0151j\u00e1r\u00e1si \u00e9s kih\u00edv\u00e1st jelent\u0151 k\u00f6r\u00fclm\u00e9nyek k\u00f6z\u00f6tt is<br \/>\n&#8211; Fejlett h\u00e1tt\u00e9rkivon\u00e1son alapul a mozg\u00f3 t\u00e1rgyak, bele\u00e9rtve a m\u00e1sz\u00f3 szem\u00e9lyeket is, megb\u00edzhat\u00f3 \u00e9szlel\u00e9s\u00e9hez<br \/>\n&#8211; Egyszer\u0171 konfigur\u00e1ci\u00f3 \u00e9s kalibr\u00e1l\u00e1s<\/p>\n<p>Az Intelligent Video Analytics (IVA) Pro Perimeter kiv\u00e1l\u00f3an alkalmas megb\u00edzhat\u00f3, nagy hat\u00f3t\u00e1vols\u00e1g\u00fa behatol\u00e1s\u00e9rz\u00e9kel\u00e9sre \u00e9p\u00fcletek, energiatermel\u0151 l\u00e9tes\u00edtm\u00e9nyek \u00e9s rep\u00fcl\u0151terek ker\u00fcletei ment\u00e9n, m\u00e9g sz\u00e9ls\u0151s\u00e9ges id\u0151j\u00e1r\u00e1si k\u00f6r\u00fclm\u00e9nyek k\u00f6z\u00f6tt is. A fejlett h\u00e1tt\u00e9rkivon\u00e1son alapulva k\u00e9pes \u00e9rz\u00e9kelni a m\u00e1sz\u00e1st, a g\u00f6rd\u00fcl\u00e9st \u00e9s m\u00e1s gyan\u00fas mozg\u00e1sokat belt\u00e9ren, k\u00fclt\u00e9ren \u00e9s k\u00fcl\u00f6nb\u00f6z\u0151 k\u00f6rnyezeti \u00e9s f\u00e9nyviszonyok k\u00f6z\u00f6tt, mik\u00f6zben minimaliz\u00e1lja a t\u00e9ves riaszt\u00e1sokat.<\/p>\n","protected":false},"excerpt":{"rendered":"<p>Rendel\u00e9si k\u00f3d: F.01U.409.537<\/p>\n","protected":false},"featured_media":9198,"template":"","meta":[],"product_brand":[],"product_cat":[316],"product_tag":[25],"class_list":{"0":"post-9587","1":"product","2":"type-product","3":"status-publish","4":"has-post-thumbnail","6":"product_cat-szoftverek-licence-k","7":"product_tag-bosch","9":"first","10":"instock","11":"taxable","12":"shipping-taxable","13":"purchasable","14":"product-type-simple"},"jetpack_sharing_enabled":true,"_links":{"self":[{"href":"https:\/\/bpont.hu\/shop\/index.php\/wp-json\/wp\/v2\/product\/9587","targetHints":{"allow":["GET"]}}],"collection":[{"href":"https:\/\/bpont.hu\/shop\/index.php\/wp-json\/wp\/v2\/product"}],"about":[{"href":"https:\/\/bpont.hu\/shop\/index.php\/wp-json\/wp\/v2\/types\/product"}],"version-history":[{"count":0,"href":"https:\/\/bpont.hu\/shop\/index.php\/wp-json\/wp\/v2\/product\/9587\/revisions"}],"wp:featuredmedia":[{"embeddable":true,"href":"https:\/\/bpont.hu\/shop\/index.php\/wp-json\/wp\/v2\/media\/9198"}],"wp:attachment":[{"href":"https:\/\/bpont.hu\/shop\/index.php\/wp-json\/wp\/v2\/media?parent=9587"}],"wp:term":[{"taxonomy":"product_brand","embeddable":true,"href":"https:\/\/bpont.hu\/shop\/index.php\/wp-json\/wp\/v2\/product_brand?post=9587"},{"taxonomy":"product_cat","embeddable":true,"href":"https:\/\/bpont.hu\/shop\/index.php\/wp-json\/wp\/v2\/product_cat?post=9587"},{"taxonomy":"product_tag","embeddable":true,"href":"https:\/\/bpont.hu\/shop\/index.php\/wp-json\/wp\/v2\/product_tag?post=9587"}],"curies":[{"name":"wp","href":"https:\/\/api.w.org\/{rel}","templated":true}]}}