{"id":9586,"date":"2025-10-08T16:01:52","date_gmt":"2025-10-08T14:01:52","guid":{"rendered":"https:\/\/bpont.hu\/shop\/index.php\/product\/nca-wlan-euvezetek-nelkuli-telepito-dongle-eu\/"},"modified":"2026-05-05T14:46:44","modified_gmt":"2026-05-05T12:46:44","slug":"nca-wlan-euvezetek-nelkuli-telepito-dongle-eu","status":"publish","type":"product","link":"https:\/\/bpont.hu\/shop\/index.php\/product\/nca-wlan-euvezetek-nelkuli-telepito-dongle-eu\/","title":{"rendered":"NCA-WLAN-EU<br>Vezet\u00e9k n\u00e9lk\u00fcli telep\u00edt\u0151 dongle EU"},"content":{"rendered":"<p>NCA-WLAN-EU<\/p>\n<p>&#8211; Kompakt 802.11b\/g\/n vezet\u00e9k n\u00e9lk\u00fcli telep\u00edt\u0151adapter<br \/>\n&#8211; Automatikus felismer\u00e9s a Bosch Project Assistant programban<br \/>\n&#8211; Ak\u00e1r 150 Mbps \u00e1tviteli sebess\u00e9g<br \/>\n&#8211; Bosch megfigyel\u0151kamer\u00e1kkal val\u00f3 haszn\u00e1latra j\u00f3v\u00e1hagyva<\/p>\n","protected":false},"excerpt":{"rendered":"<p>Rendel\u00e9si k\u00f3d: F.01U.405.793<\/p>\n","protected":false},"featured_media":9585,"template":"","meta":[],"product_brand":[],"product_cat":[320],"product_tag":[25],"class_list":{"0":"post-9586","1":"product","2":"type-product","3":"status-publish","4":"has-post-thumbnail","6":"product_cat-kamerahazak-konzolok","7":"product_tag-bosch","9":"first","10":"instock","11":"taxable","12":"shipping-taxable","13":"purchasable","14":"product-type-simple"},"jetpack_sharing_enabled":true,"_links":{"self":[{"href":"https:\/\/bpont.hu\/shop\/index.php\/wp-json\/wp\/v2\/product\/9586","targetHints":{"allow":["GET"]}}],"collection":[{"href":"https:\/\/bpont.hu\/shop\/index.php\/wp-json\/wp\/v2\/product"}],"about":[{"href":"https:\/\/bpont.hu\/shop\/index.php\/wp-json\/wp\/v2\/types\/product"}],"version-history":[{"count":0,"href":"https:\/\/bpont.hu\/shop\/index.php\/wp-json\/wp\/v2\/product\/9586\/revisions"}],"wp:featuredmedia":[{"embeddable":true,"href":"https:\/\/bpont.hu\/shop\/index.php\/wp-json\/wp\/v2\/media\/9585"}],"wp:attachment":[{"href":"https:\/\/bpont.hu\/shop\/index.php\/wp-json\/wp\/v2\/media?parent=9586"}],"wp:term":[{"taxonomy":"product_brand","embeddable":true,"href":"https:\/\/bpont.hu\/shop\/index.php\/wp-json\/wp\/v2\/product_brand?post=9586"},{"taxonomy":"product_cat","embeddable":true,"href":"https:\/\/bpont.hu\/shop\/index.php\/wp-json\/wp\/v2\/product_cat?post=9586"},{"taxonomy":"product_tag","embeddable":true,"href":"https:\/\/bpont.hu\/shop\/index.php\/wp-json\/wp\/v2\/product_tag?post=9586"}],"curies":[{"name":"wp","href":"https:\/\/api.w.org\/{rel}","templated":true}]}}