{"id":9574,"date":"2025-10-08T16:01:49","date_gmt":"2025-10-08T14:01:49","guid":{"rendered":"https:\/\/bpont.hu\/shop\/index.php\/product\/nda-7100-pa2hffali-konzol-optikai-csatl-24vac-be-trf-nelkul-ad7100i-hez\/"},"modified":"2026-03-11T16:40:55","modified_gmt":"2026-03-11T14:40:55","slug":"nda-7100-pa2hffali-konzol-optikai-csatl-24vac-be-trf-nelkul-ad7100i-hez","status":"publish","type":"product","link":"https:\/\/bpont.hu\/shop\/index.php\/product\/nda-7100-pa2hffali-konzol-optikai-csatl-24vac-be-trf-nelkul-ad7100i-hez\/","title":{"rendered":"NDA-7100-PA2HF<br>Fali konzol Optikai csatl. 24VAC Be. Trf.n\u00e9lk\u00fcl. AD7100i-hez"},"content":{"rendered":"<p>NDA-7100-PA2HF<br \/>\n&#8211; IP66 \u00e9s UL 4X t\u00edpus\u00fa alum\u00ednium h\u00e1z a por \u00e9s a v\u00edz behatol\u00e1s\u00e1nak megakad\u00e1lyoz\u00e1sa \u00e9rdek\u00e9ben<br \/>\n&#8211; Az IK10 \u00fct\u00e9s\u00e1ll\u00f3s\u00e1gi besorol\u00e1s biztos\u00edtja a h\u00e1z integrit\u00e1s\u00e1t<br \/>\n&#8211; Optikai csatlakoz\u00e1sra el\u0151k\u00e9sz\u00edtett<br \/>\n&#8211; 24VAC  bemenet<br \/>\n&#8211; PoE n\u00e9lk\u00fcli alkalmaz\u00e1sokhoz vagy redund\u00e1ns t\u00e1pell\u00e1t\u00e1si alkalmaz\u00e1sokhoz PoE-ve<\/p>\n<p>A Bosch fali karokkal ell\u00e1tott t\u00e1pegys\u00e9gek sorozat\u00e1t k\u00edn\u00e1lja, amelyek 24 VAC t\u00e1pell\u00e1t\u00e1st biztos\u00edtanak az AUTODOME 7100i \u00e9s AUTODOME 7100i IR kamer\u00e1k sz\u00e1m\u00e1ra PoE n\u00e9lk\u00fcli alkalmaz\u00e1sokhoz vagy PoE-vel ell\u00e1tott redund\u00e1ns t\u00e1pell\u00e1t\u00e1si alkalmaz\u00e1sokhoz. Minden egys\u00e9g IK10 besorol\u00e1s\u00fa, IP66 behatol\u00e1s elleni v\u00e9delemmel rendelkezik, \u00e9s megfelel a t\u00e1pell\u00e1t\u00e1si \u00e9s elektromos biztons\u00e1gi k\u00f6vetelm\u00e9nyeknek sz\u00e9ls\u0151s\u00e9ges k\u00f6rnyezeti k\u00f6r\u00fclm\u00e9nyek k\u00f6z\u00f6tt. Az egyedi kialak\u00edt\u00e1s megv\u00e9di a t\u00e1pegys\u00e9geket a vandalizmust\u00f3l \u00e9s a szabot\u00e1zst\u00f3l.<\/p>\n","protected":false},"excerpt":{"rendered":"<p>Rendel\u00e9si k\u00f3d: F.01U.430.213<\/p>\n","protected":false},"featured_media":9571,"template":"","meta":[],"product_brand":[],"product_cat":[320],"product_tag":[25],"class_list":{"0":"post-9574","1":"product","2":"type-product","3":"status-publish","4":"has-post-thumbnail","6":"product_cat-kamerahazak-konzolok","7":"product_tag-bosch","9":"first","10":"instock","11":"taxable","12":"shipping-taxable","13":"purchasable","14":"product-type-simple"},"jetpack_sharing_enabled":true,"_links":{"self":[{"href":"https:\/\/bpont.hu\/shop\/index.php\/wp-json\/wp\/v2\/product\/9574","targetHints":{"allow":["GET"]}}],"collection":[{"href":"https:\/\/bpont.hu\/shop\/index.php\/wp-json\/wp\/v2\/product"}],"about":[{"href":"https:\/\/bpont.hu\/shop\/index.php\/wp-json\/wp\/v2\/types\/product"}],"version-history":[{"count":0,"href":"https:\/\/bpont.hu\/shop\/index.php\/wp-json\/wp\/v2\/product\/9574\/revisions"}],"wp:featuredmedia":[{"embeddable":true,"href":"https:\/\/bpont.hu\/shop\/index.php\/wp-json\/wp\/v2\/media\/9571"}],"wp:attachment":[{"href":"https:\/\/bpont.hu\/shop\/index.php\/wp-json\/wp\/v2\/media?parent=9574"}],"wp:term":[{"taxonomy":"product_brand","embeddable":true,"href":"https:\/\/bpont.hu\/shop\/index.php\/wp-json\/wp\/v2\/product_brand?post=9574"},{"taxonomy":"product_cat","embeddable":true,"href":"https:\/\/bpont.hu\/shop\/index.php\/wp-json\/wp\/v2\/product_cat?post=9574"},{"taxonomy":"product_tag","embeddable":true,"href":"https:\/\/bpont.hu\/shop\/index.php\/wp-json\/wp\/v2\/product_tag?post=9574"}],"curies":[{"name":"wp","href":"https:\/\/api.w.org\/{rel}","templated":true}]}}