{"id":9570,"date":"2025-10-08T16:01:48","date_gmt":"2025-10-08T14:01:48","guid":{"rendered":"https:\/\/bpont.hu\/shop\/index.php\/product\/nda-u-psu2htapegyseg-ir-230vac-for-nda-7100-pen-penf\/"},"modified":"2026-03-11T16:40:55","modified_gmt":"2026-03-11T14:40:55","slug":"nda-u-psu2htapegyseg-ir-230vac-for-nda-7100-pen-penf","status":"publish","type":"product","link":"https:\/\/bpont.hu\/shop\/index.php\/product\/nda-u-psu2htapegyseg-ir-230vac-for-nda-7100-pen-penf\/","title":{"rendered":"NDA-U-PSU2H<br>T\u00e1pegys\u00e9g IR  230VAC  for NDA-7100-PEN\/PENF"},"content":{"rendered":"<p>NDA-U-PSU2H<\/p>\n<p>&#8211; IP66 \u00e9s UL 4X t\u00edpus\u00fa alum\u00ednium h\u00e1z a por \u00e9s a v\u00edz behatol\u00e1s\u00e1nak megakad\u00e1lyoz\u00e1sa \u00e9rdek\u00e9ben<br \/>\n&#8211; Az IK10 \u00fct\u00e9s\u00e1ll\u00f3s\u00e1gi besorol\u00e1s biztos\u00edtja a h\u00e1z integrit\u00e1s\u00e1t<br \/>\n&#8211; 230VAC bemenettel, 24 VAC transzform\u00e1tor<br \/>\n&#8211; PoE n\u00e9lk\u00fcli alkalmaz\u00e1sokhoz vagy redund\u00e1ns t\u00e1pell\u00e1t\u00e1si alkalmaz\u00e1sokhoz PoE-ve<\/p>\n","protected":false},"excerpt":{"rendered":"<p>Rendel\u00e9si k\u00f3d: F.01U.425.483<\/p>\n","protected":false},"featured_media":9567,"template":"","meta":[],"product_brand":[],"product_cat":[320],"product_tag":[25],"class_list":{"0":"post-9570","1":"product","2":"type-product","3":"status-publish","4":"has-post-thumbnail","6":"product_cat-kamerahazak-konzolok","7":"product_tag-bosch","9":"first","10":"instock","11":"taxable","12":"shipping-taxable","13":"purchasable","14":"product-type-simple"},"jetpack_sharing_enabled":true,"_links":{"self":[{"href":"https:\/\/bpont.hu\/shop\/index.php\/wp-json\/wp\/v2\/product\/9570","targetHints":{"allow":["GET"]}}],"collection":[{"href":"https:\/\/bpont.hu\/shop\/index.php\/wp-json\/wp\/v2\/product"}],"about":[{"href":"https:\/\/bpont.hu\/shop\/index.php\/wp-json\/wp\/v2\/types\/product"}],"version-history":[{"count":0,"href":"https:\/\/bpont.hu\/shop\/index.php\/wp-json\/wp\/v2\/product\/9570\/revisions"}],"wp:featuredmedia":[{"embeddable":true,"href":"https:\/\/bpont.hu\/shop\/index.php\/wp-json\/wp\/v2\/media\/9567"}],"wp:attachment":[{"href":"https:\/\/bpont.hu\/shop\/index.php\/wp-json\/wp\/v2\/media?parent=9570"}],"wp:term":[{"taxonomy":"product_brand","embeddable":true,"href":"https:\/\/bpont.hu\/shop\/index.php\/wp-json\/wp\/v2\/product_brand?post=9570"},{"taxonomy":"product_cat","embeddable":true,"href":"https:\/\/bpont.hu\/shop\/index.php\/wp-json\/wp\/v2\/product_cat?post=9570"},{"taxonomy":"product_tag","embeddable":true,"href":"https:\/\/bpont.hu\/shop\/index.php\/wp-json\/wp\/v2\/product_tag?post=9570"}],"curies":[{"name":"wp","href":"https:\/\/api.w.org\/{rel}","templated":true}]}}