{"id":9566,"date":"2025-10-08T16:01:47","date_gmt":"2025-10-08T14:01:47","guid":{"rendered":"https:\/\/bpont.hu\/shop\/index.php\/product\/nda-u-psu0tapegyseg-24vac-for-nda-7100pen-penf\/"},"modified":"2026-03-11T16:40:55","modified_gmt":"2026-03-11T14:40:55","slug":"nda-u-psu0tapegyseg-24vac-for-nda-7100pen-penf","status":"publish","type":"product","link":"https:\/\/bpont.hu\/shop\/index.php\/product\/nda-u-psu0tapegyseg-24vac-for-nda-7100pen-penf\/","title":{"rendered":"NDA-U-PSU0<br>T\u00e1pegys\u00e9g 24VAC  for NDA-7100PEN\/PENF"},"content":{"rendered":"<p>NDA-U-PSU0<\/p>\n<p>&#8211; IP66 \u00e9s UL 4X t\u00edpus\u00fa alum\u00ednium h\u00e1z a por \u00e9s a v\u00edz behatol\u00e1s\u00e1nak megakad\u00e1lyoz\u00e1sa \u00e9rdek\u00e9ben.<br \/>\n&#8211; Az IK10 \u00fct\u00e9s\u00e1ll\u00f3s\u00e1gi besorol\u00e1s biztos\u00edtja a h\u00e1z integrit\u00e1s\u00e1t.<br \/>\n&#8211; K\u00f6zvetlen 24 VAC t\u00e1pell\u00e1t\u00e1s transzform\u00e1tor n\u00e9lk\u00fcl.PoE n\u00e9lk\u00fcli vagy redund\u00e1ns t\u00e1pell\u00e1t\u00e1s\u00fa alkalmaz\u00e1sokhoz PoE-vel.<br \/>\nSzab\u00e1lyoz\u00e1si inform\u00e1ci\u00f3k: Az \u00f6sszes kapcsol\u00f3d\u00f3 tan\u00fas\u00edtv\u00e1ny\/szabv\u00e1ny teljes list\u00e1j\u00e1t l\u00e1sd a term\u00e9ktesztjelent\u00e9sekben, amelyek az online katal\u00f3gusban, az eszk\u00f6z term\u00e9koldal\u00e1nak Dokumentumok lapj\u00e1n \u00e9rhet\u0151k el. Ha a dokumentum nem \u00e9rhet\u0151 el a term\u00e9koldalon, forduljon \u00e9rt\u00e9kes\u00edt\u00e9si k\u00e9pvisel\u0151j\u00e9hez.<\/p>\n","protected":false},"excerpt":{"rendered":"<p>Rendel\u00e9si k\u00f3d: F.01U.411.639<\/p>\n","protected":false},"featured_media":9565,"template":"","meta":[],"product_brand":[],"product_cat":[320],"product_tag":[25],"class_list":{"0":"post-9566","1":"product","2":"type-product","3":"status-publish","4":"has-post-thumbnail","6":"product_cat-kamerahazak-konzolok","7":"product_tag-bosch","9":"first","10":"instock","11":"taxable","12":"shipping-taxable","13":"purchasable","14":"product-type-simple"},"jetpack_sharing_enabled":true,"_links":{"self":[{"href":"https:\/\/bpont.hu\/shop\/index.php\/wp-json\/wp\/v2\/product\/9566","targetHints":{"allow":["GET"]}}],"collection":[{"href":"https:\/\/bpont.hu\/shop\/index.php\/wp-json\/wp\/v2\/product"}],"about":[{"href":"https:\/\/bpont.hu\/shop\/index.php\/wp-json\/wp\/v2\/types\/product"}],"version-history":[{"count":0,"href":"https:\/\/bpont.hu\/shop\/index.php\/wp-json\/wp\/v2\/product\/9566\/revisions"}],"wp:featuredmedia":[{"embeddable":true,"href":"https:\/\/bpont.hu\/shop\/index.php\/wp-json\/wp\/v2\/media\/9565"}],"wp:attachment":[{"href":"https:\/\/bpont.hu\/shop\/index.php\/wp-json\/wp\/v2\/media?parent=9566"}],"wp:term":[{"taxonomy":"product_brand","embeddable":true,"href":"https:\/\/bpont.hu\/shop\/index.php\/wp-json\/wp\/v2\/product_brand?post=9566"},{"taxonomy":"product_cat","embeddable":true,"href":"https:\/\/bpont.hu\/shop\/index.php\/wp-json\/wp\/v2\/product_cat?post=9566"},{"taxonomy":"product_tag","embeddable":true,"href":"https:\/\/bpont.hu\/shop\/index.php\/wp-json\/wp\/v2\/product_tag?post=9566"}],"curies":[{"name":"wp","href":"https:\/\/api.w.org\/{rel}","templated":true}]}}