{"id":9550,"date":"2025-10-08T16:01:44","date_gmt":"2025-10-08T14:01:44","guid":{"rendered":"https:\/\/bpont.hu\/shop\/index.php\/product\/ndp-7602-z40lautodome-7100i-2mp-hdr-40x-ip66-pendant-ir\/"},"modified":"2026-03-11T16:40:54","modified_gmt":"2026-03-11T14:40:54","slug":"ndp-7602-z40lautodome-7100i-2mp-hdr-40x-ip66-pendant-ir","status":"publish","type":"product","link":"https:\/\/bpont.hu\/shop\/index.php\/product\/ndp-7602-z40lautodome-7100i-2mp-hdr-40x-ip66-pendant-ir\/","title":{"rendered":"NDP-7602-Z40L<br>AUTODOME 7100i 2MP HDR 40x IP66 pendant IR"},"content":{"rendered":"<p>NDP-7602-Z40L<\/p>\n<p>&#8211; Nagy teljes\u00edtm\u00e9ny\u0171, 40x-es PTZ kamera kiv\u00e1l\u00f3 csillagf\u00e9ny-k\u00e9palkot\u00f3 technol\u00f3gi\u00e1val \u00e9s nagy dinamikatartom\u00e1nnyal, r\u00e9szletgazdags\u00e1got biztos\u00edt neh\u00e9z f\u00e9nyviszonyok k\u00f6z\u00f6tt is.<br \/>\n&#8211; IR megvil\u00e1g\u00edt\u00e1s 300 m-es (984 l\u00e1b) \u00e9rz\u00e9kel\u00e9si t\u00e1vols\u00e1ggal.<br \/>\n&#8211; Az IVA Pro rendk\u00edv\u00fcl megb\u00edzhat\u00f3, m\u00e9lytanul\u00e1son alapul\u00f3 szem\u00e9lyek \u00e9s j\u00e1rm\u0171vek \u00e9szlel\u00e9s\u00e9t teszi lehet\u0151v\u00e9 a steril z\u00f3n\u00e1kt\u00f3l a zs\u00fafolt \u00e9s t\u00falterhelt helysz\u00ednekig.<br \/>\n&#8211; A be\u00e9p\u00edtett mesters\u00e9ges intelligencia figyelmezteti a kezel\u0151ket a szokatlan helysz\u00edni aktivit\u00e1sra.<br \/>\n&#8211; Opcion\u00e1lis k\u00f6zvetlen optikai k\u00e1beles csatlakoz\u00e1s a fokozott kommunik\u00e1ci\u00f3s biztons\u00e1g \u00e9rdek\u00e9ben.<br \/>\n&#8211; Rendk\u00edv\u00fcl pontos \u00e9s megb\u00edzhat\u00f3 megold\u00e1s a z\u00e1rt hurk\u00fa meghajt\u00f3platformnak k\u00f6sz\u00f6nhet\u0151en.<\/p>\n<p>A kiv\u00e1l\u00f3 gyenge f\u00e9ny\u00e9rz\u00e9kenys\u00e9get biztos\u00edt\u00f3 csillagf\u00e9ny-k\u00e9palkot\u00f3 technol\u00f3gi\u00e1val, az intelligens videoanalitik\u00e1val \u00e9s a videostreamel\u00e9ssel az AUTODOME 7100i kamera kiv\u00e1l\u00f3 intelligenci\u00e1t \u00e9s k\u00e9palkot\u00e1st t\u00e1mogat a peremh\u00e1l\u00f3zaton. A kialak\u00edt\u00e1s torz\u00edt\u00e1smentes, nagy felbont\u00e1s\u00fa vide\u00f3t biztos\u00edt a horizont felett, ami hasznos a nem s\u00edk v\u00e1rosi t\u00e1jakon. A kamera nagy teljes\u00edtm\u00e9ny\u0171, be\u00e1gyazott processzorral rendelkezik, amely dedik\u00e1lt hardverrel t\u00e1mogatja a fejlett g\u00e9pi tanul\u00e1st \u00e9s a neur\u00e1lis h\u00e1l\u00f3zaton alapul\u00f3 videoanalitik\u00e1t. A be\u00e9p\u00edtett Intelligent Video Analytics Pro (IVA Pro) gazdag\u00edtja a teljes helyzetfelismer\u00e9st \u00e9s relev\u00e1ns riaszt\u00e1sokat ind\u00edt.<\/p>\n","protected":false},"excerpt":{"rendered":"<p>Rendel\u00e9si k\u00f3d: F.01U.389.324<\/p>\n","protected":false},"featured_media":9548,"template":"","meta":[],"product_brand":[],"product_cat":[325],"product_tag":[25],"class_list":{"0":"post-9550","1":"product","2":"type-product","3":"status-publish","4":"has-post-thumbnail","6":"product_cat-terfigyelo-kamerak-ptz-speed-dome","7":"product_tag-bosch","9":"first","10":"instock","11":"taxable","12":"shipping-taxable","13":"purchasable","14":"product-type-simple"},"jetpack_sharing_enabled":true,"_links":{"self":[{"href":"https:\/\/bpont.hu\/shop\/index.php\/wp-json\/wp\/v2\/product\/9550","targetHints":{"allow":["GET"]}}],"collection":[{"href":"https:\/\/bpont.hu\/shop\/index.php\/wp-json\/wp\/v2\/product"}],"about":[{"href":"https:\/\/bpont.hu\/shop\/index.php\/wp-json\/wp\/v2\/types\/product"}],"version-history":[{"count":0,"href":"https:\/\/bpont.hu\/shop\/index.php\/wp-json\/wp\/v2\/product\/9550\/revisions"}],"wp:featuredmedia":[{"embeddable":true,"href":"https:\/\/bpont.hu\/shop\/index.php\/wp-json\/wp\/v2\/media\/9548"}],"wp:attachment":[{"href":"https:\/\/bpont.hu\/shop\/index.php\/wp-json\/wp\/v2\/media?parent=9550"}],"wp:term":[{"taxonomy":"product_brand","embeddable":true,"href":"https:\/\/bpont.hu\/shop\/index.php\/wp-json\/wp\/v2\/product_brand?post=9550"},{"taxonomy":"product_cat","embeddable":true,"href":"https:\/\/bpont.hu\/shop\/index.php\/wp-json\/wp\/v2\/product_cat?post=9550"},{"taxonomy":"product_tag","embeddable":true,"href":"https:\/\/bpont.hu\/shop\/index.php\/wp-json\/wp\/v2\/product_tag?post=9550"}],"curies":[{"name":"wp","href":"https:\/\/api.w.org\/{rel}","templated":true}]}}