{"id":9547,"date":"2025-10-08T16:01:43","date_gmt":"2025-10-08T14:01:43","guid":{"rendered":"https:\/\/bpont.hu\/shop\/index.php\/product\/ndp-5533-z30lautodome-ip-starlight-5000i-4mp-hdr-30x-ip66-pendant-ir\/"},"modified":"2026-03-11T16:40:54","modified_gmt":"2026-03-11T14:40:54","slug":"ndp-5533-z30lautodome-ip-starlight-5000i-4mp-hdr-30x-ip66-pendant-ir","status":"publish","type":"product","link":"https:\/\/bpont.hu\/shop\/index.php\/product\/ndp-5533-z30lautodome-ip-starlight-5000i-4mp-hdr-30x-ip66-pendant-ir\/","title":{"rendered":"NDP-5533-Z30L<br>AUTODOME IP starlight 5000i 4MP HDR 30x IP66 pendant IR"},"content":{"rendered":"<p>NDP-5533-Z30L<\/p>\n<p>&#8211; 30x, 4MP nagy r\u00e9szletgazdags\u00e1g gyors sebess\u00e9ggel (60 fps)<br \/>\n&#8211; Starlight technol\u00f3gia 1\/1,8 h\u00fcvelykes HD \u00e9rz\u00e9kel\u0151vel a kiv\u00e1l\u00f3 teljes\u00edtm\u00e9ny\u00e9rt gyenge f\u00e9nyviszonyok mellett<br \/>\n&#8211; HDR X technol\u00f3gia ak\u00e1r 133 dB dinamikatartom\u00e1nnyal \u00e9s kevesebb mozg\u00e1sb\u00f3l ered\u0151 m\u0171term\u00e9kkel<br \/>\n&#8211; 320 m-es (1050 l\u00e1b) IR (850 nm) + feh\u00e9r f\u00e9ny\u0171 LED-ek kombin\u00e1ci\u00f3ja<br \/>\n&#8211; Es\u0151\u00e9rz\u00e9kel\u0151s ablakt\u00f6rl\u0151 a jobb k\u00e9pek\u00e9rt es\u0151ben \u00e9s piszkos v\u00e1rosi k\u00f6r\u00fclm\u00e9nyek k\u00f6z\u00f6tt<\/p>\n<p>Kifejezetten a rejtett megfigyel\u00e9shez tervezett \u00e9s olyan alkalmaz\u00e1sokhoz igaz\u00edtott kamera, ahol v\u00e1ltoz\u00f3 f\u00e9nyviszonyok melletti megfigyel\u00e9sre van sz\u00fcks\u00e9g, be\u00e9p\u00edtett 30x optikai zoommal rendelkezik, amely t\u00f6bb mint 280 m (919 l\u00e1b) t\u00e1vols\u00e1gb\u00f3l is k\u00e9pes azonos\u00edtani az embereket. Az \u00faj HDR technol\u00f3gia (HDR X) ide\u00e1lis PTZ kamer\u00e1khoz. A mozg\u00e1soptimaliz\u00e1lt HDR funkci\u00f3val a kezel\u0151k HDR k\u00e9palkot\u00e1st haszn\u00e1lhatnak kih\u00edv\u00e1st jelent\u0151 f\u00e9nyviszonyok mellett is an\u00e9lk\u00fcl, hogy elmos\u00f3d\u00e1st l\u00e1tn\u00e1nak a kamera mozg\u00e1sa k\u00f6zben.<\/p>\n","protected":false},"excerpt":{"rendered":"<p>Rendel\u00e9si k\u00f3d: F.01U.421.007<\/p>\n","protected":false},"featured_media":9546,"template":"","meta":[],"product_brand":[],"product_cat":[325],"product_tag":[25],"class_list":{"0":"post-9547","1":"product","2":"type-product","3":"status-publish","4":"has-post-thumbnail","6":"product_cat-terfigyelo-kamerak-ptz-speed-dome","7":"product_tag-bosch","9":"first","10":"instock","11":"taxable","12":"shipping-taxable","13":"purchasable","14":"product-type-simple"},"jetpack_sharing_enabled":true,"_links":{"self":[{"href":"https:\/\/bpont.hu\/shop\/index.php\/wp-json\/wp\/v2\/product\/9547","targetHints":{"allow":["GET"]}}],"collection":[{"href":"https:\/\/bpont.hu\/shop\/index.php\/wp-json\/wp\/v2\/product"}],"about":[{"href":"https:\/\/bpont.hu\/shop\/index.php\/wp-json\/wp\/v2\/types\/product"}],"version-history":[{"count":0,"href":"https:\/\/bpont.hu\/shop\/index.php\/wp-json\/wp\/v2\/product\/9547\/revisions"}],"wp:featuredmedia":[{"embeddable":true,"href":"https:\/\/bpont.hu\/shop\/index.php\/wp-json\/wp\/v2\/media\/9546"}],"wp:attachment":[{"href":"https:\/\/bpont.hu\/shop\/index.php\/wp-json\/wp\/v2\/media?parent=9547"}],"wp:term":[{"taxonomy":"product_brand","embeddable":true,"href":"https:\/\/bpont.hu\/shop\/index.php\/wp-json\/wp\/v2\/product_brand?post=9547"},{"taxonomy":"product_cat","embeddable":true,"href":"https:\/\/bpont.hu\/shop\/index.php\/wp-json\/wp\/v2\/product_cat?post=9547"},{"taxonomy":"product_tag","embeddable":true,"href":"https:\/\/bpont.hu\/shop\/index.php\/wp-json\/wp\/v2\/product_tag?post=9547"}],"curies":[{"name":"wp","href":"https:\/\/api.w.org\/{rel}","templated":true}]}}