{"id":9543,"date":"2025-10-08T16:01:42","date_gmt":"2025-10-08T14:01:42","guid":{"rendered":"https:\/\/bpont.hu\/shop\/index.php\/product\/ndp-5522-z30lautodome-ip-starlight-5000i-2mp-30x-ip66-pendant-ir\/"},"modified":"2026-03-11T16:40:54","modified_gmt":"2026-03-11T14:40:54","slug":"ndp-5522-z30lautodome-ip-starlight-5000i-2mp-30x-ip66-pendant-ir","status":"publish","type":"product","link":"https:\/\/bpont.hu\/shop\/index.php\/product\/ndp-5522-z30lautodome-ip-starlight-5000i-2mp-30x-ip66-pendant-ir\/","title":{"rendered":"NDP-5522-Z30L<br>AUTODOME IP starlight 5000i 2MP 30X IP66 pendant IR"},"content":{"rendered":"<p>NDP-5522-Z30L<\/p>\n<p>&#8211; Starlight kameratechnol\u00f3gia kiv\u00e1l\u00f3 teljes\u00edtm\u00e9nnyel gyenge f\u00e9nyviszonyok mellett<br \/>\n&#8211; Nagy teljes\u00edtm\u00e9ny\u0171 HD k\u00fclt\u00e9ri PTZ d\u00f3mkamera integr\u00e1lt infrav\u00f6r\u00f6s megvil\u00e1g\u00edt\u00e1ssal gyenge vagy semmilyen k\u00f6rnyezeti megvil\u00e1g\u00edt\u00e1s\u00fa jelenetekhez<br \/>\n&#8211; A v\u00e1ltoztathat\u00f3 megvil\u00e1g\u00edt\u00e1s biztos\u00edtja az infrav\u00f6r\u00f6s f\u00e9ny egyenletes eloszl\u00e1s\u00e1t a p\u00e1ly\u00e1n, minimaliz\u00e1lva a s\u00f6t\u00e9t foltokat vagy a t\u00falvil\u00e1g\u00edtott jeleneteket<br \/>\n&#8211; Nagy t\u00e1vols\u00e1g\u00fa megvil\u00e1g\u00edt\u00e1s ak\u00e1r 180 m-ig (590 l\u00e1big)<\/p>\n<p>Tartsa biztons\u00e1g\u00e1t f\u00f3kuszban az AUTODOME IP starlight 5000i infrav\u00f6r\u00f6s kamera sz\u00e1mos funkci\u00f3j\u00e1val. A kamera gondosan hangolt, hogy r\u00e9szletes, 1080p60 HD k\u00e9peket biztos\u00edtson nappal, valamint teljes r\u00e9szletgazdags\u00e1got gyenge f\u00e9nyviszonyok mellett vagy f\u00e9ny n\u00e9lk\u00fcl. Az integr\u00e1lt, intelligens infrav\u00f6r\u00f6s megvil\u00e1g\u00edt\u00f3 automatikusan be\u00e1ll\u00edtja az infrav\u00f6r\u00f6s intenzit\u00e1st a zoomt\u00e9nyez\u0151 \u00e9s a l\u00e1t\u00f3mez\u0151 szerint, hogy biztos\u00edtsa a jelenet egyenletes megvil\u00e1g\u00edt\u00e1s\u00e1t.<\/p>\n","protected":false},"excerpt":{"rendered":"<p>Rendel\u00e9si k\u00f3d: F.01U.421.004<\/p>\n","protected":false},"featured_media":9542,"template":"","meta":[],"product_brand":[],"product_cat":[325],"product_tag":[25],"class_list":{"0":"post-9543","1":"product","2":"type-product","3":"status-publish","4":"has-post-thumbnail","6":"product_cat-terfigyelo-kamerak-ptz-speed-dome","7":"product_tag-bosch","9":"first","10":"instock","11":"taxable","12":"shipping-taxable","13":"purchasable","14":"product-type-simple"},"jetpack_sharing_enabled":true,"_links":{"self":[{"href":"https:\/\/bpont.hu\/shop\/index.php\/wp-json\/wp\/v2\/product\/9543","targetHints":{"allow":["GET"]}}],"collection":[{"href":"https:\/\/bpont.hu\/shop\/index.php\/wp-json\/wp\/v2\/product"}],"about":[{"href":"https:\/\/bpont.hu\/shop\/index.php\/wp-json\/wp\/v2\/types\/product"}],"version-history":[{"count":0,"href":"https:\/\/bpont.hu\/shop\/index.php\/wp-json\/wp\/v2\/product\/9543\/revisions"}],"wp:featuredmedia":[{"embeddable":true,"href":"https:\/\/bpont.hu\/shop\/index.php\/wp-json\/wp\/v2\/media\/9542"}],"wp:attachment":[{"href":"https:\/\/bpont.hu\/shop\/index.php\/wp-json\/wp\/v2\/media?parent=9543"}],"wp:term":[{"taxonomy":"product_brand","embeddable":true,"href":"https:\/\/bpont.hu\/shop\/index.php\/wp-json\/wp\/v2\/product_brand?post=9543"},{"taxonomy":"product_cat","embeddable":true,"href":"https:\/\/bpont.hu\/shop\/index.php\/wp-json\/wp\/v2\/product_cat?post=9543"},{"taxonomy":"product_tag","embeddable":true,"href":"https:\/\/bpont.hu\/shop\/index.php\/wp-json\/wp\/v2\/product_tag?post=9543"}],"curies":[{"name":"wp","href":"https:\/\/api.w.org\/{rel}","templated":true}]}}