{"id":9541,"date":"2025-10-08T16:01:41","date_gmt":"2025-10-08T14:01:41","guid":{"rendered":"https:\/\/bpont.hu\/shop\/index.php\/product\/ndp-5522-z30autodome-ip-starlight-5000i-2mp-30x-clear-ip66-pendant\/"},"modified":"2026-03-11T16:40:54","modified_gmt":"2026-03-11T14:40:54","slug":"ndp-5522-z30autodome-ip-starlight-5000i-2mp-30x-clear-ip66-pendant","status":"publish","type":"product","link":"https:\/\/bpont.hu\/shop\/index.php\/product\/ndp-5522-z30autodome-ip-starlight-5000i-2mp-30x-clear-ip66-pendant\/","title":{"rendered":"NDP-5522-Z30<br>AUTODOME IP starlight 5000i 2MP 30X clear IP66 pendant"},"content":{"rendered":"<p>NDP-5522-Z30<\/p>\n<p>&#8211; Starlight kameratechnol\u00f3gia kiv\u00e1l\u00f3 teljes\u00edtm\u00e9nnyel gyenge f\u00e9nyviszonyok mellett<br \/>\n&#8211; A 120 dB-es dinamikatartom\u00e1ny lehet\u0151v\u00e9 teszi a r\u00e9szletek magabiztos r\u00f6gz\u00edt\u00e9s\u00e9t t\u00falexpon\u00e1lt helyzetekben<br \/>\n&#8211; Az intelligens streaming, az IDNR \u00e9s a H.265 ak\u00e1r 80%-kal is cs\u00f6kkenti a bitr\u00e1t\u00e1t<br \/>\n&#8211; Be\u00e9p\u00edtett Essential Video Analytics a relev\u00e1ns riaszt\u00e1sok kiv\u00e1lt\u00e1s\u00e1ra \u00e9s az adatok gyors lek\u00e9r\u00e9s\u00e9re<br \/>\n&#8211; Nagy felbont\u00e1s\u00fa bubor\u00e9k a maxim\u00e1lis effekt\u00edv felbont\u00e1s biztos\u00edt\u00e1s\u00e1ra<br \/>\n&#8211; Egyszer\u0171 telep\u00edt\u00e9s rugalmas r\u00f6gz\u00edt\u00e9si lehet\u0151s\u00e9gekkel (mennyezetbe vagy f\u00fcggesztve)<\/p>\n<p>A v\u00e1ltoz\u00f3 f\u00e9nyviszonyok melletti megfigyel\u00e9st ig\u00e9nyl\u0151 alkalmaz\u00e1sokhoz tervezett \u00e9s hangolt AUTODOME IP starlight 5000i kamera be\u00e9p\u00edtett 30-szoros optikai zoommal rendelkezik, amely minim\u00e1lis r\u00e9szletvesztes\u00e9ggel k\u00e9pes azonos\u00edtani az embereket maximum 183 m (600 l\u00e1b) t\u00e1vols\u00e1gb\u00f3l.<\/p>\n","protected":false},"excerpt":{"rendered":"<p>Rendel\u00e9si k\u00f3d: F.01U.421.002<\/p>\n","protected":false},"featured_media":9540,"template":"","meta":[],"product_brand":[],"product_cat":[325],"product_tag":[25],"class_list":{"0":"post-9541","1":"product","2":"type-product","3":"status-publish","4":"has-post-thumbnail","6":"product_cat-terfigyelo-kamerak-ptz-speed-dome","7":"product_tag-bosch","9":"first","10":"instock","11":"taxable","12":"shipping-taxable","13":"purchasable","14":"product-type-simple"},"jetpack_sharing_enabled":true,"_links":{"self":[{"href":"https:\/\/bpont.hu\/shop\/index.php\/wp-json\/wp\/v2\/product\/9541","targetHints":{"allow":["GET"]}}],"collection":[{"href":"https:\/\/bpont.hu\/shop\/index.php\/wp-json\/wp\/v2\/product"}],"about":[{"href":"https:\/\/bpont.hu\/shop\/index.php\/wp-json\/wp\/v2\/types\/product"}],"version-history":[{"count":0,"href":"https:\/\/bpont.hu\/shop\/index.php\/wp-json\/wp\/v2\/product\/9541\/revisions"}],"wp:featuredmedia":[{"embeddable":true,"href":"https:\/\/bpont.hu\/shop\/index.php\/wp-json\/wp\/v2\/media\/9540"}],"wp:attachment":[{"href":"https:\/\/bpont.hu\/shop\/index.php\/wp-json\/wp\/v2\/media?parent=9541"}],"wp:term":[{"taxonomy":"product_brand","embeddable":true,"href":"https:\/\/bpont.hu\/shop\/index.php\/wp-json\/wp\/v2\/product_brand?post=9541"},{"taxonomy":"product_cat","embeddable":true,"href":"https:\/\/bpont.hu\/shop\/index.php\/wp-json\/wp\/v2\/product_cat?post=9541"},{"taxonomy":"product_tag","embeddable":true,"href":"https:\/\/bpont.hu\/shop\/index.php\/wp-json\/wp\/v2\/product_tag?post=9541"}],"curies":[{"name":"wp","href":"https:\/\/api.w.org\/{rel}","templated":true}]}}