{"id":9539,"date":"2025-10-08T16:01:40","date_gmt":"2025-10-08T14:01:40","guid":{"rendered":"https:\/\/bpont.hu\/shop\/index.php\/product\/nba-7070-pa2tapegyseg-doboz-230vac\/"},"modified":"2026-05-05T14:46:43","modified_gmt":"2026-05-05T12:46:43","slug":"nba-7070-pa2tapegyseg-doboz-230vac","status":"publish","type":"product","link":"https:\/\/bpont.hu\/shop\/index.php\/product\/nba-7070-pa2tapegyseg-doboz-230vac\/","title":{"rendered":"NBA-7070-PA2<br>T\u00e1pegys\u00e9g-doboz 230VAC"},"content":{"rendered":"<p>NBA-7070-PA2<\/p>\n<p>&#8211; Minden id\u0151j\u00e1r\u00e1si k\u00f6r\u00fclm\u00e9nynek ellen\u00e1ll\u00f3, vand\u00e1lbiztos kialak\u00edt\u00e1s a megb\u00edzhat\u00f3, hossz\u00fa t\u00e1v\u00fa teljes\u00edtm\u00e9ny \u00e9rdek\u00e9ben<br \/>\n&#8211; K\u00f6nny\u0171 telep\u00edt\u00e9s szerel\u0151lappal<br \/>\n&#8211; K\u00e1belv\u00e9delem az elektromos biztons\u00e1g \u00e9s a kritikus infrastrukt\u00fara telep\u00edt\u00e9se \u00e9rdek\u00e9ben<br \/>\n&#8211; Teljes k\u00f6r\u0171 t\u00e1pell\u00e1t\u00e1si \u00e9s csatlakoztat\u00e1si megold\u00e1s k\u00fclt\u00e9ri haszn\u00e1latra<br \/>\n&#8211; Be\u00e9p\u00edtett t\u00falfesz\u00fclts\u00e9g-v\u00e9delem a rendszer megb\u00edzhat\u00f3s\u00e1g\u00e1nak n\u00f6vel\u00e9se \u00e9rdek\u00e9ben<\/p>\n<p>A T\u00e1pegys\u00e9g-doboz \u00fagy tervezt\u00e9k, hogy megfeleljen a k\u00fclt\u00e9ri biztons\u00e1gi alkalmaz\u00e1sokban haszn\u00e1lt kamer\u00e1k t\u00e1pell\u00e1t\u00e1si \u00e9s elektromos biztons\u00e1gi k\u00f6vetelm\u00e9nyeinek. A kamera egy szerel\u0151lappal r\u00f6gz\u00edthet\u0151 a szekr\u00e9nyhez, ami leegyszer\u0171s\u00edti a telep\u00edt\u00e9st \u00e9s v\u00e9di a k\u00e1belhaszn\u00e1latot. A megfigyel\u0151szekr\u00e9ny egyedi kialak\u00edt\u00e1st k\u00edn\u00e1l a vandalizmus \u00e9s a szabot\u00e1zsesem\u00e9nyek ellen, valamint id\u0151j\u00e1r\u00e1s\u00e1ll\u00f3 ellen\u00e1ll\u00e1st biztos\u00edt extr\u00e9m k\u00f6rnyezeti k\u00f6r\u00fclm\u00e9nyek k\u00f6z\u00f6tt.<\/p>\n","protected":false},"excerpt":{"rendered":"<p>Rendel\u00e9si k\u00f3d: F.01U.405.370<\/p>\n","protected":false},"featured_media":9537,"template":"","meta":[],"product_brand":[],"product_cat":[320],"product_tag":[25],"class_list":{"0":"post-9539","1":"product","2":"type-product","3":"status-publish","4":"has-post-thumbnail","6":"product_cat-kamerahazak-konzolok","7":"product_tag-bosch","9":"first","10":"instock","11":"taxable","12":"shipping-taxable","13":"purchasable","14":"product-type-simple"},"jetpack_sharing_enabled":true,"_links":{"self":[{"href":"https:\/\/bpont.hu\/shop\/index.php\/wp-json\/wp\/v2\/product\/9539","targetHints":{"allow":["GET"]}}],"collection":[{"href":"https:\/\/bpont.hu\/shop\/index.php\/wp-json\/wp\/v2\/product"}],"about":[{"href":"https:\/\/bpont.hu\/shop\/index.php\/wp-json\/wp\/v2\/types\/product"}],"version-history":[{"count":0,"href":"https:\/\/bpont.hu\/shop\/index.php\/wp-json\/wp\/v2\/product\/9539\/revisions"}],"wp:featuredmedia":[{"embeddable":true,"href":"https:\/\/bpont.hu\/shop\/index.php\/wp-json\/wp\/v2\/media\/9537"}],"wp:attachment":[{"href":"https:\/\/bpont.hu\/shop\/index.php\/wp-json\/wp\/v2\/media?parent=9539"}],"wp:term":[{"taxonomy":"product_brand","embeddable":true,"href":"https:\/\/bpont.hu\/shop\/index.php\/wp-json\/wp\/v2\/product_brand?post=9539"},{"taxonomy":"product_cat","embeddable":true,"href":"https:\/\/bpont.hu\/shop\/index.php\/wp-json\/wp\/v2\/product_cat?post=9539"},{"taxonomy":"product_tag","embeddable":true,"href":"https:\/\/bpont.hu\/shop\/index.php\/wp-json\/wp\/v2\/product_tag?post=9539"}],"curies":[{"name":"wp","href":"https:\/\/api.w.org\/{rel}","templated":true}]}}