{"id":9513,"date":"2025-10-08T15:03:28","date_gmt":"2025-10-08T13:03:28","guid":{"rendered":"https:\/\/bpont.hu\/shop\/index.php\/product\/nbe-3702-aldinion-3100i-ir-2mp-3-3-10-2-ip66-ik10-ir\/"},"modified":"2026-05-05T14:46:43","modified_gmt":"2026-05-05T12:46:43","slug":"nbe-3702-aldinion-3100i-ir-2mp-3-3-10-2-ip66-ik10-ir","status":"publish","type":"product","link":"https:\/\/bpont.hu\/shop\/index.php\/product\/nbe-3702-aldinion-3100i-ir-2mp-3-3-10-2-ip66-ik10-ir\/","title":{"rendered":"NBE-3702-AL<br>DINION 3100i IR 2MP 3.3-10.2. IP66 IK10 IR"},"content":{"rendered":"<p>NBE-3702-AL<\/p>\n<p>&#8211; 1080p felbont\u00e1s<br \/>\n&#8211; Az IVA Pro Buildings megb\u00edzhat\u00f3, m\u00e9lytanul\u00e1son alapul\u00f3 szem\u00e9ly- \u00e9s j\u00e1rm\u0171\u00e9szlel\u00e9st biztos\u00edt<br \/>\n&#8211; Nagy dinamikatartom\u00e1ny (HDR) a jelenet vil\u00e1gos \u00e9s s\u00f6t\u00e9t ter\u00fcletein egyar\u00e1nt minden r\u00e9szlet megtekint\u00e9s\u00e9hez<br \/>\n&#8211; Be\u00e9p\u00edtett Secure Element Trusted Platform Module-lal (TPM) a legmagasabb szint\u0171 biztons\u00e1g biztos\u00edt\u00e1sa \u00e9rdek\u00e9ben az eszk\u00f6z\u00f6kh\u00f6z val\u00f3 hozz\u00e1f\u00e9r\u00e9s \u00e9s az adat\u00e1tvitel sor\u00e1n<br \/>\n&#8211; Be\u00e9p\u00edtett intelligens IR-megvil\u00e1g\u00edt\u00f3 ak\u00e1r 30 m (98 l\u00e1b) l\u00e1t\u00f3t\u00e1vols\u00e1ggal<\/p>\n<p>Az NBE-3702-AL egy sokoldal\u00fa eszk\u00f6z \u00e1ltal\u00e1nos k\u00fclt\u00e9ri megfigyel\u00e9si monitoroz\u00e1shoz. A diszkr\u00e9t haszn\u00e1latra tervezett kompakt kialak\u00edt\u00e1s \u00e9s a gyors be\u00e1ll\u00edt\u00e1s nagyfok\u00fa telep\u00edt\u00e9si rugalmass\u00e1got k\u00edn\u00e1l. A kamera 1\/2,8 h\u00fcvelykes \u00e9rz\u00e9kel\u0151vel \u00e9s HDR technol\u00f3gi\u00e1val rendelkezik HD 1080p felbont\u00e1sban. Az integr\u00e1lt varifok\u00e1lis objekt\u00edvvel kombin\u00e1lva a kamera \u00e9les \u00e9s r\u00e9szletes k\u00e9pet biztos\u00edt rugalmas l\u00e1t\u00f3mez\u0151vel. A hozz\u00e1adott IR-funkci\u00f3val a kamera olyan jelenetekben is k\u00e9pes m\u0171k\u00f6dni, ahol a k\u00f6rnyezeti megvil\u00e1g\u00edt\u00e1s nem mindig \u00e1ll rendelkez\u00e9sre.<\/p>\n","protected":false},"excerpt":{"rendered":"<p>Rendel\u00e9si k\u00f3d: F.01U.414.799<\/p>\n","protected":false},"featured_media":9512,"template":"","meta":[],"product_brand":[],"product_cat":[418],"product_tag":[25],"class_list":{"0":"post-9513","1":"product","2":"type-product","3":"status-publish","4":"has-post-thumbnail","6":"product_cat-kompakt-kamera","7":"product_tag-bosch","9":"first","10":"instock","11":"taxable","12":"shipping-taxable","13":"purchasable","14":"product-type-simple"},"jetpack_sharing_enabled":true,"_links":{"self":[{"href":"https:\/\/bpont.hu\/shop\/index.php\/wp-json\/wp\/v2\/product\/9513","targetHints":{"allow":["GET"]}}],"collection":[{"href":"https:\/\/bpont.hu\/shop\/index.php\/wp-json\/wp\/v2\/product"}],"about":[{"href":"https:\/\/bpont.hu\/shop\/index.php\/wp-json\/wp\/v2\/types\/product"}],"version-history":[{"count":0,"href":"https:\/\/bpont.hu\/shop\/index.php\/wp-json\/wp\/v2\/product\/9513\/revisions"}],"wp:featuredmedia":[{"embeddable":true,"href":"https:\/\/bpont.hu\/shop\/index.php\/wp-json\/wp\/v2\/media\/9512"}],"wp:attachment":[{"href":"https:\/\/bpont.hu\/shop\/index.php\/wp-json\/wp\/v2\/media?parent=9513"}],"wp:term":[{"taxonomy":"product_brand","embeddable":true,"href":"https:\/\/bpont.hu\/shop\/index.php\/wp-json\/wp\/v2\/product_brand?post=9513"},{"taxonomy":"product_cat","embeddable":true,"href":"https:\/\/bpont.hu\/shop\/index.php\/wp-json\/wp\/v2\/product_cat?post=9513"},{"taxonomy":"product_tag","embeddable":true,"href":"https:\/\/bpont.hu\/shop\/index.php\/wp-json\/wp\/v2\/product_tag?post=9513"}],"curies":[{"name":"wp","href":"https:\/\/api.w.org\/{rel}","templated":true}]}}