{"id":9511,"date":"2025-10-08T15:03:28","date_gmt":"2025-10-08T13:03:28","guid":{"rendered":"https:\/\/bpont.hu\/shop\/index.php\/product\/nda-5081-pcfestheto-takaro-f360-4pcs\/"},"modified":"2026-05-05T14:46:43","modified_gmt":"2026-05-05T12:46:43","slug":"nda-5081-pcfestheto-takaro-f360-4pcs","status":"publish","type":"product","link":"https:\/\/bpont.hu\/shop\/index.php\/product\/nda-5081-pcfestheto-takaro-f360-4pcs\/","title":{"rendered":"NDA-5081-PC<br>Festhet\u0151 takar\u00f3 F360 4pcs"},"content":{"rendered":"<p>NDA-5081-PC<\/p>\n<p>A festhet\u0151 bor\u00edt\u00f3kieg\u00e9sz\u00edt\u0151k seg\u00edts\u00e9g\u00e9vel testre szabhat\u00f3 az eszk\u00f6z megjelen\u00e9se, \u00e9s a k\u00f6rnyezet\u00e9hez igaz\u00edthat\u00f3.<\/p>\n","protected":false},"excerpt":{"rendered":"<p>Rendel\u00e9si k\u00f3d: F.01U.394.005<\/p>\n","protected":false},"featured_media":9510,"template":"","meta":[],"product_brand":[],"product_cat":[320],"product_tag":[25],"class_list":{"0":"post-9511","1":"product","2":"type-product","3":"status-publish","4":"has-post-thumbnail","6":"product_cat-kamerahazak-konzolok","7":"product_tag-bosch","9":"first","10":"instock","11":"taxable","12":"shipping-taxable","13":"purchasable","14":"product-type-simple"},"jetpack_sharing_enabled":true,"_links":{"self":[{"href":"https:\/\/bpont.hu\/shop\/index.php\/wp-json\/wp\/v2\/product\/9511","targetHints":{"allow":["GET"]}}],"collection":[{"href":"https:\/\/bpont.hu\/shop\/index.php\/wp-json\/wp\/v2\/product"}],"about":[{"href":"https:\/\/bpont.hu\/shop\/index.php\/wp-json\/wp\/v2\/types\/product"}],"version-history":[{"count":0,"href":"https:\/\/bpont.hu\/shop\/index.php\/wp-json\/wp\/v2\/product\/9511\/revisions"}],"wp:featuredmedia":[{"embeddable":true,"href":"https:\/\/bpont.hu\/shop\/index.php\/wp-json\/wp\/v2\/media\/9510"}],"wp:attachment":[{"href":"https:\/\/bpont.hu\/shop\/index.php\/wp-json\/wp\/v2\/media?parent=9511"}],"wp:term":[{"taxonomy":"product_brand","embeddable":true,"href":"https:\/\/bpont.hu\/shop\/index.php\/wp-json\/wp\/v2\/product_brand?post=9511"},{"taxonomy":"product_cat","embeddable":true,"href":"https:\/\/bpont.hu\/shop\/index.php\/wp-json\/wp\/v2\/product_cat?post=9511"},{"taxonomy":"product_tag","embeddable":true,"href":"https:\/\/bpont.hu\/shop\/index.php\/wp-json\/wp\/v2\/product_tag?post=9511"}],"curies":[{"name":"wp","href":"https:\/\/api.w.org\/{rel}","templated":true}]}}