{"id":9507,"date":"2025-10-08T15:03:23","date_gmt":"2025-10-08T13:03:23","guid":{"rendered":"https:\/\/bpont.hu\/shop\/index.php\/product\/nds-5704-f360flexidome-panoramic-5100i-12mp-360o\/"},"modified":"2026-03-11T16:40:53","modified_gmt":"2026-03-11T14:40:53","slug":"nds-5704-f360flexidome-panoramic-5100i-12mp-360o","status":"publish","type":"product","link":"https:\/\/bpont.hu\/shop\/index.php\/product\/nds-5704-f360flexidome-panoramic-5100i-12mp-360o\/","title":{"rendered":"NDS-5704-F360<br>FLEXIDOME panoramic 5100i 12MP 360\u00ba"},"content":{"rendered":"<p>NDS-5704-F360<\/p>\n<p>&#8211; 360\u00b0-os panor\u00e1ma \u00e1ttekint\u00e9s 12MP felbont\u00e1sban holtterek n\u00e9lk\u00fcl<br \/>\n&#8211; Nagy dinamikatartom\u00e1ny a jelenet vil\u00e1gos \u00e9s s\u00f6t\u00e9t ter\u00fcletein egyar\u00e1nt l\u00e1that\u00f3 r\u00e9szletek\u00e9rt<br \/>\n&#8211; Sz\u00e9l- vagy kliensoldali torz\u00edt\u00e1smentes\u00edt\u00e9s az egyszer\u0171 integr\u00e1ci\u00f3 \u00e9s a rugalmas megtekint\u00e9si \u00e9s r\u00f6gz\u00edt\u00e9si lehet\u0151s\u00e9gek\u00e9rt<br \/>\n&#8211; Be\u00e9p\u00edtett IVA Pro Buildings, IVA Pro Perimeter \u00e9s intelligens audioanalitika a relev\u00e1ns riaszt\u00e1sok kiv\u00e1lt\u00e1s\u00e1ra \u00e9s az adatok gyors lek\u00e9r\u00e9s\u00e9re<br \/>\n&#8211; Kompakt kialak\u00edt\u00e1s a diszkr\u00e9t belt\u00e9ri haszn\u00e1latra, gyors \u00e9s egyszer\u0171 telep\u00edt\u00e9ssel \u00e9s be\u00e1ll\u00edt\u00e1ssal<br \/>\n&#8211; HDMI kimenet monitorhoz, \u00edgy t\u00f6k\u00e9letesen illik kiskereskedelmi k\u00f6rnyezetbe<\/p>\n<p>Az NDS-5704-F360 egy diszkr\u00e9t \u00e9s eszt\u00e9tikus panor\u00e1makamera belt\u00e9ri megfigyel\u00e9shez holtterek n\u00e9lk\u00fcl. Sztereografikus, panor\u00e1ma objekt\u00edvje teljes 360\u00b0-os lefedetts\u00e9get biztos\u00edt holtterek n\u00e9lk\u00fcl, ide\u00e1lis olyan megfigyel\u00e9si alkalmaz\u00e1sokhoz, amelyek nagy ter\u00fclet lefedetts\u00e9g\u00e9t ig\u00e9nylik egyetlen, r\u00e9szletes n\u00e9zetben. A kamera teljes helyzetfelismer\u00e9st \u00e9s egyidej\u0171leg nagy felbont\u00e1s\u00fa, nagy\u00edtott k\u00e9peket k\u00edn\u00e1l. A cs\u00facskateg\u00f3ri\u00e1s rendszerchip (SoC) torz\u00edt\u00e1smentes\u00edt\u00e9st biztos\u00edt az egyszer\u0171 integr\u00e1ci\u00f3 \u00e9s a rugalmas megtekint\u00e9si \u00e9s r\u00f6gz\u00edt\u00e9si lehet\u0151s\u00e9gek\u00e9rt. A be\u00e9p\u00edtett Intelligent Video Analytics Pro (IVA Pro) gazdag\u00edtja a teljes helyzetfelismer\u00e9st \u00e9s relev\u00e1ns riaszt\u00e1sokat v\u00e1lt ki. Az intelligens audioanalitika jelent\u00e9st ad a r\u00f6gz\u00edtett hangoknak. <\/p>\n","protected":false},"excerpt":{"rendered":"<p>Rendel\u00e9si k\u00f3d: F.01U.385.629<\/p>\n","protected":false},"featured_media":9506,"template":"","meta":[],"product_brand":[],"product_cat":[345],"product_tag":[25],"class_list":{"0":"post-9507","1":"product","2":"type-product","3":"status-publish","4":"has-post-thumbnail","6":"product_cat-dom-kamerak","7":"product_tag-bosch","9":"first","10":"instock","11":"taxable","12":"shipping-taxable","13":"purchasable","14":"product-type-simple"},"jetpack_sharing_enabled":true,"_links":{"self":[{"href":"https:\/\/bpont.hu\/shop\/index.php\/wp-json\/wp\/v2\/product\/9507","targetHints":{"allow":["GET"]}}],"collection":[{"href":"https:\/\/bpont.hu\/shop\/index.php\/wp-json\/wp\/v2\/product"}],"about":[{"href":"https:\/\/bpont.hu\/shop\/index.php\/wp-json\/wp\/v2\/types\/product"}],"version-history":[{"count":0,"href":"https:\/\/bpont.hu\/shop\/index.php\/wp-json\/wp\/v2\/product\/9507\/revisions"}],"wp:featuredmedia":[{"embeddable":true,"href":"https:\/\/bpont.hu\/shop\/index.php\/wp-json\/wp\/v2\/media\/9506"}],"wp:attachment":[{"href":"https:\/\/bpont.hu\/shop\/index.php\/wp-json\/wp\/v2\/media?parent=9507"}],"wp:term":[{"taxonomy":"product_brand","embeddable":true,"href":"https:\/\/bpont.hu\/shop\/index.php\/wp-json\/wp\/v2\/product_brand?post=9507"},{"taxonomy":"product_cat","embeddable":true,"href":"https:\/\/bpont.hu\/shop\/index.php\/wp-json\/wp\/v2\/product_cat?post=9507"},{"taxonomy":"product_tag","embeddable":true,"href":"https:\/\/bpont.hu\/shop\/index.php\/wp-json\/wp\/v2\/product_tag?post=9507"}],"curies":[{"name":"wp","href":"https:\/\/api.w.org\/{rel}","templated":true}]}}