{"id":9505,"date":"2025-10-08T15:03:22","date_gmt":"2025-10-08T13:03:22","guid":{"rendered":"https:\/\/bpont.hu\/shop\/index.php\/product\/nda-8000-hcblhidrofil-bevonattal-ellatott-bura\/"},"modified":"2026-03-11T16:40:52","modified_gmt":"2026-03-11T14:40:52","slug":"nda-8000-hcblhidrofil-bevonattal-ellatott-bura","status":"publish","type":"product","link":"https:\/\/bpont.hu\/shop\/index.php\/product\/nda-8000-hcblhidrofil-bevonattal-ellatott-bura\/","title":{"rendered":"NDA-8000-HCBL<br>Hidrofil bevonattal ell\u00e1tott b\u00fara"},"content":{"rendered":"<p>NDA-8000-HCBL<\/p>\n<p>&#8211; Fokozott tisztas\u00e1g \u00e9s l\u00e1that\u00f3s\u00e1g nedves k\u00f6r\u00fclm\u00e9nyek k\u00f6z\u00f6tt<br \/>\n&#8211; K\u00f6nny\u0171 telep\u00edt\u00e9s<br \/>\n&#8211; Kevesebb karbantart\u00e1st \u00e9s tiszt\u00edt\u00e1st ig\u00e9nyel<br \/>\n&#8211; Fokozott tart\u00f3ss\u00e1g<\/p>\n<p>A bubor\u00e9k hidrofil bevonata megakad\u00e1lyozza a v\u00edzcseppek k\u00e9pz\u0151d\u00e9s\u00e9t, a szennyez\u0151d\u00e9s, por \u00e9s egy\u00e9b szennyez\u0151d\u00e9sek felhalmoz\u00f3d\u00e1s\u00e1t a fel\u00fclet\u00e9n, cs\u00f6kkentve az es\u0151 \u00e9s a harmat okozta elmos\u00f3dott k\u00e9pek val\u00f3sz\u00edn\u0171s\u00e9g\u00e9t. Ez ritk\u00e1bb tiszt\u00edt\u00e1st \u00e9s karbantart\u00e1st eredm\u00e9nyez, id\u0151t \u00e9s er\u0151forr\u00e1sokat takar\u00edtva meg a felhaszn\u00e1l\u00f3k sz\u00e1m\u00e1ra. A bevonat megk\u00f6nny\u00edti a fel\u00fclet tiszt\u00edt\u00e1s\u00e1t, mivel a szennyez\u0151d\u00e9sek kev\u00e9sb\u00e9 hajlamosak er\u0151sen megtapadni. A hidrofil bubor\u00e9k a k\u00f6vetkez\u0151 eszk\u00f6z\u00f6kkel kompatibilis:<br \/>\n&#8211; FLEXIDOME IP starlight 8000i<br \/>\n&#8211; FLEXIDOME 8100i<br \/>\n&#8211; FLEXIDOME 8100i IR<br \/>\n&#8211; FLEXIDOME 8100i \u2014 X sorozat<br \/>\n&#8211; FLEXIDOME 8100i IR \u2014 X sorozat<\/p>\n","protected":false},"excerpt":{"rendered":"<p>Rendel\u00e9si k\u00f3d: F.01U.421.952<\/p>\n","protected":false},"featured_media":9504,"template":"","meta":[],"product_brand":[],"product_cat":[320],"product_tag":[25],"class_list":{"0":"post-9505","1":"product","2":"type-product","3":"status-publish","4":"has-post-thumbnail","6":"product_cat-kamerahazak-konzolok","7":"product_tag-bosch","9":"first","10":"instock","11":"taxable","12":"shipping-taxable","13":"purchasable","14":"product-type-simple"},"jetpack_sharing_enabled":true,"_links":{"self":[{"href":"https:\/\/bpont.hu\/shop\/index.php\/wp-json\/wp\/v2\/product\/9505","targetHints":{"allow":["GET"]}}],"collection":[{"href":"https:\/\/bpont.hu\/shop\/index.php\/wp-json\/wp\/v2\/product"}],"about":[{"href":"https:\/\/bpont.hu\/shop\/index.php\/wp-json\/wp\/v2\/types\/product"}],"version-history":[{"count":0,"href":"https:\/\/bpont.hu\/shop\/index.php\/wp-json\/wp\/v2\/product\/9505\/revisions"}],"wp:featuredmedia":[{"embeddable":true,"href":"https:\/\/bpont.hu\/shop\/index.php\/wp-json\/wp\/v2\/media\/9504"}],"wp:attachment":[{"href":"https:\/\/bpont.hu\/shop\/index.php\/wp-json\/wp\/v2\/media?parent=9505"}],"wp:term":[{"taxonomy":"product_brand","embeddable":true,"href":"https:\/\/bpont.hu\/shop\/index.php\/wp-json\/wp\/v2\/product_brand?post=9505"},{"taxonomy":"product_cat","embeddable":true,"href":"https:\/\/bpont.hu\/shop\/index.php\/wp-json\/wp\/v2\/product_cat?post=9505"},{"taxonomy":"product_tag","embeddable":true,"href":"https:\/\/bpont.hu\/shop\/index.php\/wp-json\/wp\/v2\/product_tag?post=9505"}],"curies":[{"name":"wp","href":"https:\/\/api.w.org\/{rel}","templated":true}]}}