{"id":9503,"date":"2025-10-08T15:03:21","date_gmt":"2025-10-08T13:03:21","guid":{"rendered":"https:\/\/bpont.hu\/shop\/index.php\/product\/nda-8000-pcirfestheto-takaro-4-db-ir-sorozathoz\/"},"modified":"2026-03-11T16:40:52","modified_gmt":"2026-03-11T14:40:52","slug":"nda-8000-pcirfestheto-takaro-4-db-ir-sorozathoz","status":"publish","type":"product","link":"https:\/\/bpont.hu\/shop\/index.php\/product\/nda-8000-pcirfestheto-takaro-4-db-ir-sorozathoz\/","title":{"rendered":"NDA-8000-PCIR<br>Festhet\u0151 takar\u00f3 4 db IR sorozathoz"},"content":{"rendered":"<p>NDA-8000-PCIR<\/p>\n<p>Rendel\u00e9s eset\u00e9n felfel\u00e9 kerek\u00edtj\u00fck a 4 t\u00f6bsz\u00f6r\u00f6s\u00e9hez.<\/p>\n<p>A festhet\u0151 bor\u00edt\u00f3 seg\u00edts\u00e9g\u00e9vel testre szabhat\u00f3 az eszk\u00f6z megjelen\u00e9se, \u00e9s a k\u00f6rnyezet\u00e9hez igaz\u00edthat\u00f3.<\/p>\n","protected":false},"excerpt":{"rendered":"<p>Rendel\u00e9si k\u00f3d: F.01U.421.951<\/p>\n","protected":false},"featured_media":9502,"template":"","meta":[],"product_brand":[],"product_cat":[320],"product_tag":[25],"class_list":{"0":"post-9503","1":"product","2":"type-product","3":"status-publish","4":"has-post-thumbnail","6":"product_cat-kamerahazak-konzolok","7":"product_tag-bosch","9":"first","10":"instock","11":"taxable","12":"shipping-taxable","13":"purchasable","14":"product-type-simple"},"jetpack_sharing_enabled":true,"_links":{"self":[{"href":"https:\/\/bpont.hu\/shop\/index.php\/wp-json\/wp\/v2\/product\/9503","targetHints":{"allow":["GET"]}}],"collection":[{"href":"https:\/\/bpont.hu\/shop\/index.php\/wp-json\/wp\/v2\/product"}],"about":[{"href":"https:\/\/bpont.hu\/shop\/index.php\/wp-json\/wp\/v2\/types\/product"}],"version-history":[{"count":0,"href":"https:\/\/bpont.hu\/shop\/index.php\/wp-json\/wp\/v2\/product\/9503\/revisions"}],"wp:featuredmedia":[{"embeddable":true,"href":"https:\/\/bpont.hu\/shop\/index.php\/wp-json\/wp\/v2\/media\/9502"}],"wp:attachment":[{"href":"https:\/\/bpont.hu\/shop\/index.php\/wp-json\/wp\/v2\/media?parent=9503"}],"wp:term":[{"taxonomy":"product_brand","embeddable":true,"href":"https:\/\/bpont.hu\/shop\/index.php\/wp-json\/wp\/v2\/product_brand?post=9503"},{"taxonomy":"product_cat","embeddable":true,"href":"https:\/\/bpont.hu\/shop\/index.php\/wp-json\/wp\/v2\/product_cat?post=9503"},{"taxonomy":"product_tag","embeddable":true,"href":"https:\/\/bpont.hu\/shop\/index.php\/wp-json\/wp\/v2\/product_tag?post=9503"}],"curies":[{"name":"wp","href":"https:\/\/api.w.org\/{rel}","templated":true}]}}