{"id":9501,"date":"2025-10-08T15:03:20","date_gmt":"2025-10-08T13:03:20","guid":{"rendered":"https:\/\/bpont.hu\/shop\/index.php\/product\/nda-8002-plenmennyezeti-beepitokeret-plenum-minositessel\/"},"modified":"2026-03-11T16:40:52","modified_gmt":"2026-03-11T14:40:52","slug":"nda-8002-plenmennyezeti-beepitokeret-plenum-minositessel","status":"publish","type":"product","link":"https:\/\/bpont.hu\/shop\/index.php\/product\/nda-8002-plenmennyezeti-beepitokeret-plenum-minositessel\/","title":{"rendered":"NDA-8002-PLEN<br>Mennyezeti be\u00e9p\u00edt\u0151keret plenum-min\u0151s\u00edt\u00e9ssel"},"content":{"rendered":"<p>NDA-8002-PLEN<br \/>\nA plenum besorol\u00e1s\u00fa be\u00e9p\u00edt\u0151keret k\u00f6nnyen telep\u00edthet\u0151 \u00e9s korr\u00f3zi\u00f3\u00e1ll\u00f3 bevonattal rendelkezik. A r\u00f6gz\u00edt\u0151k\u00e9szlet mikrofontart\u00f3val \u00e9rkezik. A plenum besorol\u00e1s\u00fa r\u00f6gz\u00edt\u0151k\u00e9szlet kompatibilis a FLEXIDOME 8100i kamer\u00e1kkal.<\/p>\n","protected":false},"excerpt":{"rendered":"<p>Rendel\u00e9si k\u00f3d: F.01U.421.947<\/p>\n","protected":false},"featured_media":9500,"template":"","meta":[],"product_brand":[],"product_cat":[320],"product_tag":[25],"class_list":{"0":"post-9501","1":"product","2":"type-product","3":"status-publish","4":"has-post-thumbnail","6":"product_cat-kamerahazak-konzolok","7":"product_tag-bosch","9":"first","10":"instock","11":"taxable","12":"shipping-taxable","13":"purchasable","14":"product-type-simple"},"jetpack_sharing_enabled":true,"_links":{"self":[{"href":"https:\/\/bpont.hu\/shop\/index.php\/wp-json\/wp\/v2\/product\/9501","targetHints":{"allow":["GET"]}}],"collection":[{"href":"https:\/\/bpont.hu\/shop\/index.php\/wp-json\/wp\/v2\/product"}],"about":[{"href":"https:\/\/bpont.hu\/shop\/index.php\/wp-json\/wp\/v2\/types\/product"}],"version-history":[{"count":0,"href":"https:\/\/bpont.hu\/shop\/index.php\/wp-json\/wp\/v2\/product\/9501\/revisions"}],"wp:featuredmedia":[{"embeddable":true,"href":"https:\/\/bpont.hu\/shop\/index.php\/wp-json\/wp\/v2\/media\/9500"}],"wp:attachment":[{"href":"https:\/\/bpont.hu\/shop\/index.php\/wp-json\/wp\/v2\/media?parent=9501"}],"wp:term":[{"taxonomy":"product_brand","embeddable":true,"href":"https:\/\/bpont.hu\/shop\/index.php\/wp-json\/wp\/v2\/product_brand?post=9501"},{"taxonomy":"product_cat","embeddable":true,"href":"https:\/\/bpont.hu\/shop\/index.php\/wp-json\/wp\/v2\/product_cat?post=9501"},{"taxonomy":"product_tag","embeddable":true,"href":"https:\/\/bpont.hu\/shop\/index.php\/wp-json\/wp\/v2\/product_tag?post=9501"}],"curies":[{"name":"wp","href":"https:\/\/api.w.org\/{rel}","templated":true}]}}