{"id":9497,"date":"2025-10-08T15:03:18","date_gmt":"2025-10-08T13:03:18","guid":{"rendered":"https:\/\/bpont.hu\/shop\/index.php\/product\/nda-8000-pipwirfuggesztett-illesztolemez-kulteri-ir-sorozathoz\/"},"modified":"2026-03-11T16:40:52","modified_gmt":"2026-03-11T14:40:52","slug":"nda-8000-pipwirfuggesztett-illesztolemez-kulteri-ir-sorozathoz","status":"publish","type":"product","link":"https:\/\/bpont.hu\/shop\/index.php\/product\/nda-8000-pipwirfuggesztett-illesztolemez-kulteri-ir-sorozathoz\/","title":{"rendered":"NDA-8000-PIPWIR<br>F\u00fcggesztett illeszt\u0151lemez k\u00fclt\u00e9ri IR sorozathoz"},"content":{"rendered":"<p>NDA-8000-PIPWIR<\/p>\n<p>&#8211; Modul\u00e1ris kialak\u00edt\u00e1s a gyors \u00e9s egyszer\u0171 telep\u00edt\u00e9s \u00e9rdek\u00e9ben<br \/>\n&#8211; Id\u0151j\u00e1r\u00e1s\u00e1ll\u00f3 bevonat a eszt\u00e9tikus megjelen\u00e9s meg\u0151rz\u00e9se \u00e9rdek\u00e9ben<br \/>\n&#8211; Lehet\u0151v\u00e9 teszi a kamera falra (NDA-U-WMT) vagy f\u00fcgg\u0151 cs\u0151re (NDA-U-PMT) t\u00f6rt\u00e9n\u0151 felszerel\u00e9s\u00e9t<\/p>\n<p>Az NDA-8000-PIPWIR egy id\u0151j\u00e1r\u00e1s\u00e1ll\u00f3 v\u00e9d\u0151eszk\u00f6z, amely megv\u00e9di a cs\u0151re vagy f\u00fcgg\u0151re szerelt kamer\u00e1t a zord id\u0151j\u00e1r\u00e1si k\u00f6r\u00fclm\u00e9nyekt\u0151l, p\u00e9ld\u00e1ul az es\u0151t\u0151l, a h\u00f3t\u00f3l \u00e9s a k\u00f6zvetlen napf\u00e9nyt\u0151l, cs\u00f6kkentve a k\u00e1rosod\u00e1s kock\u00e1zat\u00e1t \u00e9s minimaliz\u00e1lva a kamera karbantart\u00e1s\u00e1t<\/p>\n","protected":false},"excerpt":{"rendered":"<p>Rendel\u00e9si k\u00f3d: F.01U.421.945<\/p>\n","protected":false},"featured_media":9496,"template":"","meta":[],"product_brand":[],"product_cat":[320],"product_tag":[25],"class_list":{"0":"post-9497","1":"product","2":"type-product","3":"status-publish","4":"has-post-thumbnail","6":"product_cat-kamerahazak-konzolok","7":"product_tag-bosch","9":"first","10":"instock","11":"taxable","12":"shipping-taxable","13":"purchasable","14":"product-type-simple"},"jetpack_sharing_enabled":true,"_links":{"self":[{"href":"https:\/\/bpont.hu\/shop\/index.php\/wp-json\/wp\/v2\/product\/9497","targetHints":{"allow":["GET"]}}],"collection":[{"href":"https:\/\/bpont.hu\/shop\/index.php\/wp-json\/wp\/v2\/product"}],"about":[{"href":"https:\/\/bpont.hu\/shop\/index.php\/wp-json\/wp\/v2\/types\/product"}],"version-history":[{"count":0,"href":"https:\/\/bpont.hu\/shop\/index.php\/wp-json\/wp\/v2\/product\/9497\/revisions"}],"wp:featuredmedia":[{"embeddable":true,"href":"https:\/\/bpont.hu\/shop\/index.php\/wp-json\/wp\/v2\/media\/9496"}],"wp:attachment":[{"href":"https:\/\/bpont.hu\/shop\/index.php\/wp-json\/wp\/v2\/media?parent=9497"}],"wp:term":[{"taxonomy":"product_brand","embeddable":true,"href":"https:\/\/bpont.hu\/shop\/index.php\/wp-json\/wp\/v2\/product_brand?post=9497"},{"taxonomy":"product_cat","embeddable":true,"href":"https:\/\/bpont.hu\/shop\/index.php\/wp-json\/wp\/v2\/product_cat?post=9497"},{"taxonomy":"product_tag","embeddable":true,"href":"https:\/\/bpont.hu\/shop\/index.php\/wp-json\/wp\/v2\/product_tag?post=9497"}],"curies":[{"name":"wp","href":"https:\/\/api.w.org\/{rel}","templated":true}]}}