{"id":9492,"date":"2025-10-08T15:03:15","date_gmt":"2025-10-08T13:03:15","guid":{"rendered":"https:\/\/bpont.hu\/shop\/index.php\/product\/nde-8704-rtfix-dom-kamera-8mp-hdr-12-38mm-ptrz-ip67\/"},"modified":"2026-05-05T14:46:41","modified_gmt":"2026-05-05T12:46:41","slug":"nde-8704-rtfix-dom-kamera-8mp-hdr-12-38mm-ptrz-ip67","status":"publish","type":"product","link":"https:\/\/bpont.hu\/shop\/index.php\/product\/nde-8704-rtfix-dom-kamera-8mp-hdr-12-38mm-ptrz-ip67\/","title":{"rendered":"NDE-8704-RT<br>Fix d\u00f3m-kamera 8MP HDR 12-38mm PTRZ IP67"},"content":{"rendered":"<p>NDE-8704-RT<\/p>\n<p>&#8211; T\u00e1voli konfigur\u00e1ci\u00f3 \u00e9s \u00fczembe helyez\u00e9s. A kamera t\u00e1voli be\u00e1ll\u00edt\u00e1s\u00e1hoz a k\u00edv\u00e1nt l\u00e1t\u00f3mez\u0151be \u00e1ll\u00edthatja a forgat\u00e1st, d\u00f6nt\u00e9st, g\u00f6rget\u00e9st \u00e9s zoomol\u00e1st (PTRZ) an\u00e9lk\u00fcl, hogy a kamer\u00e1t vagy az objekt\u00edvet \u00e9rintenie kellene.<br \/>\n&#8211; Starlight X technol\u00f3gia 1\/1,8&#8243;-os UHD 4K \u00e9rz\u00e9kel\u0151vel a k\u00f6vetkez\u0151 szintre emelt gyenge f\u00e9nyviszonyok melletti teljes\u00edtm\u00e9ny\u00e9rt, maxim\u00e1lis r\u00e9szletess\u00e9ggel.<br \/>\n&#8211; HDR X &#8211; Nagy dinamikatartom\u00e1ny, hogy minden r\u00e9szletet l\u00e1sson a jelenet vil\u00e1gos \u00e9s s\u00f6t\u00e9t ter\u00fcletein egyar\u00e1nt, HDR mozg\u00e1s okozta elmos\u00f3d\u00e1s \u00e9s m\u0171term\u00e9kek n\u00e9lk\u00fcl.<br \/>\n&#8211; Az IVA Pro rendk\u00edv\u00fcl megb\u00edzhat\u00f3, m\u00e9lytanul\u00e1son alapul\u00f3 szem\u00e9lyek \u00e9s j\u00e1rm\u0171vek \u00e9szlel\u00e9s\u00e9t teszi lehet\u0151v\u00e9 a steril \u00e9s a zs\u00fafolt z\u00f3n\u00e1kt\u00f3l a t\u00falterhelt z\u00f3n\u00e1kig.<br \/>\n&#8211; Az elektronikus k\u00e9pstabiliz\u00e1l\u00e1s (EIS) m\u00e9ri az eszk\u00f6z rezg\u00e9seinek frekvenci\u00e1j\u00e1t \u00e9s amplit\u00fad\u00f3j\u00e1t, hogy ellens\u00falyozza azok hat\u00e1s\u00e1t a k\u00e9pre.<\/p>\n<p>A FLEXIDOME 8100i 8MP \u2014 X sorozat\u00fa kamera 1\/1,8&#8243;-os \u00e9rz\u00e9kel\u0151vel, Starlight X \u00e9s HDR X technol\u00f3gi\u00e1val rendelkezik  &#8211; T\u00e1voli konfigur\u00e1ci\u00f3 \u00e9s \u00fczembe helyez\u00e9s. A kamera t\u00e1voli be\u00e1ll\u00edt\u00e1s\u00e1hoz a k\u00edv\u00e1nt l\u00e1t\u00f3mez\u0151be \u00e1ll\u00edthatja a forgat\u00e1st, d\u00f6nt\u00e9st, g\u00f6rget\u00e9st \u00e9s zoomol\u00e1st (PTRZ) an\u00e9lk\u00fcl, hogy a kamer\u00e1t vagy az objekt\u00edvet \u00e9rintenie kellene.<br \/>\n&#8211; Starlight X technol\u00f3gia 1\/1,8&#8243;-os 6Mp \u00e9rz\u00e9kel\u0151vel a k\u00f6vetkez\u0151 szintre emelt gyenge f\u00e9nyviszonyok melletti teljes\u00edtm\u00e9ny\u00e9rt, maxim\u00e1lis r\u00e9szletess\u00e9ggel.<br \/>\n&#8211; HDR X &#8211; Nagy dinamikatartom\u00e1ny, hogy minden r\u00e9szletet l\u00e1sson a jelenet vil\u00e1gos \u00e9s s\u00f6t\u00e9t ter\u00fcletein egyar\u00e1nt, HDR mozg\u00e1s okozta elmos\u00f3d\u00e1s \u00e9s m\u0171term\u00e9kek n\u00e9lk\u00fcl.<br \/>\n&#8211; Az IVA Pro rendk\u00edv\u00fcl megb\u00edzhat\u00f3, m\u00e9lytanul\u00e1son alapul\u00f3 szem\u00e9lyek \u00e9s j\u00e1rm\u0171vek \u00e9szlel\u00e9s\u00e9t teszi lehet\u0151v\u00e9 a steril \u00e9s a zs\u00fafolt z\u00f3n\u00e1kt\u00f3l a t\u00falterhelt z\u00f3n\u00e1kig.<br \/>\n&#8211; Az elektronikus k\u00e9pstabiliz\u00e1l\u00e1s (EIS) m\u00e9ri az eszk\u00f6z rezg\u00e9seinek frekvenci\u00e1j\u00e1t \u00e9s amplit\u00fad\u00f3j\u00e1t, hogy ellens\u00falyozza azok hat\u00e1s\u00e1t a k\u00e9pre.<\/p>\n<p>A FLEXIDOME 8100i 6MP \u2014 X sorozat\u00fa kamera 1\/1,8&#8243;-os \u00e9rz\u00e9kel\u0151vel, Starlight X \u00e9s HDR X technol\u00f3gi\u00e1val rendelkezik  UHD 4K felbont\u00e1sban. A Starlight X technol\u00f3gia rendk\u00edv\u00fcl alacsony f\u00e9nyviszonyok melletti \u00e9rz\u00e9kenys\u00e9get biztos\u00edt, \u00edgy a legnehezebb helyzetekben is rendk\u00edv\u00fcl r\u00e9szletes k\u00e9peket biztos\u00edt. A HDR X lehet\u0151v\u00e9 teszi a kamera sz\u00e1m\u00e1ra, hogy k\u00fcl\u00f6nb\u00f6z\u0151 f\u00e9nyviszonyok mellett, mozg\u00e1s okozta elmos\u00f3d\u00e1s \u00e9s m\u0171term\u00e9kek n\u00e9lk\u00fcl r\u00f6gz\u00edtsen vide\u00f3t a mozg\u00f3 t\u00e1rgyakon. A kamera t\u00e1voli \u00fczembe helyez\u00e9si funkci\u00f3ja minim\u00e1lis id\u0151 alatt biztos\u00edtja a telep\u00edt\u00e9st \u00e9s az \u00fczembe helyez\u00e9st. PC vagy mobileszk\u00f6z \u00e9s a Project Assistant alkalmaz\u00e1s seg\u00edts\u00e9g\u00e9vel egyetlen kattint\u00e1ssal p\u00e1szt\u00e1zhat, d\u00f6nthet, forgathat \u00e9s zoomolhat (PTRZ), \u00e9s a kamer\u00e1t a k\u00edv\u00e1nt l\u00e1t\u00f3mez\u0151re ir\u00e1ny\u00edthatja an\u00e9lk\u00fcl, hogy a kamer\u00e1t vagy az objekt\u00edvet \u00e9rintenie kellene. A leg\u00fajabb CPP14 platform nagy teljes\u00edtm\u00e9ny\u0171 feldolgoz\u00e1si k\u00e9pess\u00e9geket \u00e9s be\u00e9p\u00edtett neur\u00e1lis feldolgoz\u00f3 motort biztos\u00edt a m\u00e9lytanul\u00e1son alapul\u00f3 IVA Pro videoanalitik\u00e1hoz, \u00edgy rendk\u00edv\u00fcl megb\u00edzhat\u00f3an \u00e9rz\u00e9keli a szem\u00e9lyeket \u00e9s a j\u00e1rm\u0171veket m\u00e9g zs\u00fafolt helysz\u00edneken is. felbont\u00e1sban. A Starlight X technol\u00f3gia rendk\u00edv\u00fcl alacsony f\u00e9nyviszonyok melletti \u00e9rz\u00e9kenys\u00e9get biztos\u00edt, \u00edgy a legnehezebb helyzetekben is rendk\u00edv\u00fcl r\u00e9szletes k\u00e9peket biztos\u00edt. A HDR X lehet\u0151v\u00e9 teszi a kamera sz\u00e1m\u00e1ra, hogy k\u00fcl\u00f6nb\u00f6z\u0151 f\u00e9nyviszonyok mellett, mozg\u00e1s okozta elmos\u00f3d\u00e1s \u00e9s m\u0171term\u00e9kek n\u00e9lk\u00fcl r\u00f6gz\u00edtsen vide\u00f3t a mozg\u00f3 t\u00e1rgyakon. A kamera t\u00e1voli \u00fczembe helyez\u00e9si funkci\u00f3ja minim\u00e1lis id\u0151 alatt biztos\u00edtja a telep\u00edt\u00e9st \u00e9s az \u00fczembe helyez\u00e9st. PC vagy mobileszk\u00f6z \u00e9s a Project Assistant alkalmaz\u00e1s seg\u00edts\u00e9g\u00e9vel egyetlen kattint\u00e1ssal p\u00e1szt\u00e1zhat, d\u00f6nthet, forgathat \u00e9s zoomolhat (PTRZ), \u00e9s a kamer\u00e1t a k\u00edv\u00e1nt l\u00e1t\u00f3mez\u0151re ir\u00e1ny\u00edthatja an\u00e9lk\u00fcl, hogy a kamer\u00e1t vagy az objekt\u00edvet \u00e9rintenie kellene. A leg\u00fajabb CPP14 platform nagy teljes\u00edtm\u00e9ny\u0171 feldolgoz\u00e1si k\u00e9pess\u00e9geket \u00e9s be\u00e9p\u00edtett neur\u00e1lis feldolgoz\u00f3 motort biztos\u00edt a m\u00e9lytanul\u00e1son alapul\u00f3 IVA Pro videoanalitik\u00e1hoz, \u00edgy rendk\u00edv\u00fcl megb\u00edzhat\u00f3an \u00e9rz\u00e9keli a szem\u00e9lyeket \u00e9s a j\u00e1rm\u0171veket m\u00e9g zs\u00fafolt helysz\u00edneken is.<\/p>\n","protected":false},"excerpt":{"rendered":"<p>Rendel\u00e9si k\u00f3d: F.01U.411.098<\/p>\n","protected":false},"featured_media":9480,"template":"","meta":[],"product_brand":[],"product_cat":[345],"product_tag":[25],"class_list":{"0":"post-9492","1":"product","2":"type-product","3":"status-publish","4":"has-post-thumbnail","6":"product_cat-dom-kamerak","7":"product_tag-bosch","9":"first","10":"instock","11":"taxable","12":"shipping-taxable","13":"purchasable","14":"product-type-simple"},"jetpack_sharing_enabled":true,"_links":{"self":[{"href":"https:\/\/bpont.hu\/shop\/index.php\/wp-json\/wp\/v2\/product\/9492","targetHints":{"allow":["GET"]}}],"collection":[{"href":"https:\/\/bpont.hu\/shop\/index.php\/wp-json\/wp\/v2\/product"}],"about":[{"href":"https:\/\/bpont.hu\/shop\/index.php\/wp-json\/wp\/v2\/types\/product"}],"version-history":[{"count":0,"href":"https:\/\/bpont.hu\/shop\/index.php\/wp-json\/wp\/v2\/product\/9492\/revisions"}],"wp:featuredmedia":[{"embeddable":true,"href":"https:\/\/bpont.hu\/shop\/index.php\/wp-json\/wp\/v2\/media\/9480"}],"wp:attachment":[{"href":"https:\/\/bpont.hu\/shop\/index.php\/wp-json\/wp\/v2\/media?parent=9492"}],"wp:term":[{"taxonomy":"product_brand","embeddable":true,"href":"https:\/\/bpont.hu\/shop\/index.php\/wp-json\/wp\/v2\/product_brand?post=9492"},{"taxonomy":"product_cat","embeddable":true,"href":"https:\/\/bpont.hu\/shop\/index.php\/wp-json\/wp\/v2\/product_cat?post=9492"},{"taxonomy":"product_tag","embeddable":true,"href":"https:\/\/bpont.hu\/shop\/index.php\/wp-json\/wp\/v2\/product_tag?post=9492"}],"curies":[{"name":"wp","href":"https:\/\/api.w.org\/{rel}","templated":true}]}}