{"id":9479,"date":"2025-10-08T15:03:11","date_gmt":"2025-10-08T13:03:11","guid":{"rendered":"https:\/\/bpont.hu\/shop\/index.php\/product\/nde-8513-rxtflexidome-ip-8000i-x-series-4mp-hdr-x-12-40mm-ptrz-ip66\/"},"modified":"2026-05-05T14:46:41","modified_gmt":"2026-05-05T12:46:41","slug":"nde-8513-rxtflexidome-ip-8000i-x-series-4mp-hdr-x-12-40mm-ptrz-ip66","status":"publish","type":"product","link":"https:\/\/bpont.hu\/shop\/index.php\/product\/nde-8513-rxtflexidome-ip-8000i-x-series-4mp-hdr-x-12-40mm-ptrz-ip66\/","title":{"rendered":"NDE-8513-RXT<br>FLEXIDOME IP 8000i X series 4MP HDR X 12-40mm PTRZ IP66"},"content":{"rendered":"<p>NDE-8513-RXT<\/p>\n<p>&#8211; A motoros mozgat\u00e1s\u00fa p\u00e1szt\u00e1z\u00e1s, megd\u00f6nt\u00e9s, elforgat\u00e1s, illetve zoomol\u00e1s (PTRZ) seg\u00edts\u00e9g\u00e9vel a k\u00edv\u00e1nt ter\u00fcletre ir\u00e1ny\u00edthatja a kamer\u00e1t an\u00e9lk\u00fcl, hogy hozz\u00e1\u00e9rne a kamer\u00e1hoz vagy az objekt\u00edvhez, mert az t\u00e1vvez\u00e9rl\u00e9ssel be\u00e1ll\u00edthat\u00f3 \u00e9s vez\u00e9relhet\u0151.<br \/>\n&#8211; A Starlight X technol\u00f3gia \u00e9s az 1\/1,8&#8243;-os 4,1 MP szenzor jav\u00edtja a rossz f\u00e9nyviszonyok k\u00f6z\u00f6tti teljes\u00edtm\u00e9nyt, \u00e9s mindek\u00f6zben tov\u00e1bbra is t\u00f6k\u00e9letes r\u00e9szletgazdags\u00e1got biztos\u00edt.<br \/>\n&#8211; A HDR X technol\u00f3gi\u00e1hoz tartoz\u00f3 nagy dinamikatartom\u00e1nynak k\u00f6sz\u00f6nhet\u0151en a helysz\u00edn vil\u00e1gos \u00e9s s\u00f6t\u00e9t ter\u00fcleteinek is minden r\u00e9szlete l\u00e1that\u00f3, a mozg\u00e1sb\u00f3l keletkez\u0151 k\u00e9pi zajok n\u00e9lk\u00fcl<br \/>\n&#8211; Az objektum\u00e9szlel\u00e9si funkci\u00f3val ell\u00e1tott, be\u00e9p\u00edtett Intelligent Video Analytics t\u00e1mogatja a riaszt\u00e1sok aktiv\u00e1l\u00e1s\u00e1t \u00e9s az adatok gyors lek\u00e9r\u00e9s\u00e9t, kiemelked\u0151 megb\u00edzhat\u00f3s\u00e1ggal.<br \/>\n&#8211; A Camera Trainer seg\u00edt betan\u00edtani a kamer\u00e1t, hogy az felismerje a felhaszn\u00e1l\u00f3 \u00e1ltal meghat\u00e1rozott c\u00e9lobjektumokat, mozg\u00f3 \u00e9s nem mozg\u00f3 t\u00e1rgyak eset\u00e9n egyar\u00e1nt.<\/p>\n<p>A FLEXIDOME IP starlight 8000i \u2013 4 MP X sorozat\u00fa kamera 1\/1,8&#8243;-os szenzorral rendelkezik, \u00e9s starlight X \u00e9s HDR X technol\u00f3gi\u00e1t alkalmaz 4,1 MP felbont\u00e1sn\u00e1l. A starlight X technol\u00f3gi\u00e1val t\u00f6k\u00e9letes egyens\u00falyt teremt a nagy felbont\u00e1s \u00e9s a rossz f\u00e9nyviszonyok melletti sz\u00e9ls\u0151s\u00e9ges f\u00e9ny\u00e9rz\u00e9kenys\u00e9g k\u00f6z\u00f6tt, \u00e9s kiemelked\u0151en r\u00e9szletgazdag k\u00e9peket k\u00e9sz\u00edt m\u00e9g a legkedvez\u0151tlenebb k\u00f6r\u00fclm\u00e9nyek k\u00f6z\u00f6tt is. A HDR X technol\u00f3gi\u00e1nak k\u00f6sz\u00f6nhet\u0151en a kamer\u00e1val sz\u00e9les dinamikatartom\u00e1ny\u00fa vide\u00f3k r\u00f6gz\u00edthet\u0151k k\u00fcl\u00f6nb\u00f6z\u0151 f\u00e9nyviszonyok k\u00f6z\u00f6tt \u00e9s a mozg\u00f3 t\u00e1rgyakat \u00e9rint\u0151, a mozg\u00e1sukb\u00f3l keletkez\u0151 HDR k\u00e9pi zajok \u00e9s k\u00e9phib\u00e1k n\u00e9lk\u00fcl. Ak\u00e1r 60 k\u00e9p\/mp-es k\u00e9pfriss\u00edt\u00e9si sebess\u00e9g\u00e9nek k\u00f6sz\u00f6nhet\u0151en a gyorsan mozg\u00f3 t\u00e1rgyakr\u00f3l is k\u00f6nnyed\u00e9n k\u00e9sz\u00edt felv\u00e9telt azonos 4,1 Mp felbont\u00e1s mellett. A t\u00e1vvez\u00e9rl\u00e9si funkci\u00f3nak k\u00f6sz\u00f6nhet\u0151en a kamera r\u00f6vid id\u0151 alatt \u00fczembe helyezhet\u0151 \u00e9s be\u00e1ll\u00edthat\u00f3. A Bosch Project Assistant alkalmaz\u00e1s seg\u00edts\u00e9g\u00e9vel egy PC-r\u0151l vagy mobileszk\u00f6zr\u0151l egyetlen kattint\u00e1ssal p\u00e1szt\u00e1zhat, zoomolhat, illetve megd\u00f6ntheti vagy elforgathatja a kamer\u00e1t, hogy a k\u00edv\u00e1nt ter\u00fcletre ir\u00e1ny\u00edtsa, an\u00e9lk\u00fcl, hogy hozz\u00e1\u00e9rne a kamer\u00e1hoz vagy az objekt\u00edvhez.<\/p>\n","protected":false},"excerpt":{"rendered":"<p>Rendel\u00e9si k\u00f3d: F.01U.404.130<\/p>\n","protected":false},"featured_media":9469,"template":"","meta":[],"product_brand":[],"product_cat":[345],"product_tag":[25],"class_list":{"0":"post-9479","1":"product","2":"type-product","3":"status-publish","4":"has-post-thumbnail","6":"product_cat-dom-kamerak","7":"product_tag-bosch","9":"first","10":"instock","11":"taxable","12":"shipping-taxable","13":"purchasable","14":"product-type-simple"},"jetpack_sharing_enabled":true,"_links":{"self":[{"href":"https:\/\/bpont.hu\/shop\/index.php\/wp-json\/wp\/v2\/product\/9479","targetHints":{"allow":["GET"]}}],"collection":[{"href":"https:\/\/bpont.hu\/shop\/index.php\/wp-json\/wp\/v2\/product"}],"about":[{"href":"https:\/\/bpont.hu\/shop\/index.php\/wp-json\/wp\/v2\/types\/product"}],"version-history":[{"count":0,"href":"https:\/\/bpont.hu\/shop\/index.php\/wp-json\/wp\/v2\/product\/9479\/revisions"}],"wp:featuredmedia":[{"embeddable":true,"href":"https:\/\/bpont.hu\/shop\/index.php\/wp-json\/wp\/v2\/media\/9469"}],"wp:attachment":[{"href":"https:\/\/bpont.hu\/shop\/index.php\/wp-json\/wp\/v2\/media?parent=9479"}],"wp:term":[{"taxonomy":"product_brand","embeddable":true,"href":"https:\/\/bpont.hu\/shop\/index.php\/wp-json\/wp\/v2\/product_brand?post=9479"},{"taxonomy":"product_cat","embeddable":true,"href":"https:\/\/bpont.hu\/shop\/index.php\/wp-json\/wp\/v2\/product_cat?post=9479"},{"taxonomy":"product_tag","embeddable":true,"href":"https:\/\/bpont.hu\/shop\/index.php\/wp-json\/wp\/v2\/product_tag?post=9479"}],"curies":[{"name":"wp","href":"https:\/\/api.w.org\/{rel}","templated":true}]}}