{"id":9466,"date":"2025-10-08T14:59:37","date_gmt":"2025-10-08T12:59:37","guid":{"rendered":"https:\/\/bpont.hu\/shop\/index.php\/product\/mvc-iaa-gunlicense-gunshot-detector-perpetual-hang-es-fegyver-erz\/"},"modified":"2026-03-11T16:40:50","modified_gmt":"2026-03-11T14:40:50","slug":"mvc-iaa-gunlicense-gunshot-detector-perpetual-hang-es-fegyver-erz","status":"publish","type":"product","link":"https:\/\/bpont.hu\/shop\/index.php\/product\/mvc-iaa-gunlicense-gunshot-detector-perpetual-hang-es-fegyver-erz\/","title":{"rendered":"MVC-IAA-GUN<br>License gunshot detector  perpetual  (Hang \u00e9s Fegyver \u00e9rz.)"},"content":{"rendered":"<p>MVC-IAA-GUN<\/p>\n<p>&#8211; Alkalmaz\u00e1sspecifikus hang\u00e9rz\u00e9kel\u0151k, amelyek a k\u00f6rnyezeti hangokb\u00f3l \u00e9rz\u00e9kelik \u00e9s azonos\u00edtj\u00e1k a c\u00e9lzott hangokat.<br \/>\n&#8211; A Bosch \u00e1ltal kifejlesztett SoundSee audiotechnol\u00f3gi\u00e1n alapulnak.<br \/>\n&#8211; Adatv\u00e9delem, mivel semmilyen hangnak nem kell elhagynia a kamer\u00e1t.<br \/>\n&#8211; A hangmetaadatok z\u00f6kken\u0151mentes integr\u00e1ci\u00f3ja az Intelligent Video Analytics metaadatfolyammal.<\/p>\n<p>Hagyom\u00e1nyosan a biztons\u00e1gi \u00e9s \u00e9rz\u00e9kel\u0151 rendszerek az eszk\u00f6z\u00f6k \u00e9s a szem\u00e9lyek vizu\u00e1lis megfigyel\u00e9s\u00e9n alapulnak. A k\u00f6rnyezeti felt\u00e9telek, p\u00e9ld\u00e1ul a f\u00e9nyv\u00e1ltoz\u00e1sok \u00e9s a sz\u00e9ls\u0151s\u00e9ges id\u0151j\u00e1r\u00e1s azonban korl\u00e1tozhatj\u00e1k a l\u00e1t\u00e1st. A hang be\u00e9p\u00edt\u00e9s\u00e9vel egy tov\u00e1bbi tudatoss\u00e1gi r\u00e9teg j\u00f6n l\u00e9tre az incidensek megb\u00edzhat\u00f3bb \u00e9s gyorsabb \u00e9szlel\u00e9se \u00e9rdek\u00e9ben.<\/p>\n","protected":false},"excerpt":{"rendered":"<p>Rendel\u00e9si k\u00f3d: F.01U.412.673<\/p>\n","protected":false},"featured_media":9198,"template":"","meta":[],"product_brand":[],"product_cat":[316],"product_tag":[25],"class_list":{"0":"post-9466","1":"product","2":"type-product","3":"status-publish","4":"has-post-thumbnail","6":"product_cat-szoftverek-licence-k","7":"product_tag-bosch","9":"first","10":"instock","11":"taxable","12":"shipping-taxable","13":"purchasable","14":"product-type-simple"},"jetpack_sharing_enabled":true,"_links":{"self":[{"href":"https:\/\/bpont.hu\/shop\/index.php\/wp-json\/wp\/v2\/product\/9466","targetHints":{"allow":["GET"]}}],"collection":[{"href":"https:\/\/bpont.hu\/shop\/index.php\/wp-json\/wp\/v2\/product"}],"about":[{"href":"https:\/\/bpont.hu\/shop\/index.php\/wp-json\/wp\/v2\/types\/product"}],"version-history":[{"count":0,"href":"https:\/\/bpont.hu\/shop\/index.php\/wp-json\/wp\/v2\/product\/9466\/revisions"}],"wp:featuredmedia":[{"embeddable":true,"href":"https:\/\/bpont.hu\/shop\/index.php\/wp-json\/wp\/v2\/media\/9198"}],"wp:attachment":[{"href":"https:\/\/bpont.hu\/shop\/index.php\/wp-json\/wp\/v2\/media?parent=9466"}],"wp:term":[{"taxonomy":"product_brand","embeddable":true,"href":"https:\/\/bpont.hu\/shop\/index.php\/wp-json\/wp\/v2\/product_brand?post=9466"},{"taxonomy":"product_cat","embeddable":true,"href":"https:\/\/bpont.hu\/shop\/index.php\/wp-json\/wp\/v2\/product_cat?post=9466"},{"taxonomy":"product_tag","embeddable":true,"href":"https:\/\/bpont.hu\/shop\/index.php\/wp-json\/wp\/v2\/product_tag?post=9466"}],"curies":[{"name":"wp","href":"https:\/\/api.w.org\/{rel}","templated":true}]}}