{"id":9464,"date":"2025-10-08T14:59:36","date_gmt":"2025-10-08T12:59:36","guid":{"rendered":"https:\/\/bpont.hu\/shop\/index.php\/product\/mvc-iva-lprxiva-pro-license-plate-make-model-rendsz-es-mode-felismeres\/"},"modified":"2026-03-11T16:40:50","modified_gmt":"2026-03-11T14:40:50","slug":"mvc-iva-lprxiva-pro-license-plate-make-model-rendsz-es-mode-felismeres","status":"publish","type":"product","link":"https:\/\/bpont.hu\/shop\/index.php\/product\/mvc-iva-lprxiva-pro-license-plate-make-model-rendsz-es-mode-felismeres\/","title":{"rendered":"MVC-IVA-LPRX<br>IVA Pro License Plate + Make Model (Rendsz. \u00e9s mode.-felismer\u00e9s)"},"content":{"rendered":"<p>MVC-IVA-LPRX<\/p>\n<p>&#8211; \u00c9rz\u00e9keli \u00e9s felismeri a rendsz\u00e1mt\u00e1bl\u00e1kat<br \/>\n&#8211; Felismeri a j\u00e1rm\u0171 m\u00e1rk\u00e1j\u00e1t \u00e9s modellj\u00e9t<br \/>\n&#8211; Lehet\u0151v\u00e9 teszi a finomabb forenzikus keres\u00e9st<br \/>\n&#8211; Ide\u00e1lis araszol\u00f3 \u00e9s indul\u00f3 helyzetekhez \u00e9s v\u00e1rosi forgalomban<br \/>\n&#8211; Val\u00f3s idej\u0171 adat\u00e1tvitel<\/p>\n","protected":false},"excerpt":{"rendered":"<p>Rendel\u00e9si k\u00f3d: F.01U.425.435<\/p>\n","protected":false},"featured_media":9198,"template":"","meta":[],"product_brand":[],"product_cat":[316],"product_tag":[25],"class_list":{"0":"post-9464","1":"product","2":"type-product","3":"status-publish","4":"has-post-thumbnail","6":"product_cat-szoftverek-licence-k","7":"product_tag-bosch","9":"first","10":"instock","11":"taxable","12":"shipping-taxable","13":"purchasable","14":"product-type-simple"},"jetpack_sharing_enabled":true,"_links":{"self":[{"href":"https:\/\/bpont.hu\/shop\/index.php\/wp-json\/wp\/v2\/product\/9464","targetHints":{"allow":["GET"]}}],"collection":[{"href":"https:\/\/bpont.hu\/shop\/index.php\/wp-json\/wp\/v2\/product"}],"about":[{"href":"https:\/\/bpont.hu\/shop\/index.php\/wp-json\/wp\/v2\/types\/product"}],"version-history":[{"count":0,"href":"https:\/\/bpont.hu\/shop\/index.php\/wp-json\/wp\/v2\/product\/9464\/revisions"}],"wp:featuredmedia":[{"embeddable":true,"href":"https:\/\/bpont.hu\/shop\/index.php\/wp-json\/wp\/v2\/media\/9198"}],"wp:attachment":[{"href":"https:\/\/bpont.hu\/shop\/index.php\/wp-json\/wp\/v2\/media?parent=9464"}],"wp:term":[{"taxonomy":"product_brand","embeddable":true,"href":"https:\/\/bpont.hu\/shop\/index.php\/wp-json\/wp\/v2\/product_brand?post=9464"},{"taxonomy":"product_cat","embeddable":true,"href":"https:\/\/bpont.hu\/shop\/index.php\/wp-json\/wp\/v2\/product_cat?post=9464"},{"taxonomy":"product_tag","embeddable":true,"href":"https:\/\/bpont.hu\/shop\/index.php\/wp-json\/wp\/v2\/product_tag?post=9464"}],"curies":[{"name":"wp","href":"https:\/\/api.w.org\/{rel}","templated":true}]}}