{"id":9463,"date":"2025-10-08T14:59:36","date_gmt":"2025-10-08T12:59:36","guid":{"rendered":"https:\/\/bpont.hu\/shop\/index.php\/product\/mvc-iva-mmriva-pro-vehicle-make-model-modell-felismeres\/"},"modified":"2026-03-11T16:40:50","modified_gmt":"2026-03-11T14:40:50","slug":"mvc-iva-mmriva-pro-vehicle-make-model-modell-felismeres","status":"publish","type":"product","link":"https:\/\/bpont.hu\/shop\/index.php\/product\/mvc-iva-mmriva-pro-vehicle-make-model-modell-felismeres\/","title":{"rendered":"MVC-IVA-MMR<br>IVA Pro Vehicle Make Model (Modell-felismer\u00e9s)"},"content":{"rendered":"<p>MVC-IVA-MMR<\/p>\n<p>u Felismeri a j\u00e1rm\u0171 m\u00e1rk\u00e1j\u00e1t \u00e9s modellj\u00e9t<br \/>\nu Finom\u00edtott forenzikus keres\u00e9st tesz lehet\u0151v\u00e9<br \/>\nu Adatv\u00e9delmi megold\u00e1s, ha a rendsz\u00e1mfelismer\u00e9s nem lehets\u00e9ges<br \/>\nu Ide\u00e1lis araszol\u00f3 \u00e9s indul\u00f3 helyzetekben, valamint v\u00e1rosi forgalomban<br \/>\nu Val\u00f3s idej\u0171 adat\u00e1tvitel<\/p>\n<p>A fejlett m\u00e9lytanul\u00e1si technik\u00e1kon alapul\u00f3 Intelligent Video Analytics (IVA) Pro j\u00e1rm\u0171felismer\u0151 m\u00e1rkamodell-funkci\u00f3 kiv\u00e1l\u00f3an alkalmas a j\u00e1rm\u0171vek val\u00f3s idej\u0171 azonos\u00edt\u00e1s\u00e1ra parkol\u00e1si alkalmaz\u00e1sokban vagy v\u00e1rosi k\u00f6rnyezetben. Finom\u00edtott forenzikus keres\u00e9st tesz lehet\u0151v\u00e9 bizonyos j\u00e1rm\u0171vek eset\u00e9ben olyan helyeken, ahol a rendsz\u00e1mfelismer\u00e9s nem lehets\u00e9ges. Megb\u00edzhat\u00f3 \u00e9s pontos adatr\u00f6gz\u00edt\u00e9st biztos\u00edt a videokezel\u0151 szoftverben a keres\u00e9si eredm\u00e9nyek megb\u00edzhat\u00f3s\u00e1ga \u00e9rdek\u00e9ben.<\/p>\n","protected":false},"excerpt":{"rendered":"<p>Rendel\u00e9si k\u00f3d: F.01U.425.433<\/p>\n","protected":false},"featured_media":9198,"template":"","meta":[],"product_brand":[],"product_cat":[316],"product_tag":[25],"class_list":{"0":"post-9463","1":"product","2":"type-product","3":"status-publish","4":"has-post-thumbnail","6":"product_cat-szoftverek-licence-k","7":"product_tag-bosch","9":"first","10":"instock","11":"taxable","12":"shipping-taxable","13":"purchasable","14":"product-type-simple"},"jetpack_sharing_enabled":true,"_links":{"self":[{"href":"https:\/\/bpont.hu\/shop\/index.php\/wp-json\/wp\/v2\/product\/9463","targetHints":{"allow":["GET"]}}],"collection":[{"href":"https:\/\/bpont.hu\/shop\/index.php\/wp-json\/wp\/v2\/product"}],"about":[{"href":"https:\/\/bpont.hu\/shop\/index.php\/wp-json\/wp\/v2\/types\/product"}],"version-history":[{"count":0,"href":"https:\/\/bpont.hu\/shop\/index.php\/wp-json\/wp\/v2\/product\/9463\/revisions"}],"wp:featuredmedia":[{"embeddable":true,"href":"https:\/\/bpont.hu\/shop\/index.php\/wp-json\/wp\/v2\/media\/9198"}],"wp:attachment":[{"href":"https:\/\/bpont.hu\/shop\/index.php\/wp-json\/wp\/v2\/media?parent=9463"}],"wp:term":[{"taxonomy":"product_brand","embeddable":true,"href":"https:\/\/bpont.hu\/shop\/index.php\/wp-json\/wp\/v2\/product_brand?post=9463"},{"taxonomy":"product_cat","embeddable":true,"href":"https:\/\/bpont.hu\/shop\/index.php\/wp-json\/wp\/v2\/product_cat?post=9463"},{"taxonomy":"product_tag","embeddable":true,"href":"https:\/\/bpont.hu\/shop\/index.php\/wp-json\/wp\/v2\/product_tag?post=9463"}],"curies":[{"name":"wp","href":"https:\/\/api.w.org\/{rel}","templated":true}]}}