{"id":9460,"date":"2025-10-08T14:59:35","date_gmt":"2025-10-08T12:59:35","guid":{"rendered":"https:\/\/bpont.hu\/shop\/index.php\/product\/mvc-iva-vgdiva-pro-visual-gun-detection-fegyver-felismeres\/"},"modified":"2026-03-11T16:40:49","modified_gmt":"2026-03-11T14:40:49","slug":"mvc-iva-vgdiva-pro-visual-gun-detection-fegyver-felismeres","status":"publish","type":"product","link":"https:\/\/bpont.hu\/shop\/index.php\/product\/mvc-iva-vgdiva-pro-visual-gun-detection-fegyver-felismeres\/","title":{"rendered":"MVC-IVA-VGD<br>IVA Pro Visual Gun Detection (Fegyver felismer\u00e9s)"},"content":{"rendered":"<p>MVC-IVA-VGD<\/p>\n<p>&#8211; Szem\u00e9lyek \u00e9s felmutatott fegyverek \u00e9szlel\u00e9s\u00e9re tervezt\u00e9k (86,7%-os val\u00f3di pozit\u00edv ar\u00e1ny el\u0151re meghat\u00e1rozott felt\u00e9telek mellett*), hogy cs\u00f6kkentse a reakci\u00f3id\u0151t vesz\u00e9lyes helyzetekben.<br \/>\n&#8211; Adatv\u00e9delem: Minden sz\u00e1m\u00edt\u00e1s a peremh\u00e1l\u00f3zaton t\u00f6rt\u00e9nik, \u00edgy nincs sz\u00fcks\u00e9g videoadatokra a kamera elhagy\u00e1s\u00e1hoz.<br \/>\n&#8211; Egyszer\u0171 telep\u00edt\u00e9s: Nincs sz\u00fcks\u00e9g tov\u00e1bbi szerver- vagy kamerakalibr\u00e1l\u00e1sra.<br \/>\n&#8211; Z\u00f6kken\u0151mentes integr\u00e1ci\u00f3 a Bosch \u00e9s m\u00e1s partnerek videokezel\u0151 rendszereivel \u00e9s egy\u00e9b biztons\u00e1gi infrastrukt\u00far\u00e1j\u00e1val.<br \/>\n&#8211; K\u00f6nny\u0171 a bizony\u00edt\u00e9kok visszakeres\u00e9se forenzikus keres\u00e9ssel.<\/p>\n<p>Az Intelligent Video Analytics (IVA) Pro vizu\u00e1lis fegyver\u00e9szlel\u00e9s a m\u00e9lytanul\u00e1son alapul, \u00e9s szem\u00e9lyek \u00e9s m\u00e1rk\u00e1s l\u0151fegyverek automatikus \u00e9szlel\u00e9s\u00e9re \u00e9s oszt\u00e1lyoz\u00e1s\u00e1ra szolg\u00e1l. T\u00e1mogatja az iskol\u00e1k vagy korm\u00e1nyzati \u00e9p\u00fcletek biztons\u00e1g\u00e1nak jav\u00edt\u00e1s\u00e1ra ir\u00e1nyul\u00f3 strat\u00e9gi\u00e1kat. El\u0151re meghat\u00e1rozott felt\u00e9telek mellett* a rendszer 86,7%-os val\u00f3di pozit\u00edv ar\u00e1nyt \u00e9r el az emberek \u00e1ltal tartott fegyverek \u00e9szlel\u00e9s\u00e9ben. Amikor valaki fegyverrel felmutattatva bel\u00e9p az \u00e9szlel\u00e9si z\u00f3n\u00e1ba, a rendszer azonnal riasztja a szem\u00e9lyzetet, akik ellen\u0151rizhetik az incidenst \u00e9s proakt\u00edv int\u00e9zked\u00e9seket tehetnek. Ez a k\u00e9pess\u00e9g lehet\u0151v\u00e9 teheti a gyors \u00e9s megfelel\u0151 \u00e9letment\u0151 reag\u00e1l\u00e1st. Mivel a rendszer kamera alap\u00fa, a biztons\u00e1gi szem\u00e9lyzet a kiv\u00e1l\u00f3 min\u0151s\u00e9g\u0171 videofelv\u00e9telekre is t\u00e1maszkodhat az els\u0151seg\u00e9lyny\u00fajt\u00f3kat t\u00e1mogat\u00f3 forenzikus elemz\u00e9sekhez.<\/p>\n","protected":false},"excerpt":{"rendered":"<p>Rendel\u00e9si k\u00f3d: F.01U.418.004<\/p>\n","protected":false},"featured_media":9198,"template":"","meta":[],"product_brand":[],"product_cat":[316],"product_tag":[25],"class_list":{"0":"post-9460","1":"product","2":"type-product","3":"status-publish","4":"has-post-thumbnail","6":"product_cat-szoftverek-licence-k","7":"product_tag-bosch","9":"first","10":"instock","11":"taxable","12":"shipping-taxable","13":"purchasable","14":"product-type-simple"},"jetpack_sharing_enabled":true,"_links":{"self":[{"href":"https:\/\/bpont.hu\/shop\/index.php\/wp-json\/wp\/v2\/product\/9460","targetHints":{"allow":["GET"]}}],"collection":[{"href":"https:\/\/bpont.hu\/shop\/index.php\/wp-json\/wp\/v2\/product"}],"about":[{"href":"https:\/\/bpont.hu\/shop\/index.php\/wp-json\/wp\/v2\/types\/product"}],"version-history":[{"count":0,"href":"https:\/\/bpont.hu\/shop\/index.php\/wp-json\/wp\/v2\/product\/9460\/revisions"}],"wp:featuredmedia":[{"embeddable":true,"href":"https:\/\/bpont.hu\/shop\/index.php\/wp-json\/wp\/v2\/media\/9198"}],"wp:attachment":[{"href":"https:\/\/bpont.hu\/shop\/index.php\/wp-json\/wp\/v2\/media?parent=9460"}],"wp:term":[{"taxonomy":"product_brand","embeddable":true,"href":"https:\/\/bpont.hu\/shop\/index.php\/wp-json\/wp\/v2\/product_brand?post=9460"},{"taxonomy":"product_cat","embeddable":true,"href":"https:\/\/bpont.hu\/shop\/index.php\/wp-json\/wp\/v2\/product_cat?post=9460"},{"taxonomy":"product_tag","embeddable":true,"href":"https:\/\/bpont.hu\/shop\/index.php\/wp-json\/wp\/v2\/product_tag?post=9460"}],"curies":[{"name":"wp","href":"https:\/\/api.w.org\/{rel}","templated":true}]}}