{"id":944,"date":"2025-06-27T11:11:56","date_gmt":"2025-06-27T10:11:56","guid":{"rendered":"https:\/\/bpont.shop.hu\/?post_type=product&#038;p=944"},"modified":"2026-05-05T14:45:58","modified_gmt":"2026-05-05T12:45:58","slug":"isc-rsc3-s-szekcionalt-kapura-nyitaserzekelo-vds-b-es-en-g3-6m-kabel","status":"publish","type":"product","link":"https:\/\/bpont.hu\/shop\/index.php\/product\/isc-rsc3-s-szekcionalt-kapura-nyitaserzekelo-vds-b-es-en-g3-6m-kabel\/","title":{"rendered":"ISC-RSC3-S<br>Szekcion\u00e1lt kapura nyit\u00e1s\u00e9rz\u00e9kel\u0151 VdS B \u00e9s EN-G3 6m k\u00e1bel"},"content":{"rendered":"<p>ISC-RSC3-S<\/p>\n","protected":false},"excerpt":{"rendered":"<p>Rendel\u00e9si k\u00f3d: F.01U.275.650<\/p>\n","protected":false},"featured_media":942,"template":"","meta":[],"product_brand":[],"product_cat":[335],"product_tag":[25],"class_list":{"0":"post-944","1":"product","2":"type-product","3":"status-publish","4":"has-post-thumbnail","6":"product_cat-nyitaserzekelok","7":"product_tag-bosch","9":"first","10":"instock","11":"taxable","12":"shipping-taxable","13":"purchasable","14":"product-type-simple"},"jetpack_sharing_enabled":true,"_links":{"self":[{"href":"https:\/\/bpont.hu\/shop\/index.php\/wp-json\/wp\/v2\/product\/944","targetHints":{"allow":["GET"]}}],"collection":[{"href":"https:\/\/bpont.hu\/shop\/index.php\/wp-json\/wp\/v2\/product"}],"about":[{"href":"https:\/\/bpont.hu\/shop\/index.php\/wp-json\/wp\/v2\/types\/product"}],"version-history":[{"count":5,"href":"https:\/\/bpont.hu\/shop\/index.php\/wp-json\/wp\/v2\/product\/944\/revisions"}],"predecessor-version":[{"id":7527,"href":"https:\/\/bpont.hu\/shop\/index.php\/wp-json\/wp\/v2\/product\/944\/revisions\/7527"}],"wp:featuredmedia":[{"embeddable":true,"href":"https:\/\/bpont.hu\/shop\/index.php\/wp-json\/wp\/v2\/media\/942"}],"wp:attachment":[{"href":"https:\/\/bpont.hu\/shop\/index.php\/wp-json\/wp\/v2\/media?parent=944"}],"wp:term":[{"taxonomy":"product_brand","embeddable":true,"href":"https:\/\/bpont.hu\/shop\/index.php\/wp-json\/wp\/v2\/product_brand?post=944"},{"taxonomy":"product_cat","embeddable":true,"href":"https:\/\/bpont.hu\/shop\/index.php\/wp-json\/wp\/v2\/product_cat?post=944"},{"taxonomy":"product_tag","embeddable":true,"href":"https:\/\/bpont.hu\/shop\/index.php\/wp-json\/wp\/v2\/product_tag?post=944"}],"curies":[{"name":"wp","href":"https:\/\/api.w.org\/{rel}","templated":true}]}}