{"id":9406,"date":"2025-10-07T13:39:31","date_gmt":"2025-10-07T11:39:31","guid":{"rendered":"https:\/\/bpont.hu\/shop\/index.php\/product\/l-alaku-fali-tarto-flexidome-5100i-hez\/"},"modified":"2026-05-05T14:46:40","modified_gmt":"2026-05-05T12:46:40","slug":"l-alaku-fali-tarto-flexidome-5100i-hez","status":"publish","type":"product","link":"https:\/\/bpont.hu\/shop\/index.php\/product\/l-alaku-fali-tarto-flexidome-5100i-hez\/","title":{"rendered":"NDA-5070-LWMT<br>L-alak\u00fa fali tart\u00f3 FLEXIDOME 5100i-hez"},"content":{"rendered":"<p>NDA-5070-LWMT<\/p>\n<p>K\u00f6vetkez\u0151kh\u00f6z haszn\u00e1lhat\u00f3:<br \/>\nFLEXIDOME indoor 5100i,<br \/>\nFLEXIDOME indoor 5100 IR,<br \/>\nFLEXIDOME outdoor 5100i,<br \/>\nFLEXIDOME outdoor 5100i IR,<br \/>\nFLEXIDOME IP 3000i IR<\/p>\n<p>Color (RAL) \tRAL 9003 Signal white<br \/>\nDimensions (H x W x D) (mm) \t111 x 188.30 x 157.70 mm<br \/>\nImpact protection \tIK10<br \/>\nMaterial \tPlastic<br \/>\nWeight (kg) \t0.37 kg<\/p>\n<p>FLEXIDOME indoor 5100i,<br \/>\nFLEXIDOME indoor 5100 IR,<br \/>\nFLEXIDOME outdoor 5100i,<br \/>\nFLEXIDOME outdoor 5100i IR,<br \/>\n FLEXIDOME IP 3000i IR<\/p>\n<p>Color (RAL) \t                                        RAL 9003 Signal white<br \/>\nDimensions (H x W x D) (mm) \t111 x 188.30 x 157.70 mm<br \/>\nImpact protection \t                     IK10<br \/>\nMaterial \t                                         Plastic<br \/>\nWeight (kg) \t                                         0.37 kg<\/p>\n","protected":false},"excerpt":{"rendered":"<p>Rendel\u00e9si k\u00f3d: F.01U.399.152<\/p>\n","protected":false},"featured_media":9405,"template":"","meta":[],"product_brand":[],"product_cat":[320],"product_tag":[25],"class_list":{"0":"post-9406","1":"product","2":"type-product","3":"status-publish","4":"has-post-thumbnail","6":"product_cat-kamerahazak-konzolok","7":"product_tag-bosch","9":"first","10":"instock","11":"taxable","12":"shipping-taxable","13":"product-type-simple"},"jetpack_sharing_enabled":true,"_links":{"self":[{"href":"https:\/\/bpont.hu\/shop\/index.php\/wp-json\/wp\/v2\/product\/9406","targetHints":{"allow":["GET"]}}],"collection":[{"href":"https:\/\/bpont.hu\/shop\/index.php\/wp-json\/wp\/v2\/product"}],"about":[{"href":"https:\/\/bpont.hu\/shop\/index.php\/wp-json\/wp\/v2\/types\/product"}],"version-history":[{"count":1,"href":"https:\/\/bpont.hu\/shop\/index.php\/wp-json\/wp\/v2\/product\/9406\/revisions"}],"predecessor-version":[{"id":9450,"href":"https:\/\/bpont.hu\/shop\/index.php\/wp-json\/wp\/v2\/product\/9406\/revisions\/9450"}],"wp:featuredmedia":[{"embeddable":true,"href":"https:\/\/bpont.hu\/shop\/index.php\/wp-json\/wp\/v2\/media\/9405"}],"wp:attachment":[{"href":"https:\/\/bpont.hu\/shop\/index.php\/wp-json\/wp\/v2\/media?parent=9406"}],"wp:term":[{"taxonomy":"product_brand","embeddable":true,"href":"https:\/\/bpont.hu\/shop\/index.php\/wp-json\/wp\/v2\/product_brand?post=9406"},{"taxonomy":"product_cat","embeddable":true,"href":"https:\/\/bpont.hu\/shop\/index.php\/wp-json\/wp\/v2\/product_cat?post=9406"},{"taxonomy":"product_tag","embeddable":true,"href":"https:\/\/bpont.hu\/shop\/index.php\/wp-json\/wp\/v2\/product_tag?post=9406"}],"curies":[{"name":"wp","href":"https:\/\/api.w.org\/{rel}","templated":true}]}}