{"id":9404,"date":"2025-10-07T13:39:30","date_gmt":"2025-10-07T11:39:30","guid":{"rendered":"https:\/\/bpont.hu\/shop\/index.php\/product\/festheto-burkolat-flexidome-5100i-4-db\/"},"modified":"2026-05-05T14:46:40","modified_gmt":"2026-05-05T12:46:40","slug":"festheto-burkolat-flexidome-5100i-4-db","status":"publish","type":"product","link":"https:\/\/bpont.hu\/shop\/index.php\/product\/festheto-burkolat-flexidome-5100i-4-db\/","title":{"rendered":"NDA-5070-PC<br>Festhet\u0151 burkolat FLEXIDOME 5100i 4 db"},"content":{"rendered":"<p>NDA-5070-PC<\/p>\n<p>Rendel\u00e9s eset\u00e9n felfel\u00e9 kerek\u00edtj\u00fck a 4 t\u00f6bsz\u00f6r\u00f6s\u00e9hez<\/p>\n<p>K\u00f6vetkez\u0151kh\u00f6z haszn\u00e1lhat\u00f3:<br \/>\nFLEXIDOME indoor 5100i,<br \/>\nFLEXIDOME indoor 5100 IR,<br \/>\nFLEXIDOME outdoor 5100i,<br \/>\nFLEXIDOME outdoor 5100i IR<\/p>\n<p>Color (RAL) \tRAL 9017 Traffic black<br \/>\nMaterial \tPlastic<br \/>\nWeight (kg) \t0.11 kg<\/p>\n","protected":false},"excerpt":{"rendered":"<p>Rendel\u00e9si k\u00f3d: F.01U.399.153<\/p>\n","protected":false},"featured_media":9403,"template":"","meta":[],"product_brand":[],"product_cat":[320],"product_tag":[25],"class_list":{"0":"post-9404","1":"product","2":"type-product","3":"status-publish","4":"has-post-thumbnail","6":"product_cat-kamerahazak-konzolok","7":"product_tag-bosch","9":"first","10":"instock","11":"taxable","12":"shipping-taxable","13":"product-type-simple"},"jetpack_sharing_enabled":true,"_links":{"self":[{"href":"https:\/\/bpont.hu\/shop\/index.php\/wp-json\/wp\/v2\/product\/9404","targetHints":{"allow":["GET"]}}],"collection":[{"href":"https:\/\/bpont.hu\/shop\/index.php\/wp-json\/wp\/v2\/product"}],"about":[{"href":"https:\/\/bpont.hu\/shop\/index.php\/wp-json\/wp\/v2\/types\/product"}],"version-history":[{"count":1,"href":"https:\/\/bpont.hu\/shop\/index.php\/wp-json\/wp\/v2\/product\/9404\/revisions"}],"predecessor-version":[{"id":9449,"href":"https:\/\/bpont.hu\/shop\/index.php\/wp-json\/wp\/v2\/product\/9404\/revisions\/9449"}],"wp:featuredmedia":[{"embeddable":true,"href":"https:\/\/bpont.hu\/shop\/index.php\/wp-json\/wp\/v2\/media\/9403"}],"wp:attachment":[{"href":"https:\/\/bpont.hu\/shop\/index.php\/wp-json\/wp\/v2\/media?parent=9404"}],"wp:term":[{"taxonomy":"product_brand","embeddable":true,"href":"https:\/\/bpont.hu\/shop\/index.php\/wp-json\/wp\/v2\/product_brand?post=9404"},{"taxonomy":"product_cat","embeddable":true,"href":"https:\/\/bpont.hu\/shop\/index.php\/wp-json\/wp\/v2\/product_cat?post=9404"},{"taxonomy":"product_tag","embeddable":true,"href":"https:\/\/bpont.hu\/shop\/index.php\/wp-json\/wp\/v2\/product_tag?post=9404"}],"curies":[{"name":"wp","href":"https:\/\/api.w.org\/{rel}","templated":true}]}}