{"id":9402,"date":"2025-10-07T13:39:27","date_gmt":"2025-10-07T11:39:27","guid":{"rendered":"https:\/\/bpont.hu\/shop\/index.php\/product\/fuggesztett-adapterlemez-idojarasvedo-fedellel\/"},"modified":"2026-05-05T14:46:40","modified_gmt":"2026-05-05T12:46:40","slug":"fuggesztett-adapterlemez-idojarasvedo-fedellel","status":"publish","type":"product","link":"https:\/\/bpont.hu\/shop\/index.php\/product\/fuggesztett-adapterlemez-idojarasvedo-fedellel\/","title":{"rendered":"NDA-5070-PIPW<br>F\u00fcggesztett adapterlemez id\u0151j\u00e1r\u00e1sv\u00e9d\u0151 fed\u00e9llel"},"content":{"rendered":"<p>NDA-5070-PIPW<\/p>\n<p>K\u00f6vetkez\u0151kh\u00f6z haszn\u00e1lhat\u00f3:<br \/>\nFLEXIDOME outdoor 5100i <\/p>\n<p>Color (RAL) \t                        RAL 9003 Signal white<br \/>\nDimensions (\u00d8 x H) (mm) \t    178.40 x 102.90 mm<br \/>\nMaterial \t                        Plastic<br \/>\nFLEXIDOME outdoor 5100i IR<\/p>\n","protected":false},"excerpt":{"rendered":"<p>Rendel\u00e9si k\u00f3d: F.01U.399.154<\/p>\n","protected":false},"featured_media":9401,"template":"","meta":[],"product_brand":[],"product_cat":[320],"product_tag":[25],"class_list":{"0":"post-9402","1":"product","2":"type-product","3":"status-publish","4":"has-post-thumbnail","6":"product_cat-kamerahazak-konzolok","7":"product_tag-bosch","9":"first","10":"instock","11":"taxable","12":"shipping-taxable","13":"product-type-simple"},"jetpack_sharing_enabled":true,"_links":{"self":[{"href":"https:\/\/bpont.hu\/shop\/index.php\/wp-json\/wp\/v2\/product\/9402","targetHints":{"allow":["GET"]}}],"collection":[{"href":"https:\/\/bpont.hu\/shop\/index.php\/wp-json\/wp\/v2\/product"}],"about":[{"href":"https:\/\/bpont.hu\/shop\/index.php\/wp-json\/wp\/v2\/types\/product"}],"version-history":[{"count":1,"href":"https:\/\/bpont.hu\/shop\/index.php\/wp-json\/wp\/v2\/product\/9402\/revisions"}],"predecessor-version":[{"id":9448,"href":"https:\/\/bpont.hu\/shop\/index.php\/wp-json\/wp\/v2\/product\/9402\/revisions\/9448"}],"wp:featuredmedia":[{"embeddable":true,"href":"https:\/\/bpont.hu\/shop\/index.php\/wp-json\/wp\/v2\/media\/9401"}],"wp:attachment":[{"href":"https:\/\/bpont.hu\/shop\/index.php\/wp-json\/wp\/v2\/media?parent=9402"}],"wp:term":[{"taxonomy":"product_brand","embeddable":true,"href":"https:\/\/bpont.hu\/shop\/index.php\/wp-json\/wp\/v2\/product_brand?post=9402"},{"taxonomy":"product_cat","embeddable":true,"href":"https:\/\/bpont.hu\/shop\/index.php\/wp-json\/wp\/v2\/product_cat?post=9402"},{"taxonomy":"product_tag","embeddable":true,"href":"https:\/\/bpont.hu\/shop\/index.php\/wp-json\/wp\/v2\/product_tag?post=9402"}],"curies":[{"name":"wp","href":"https:\/\/api.w.org\/{rel}","templated":true}]}}