{"id":9400,"date":"2025-10-07T13:39:26","date_gmt":"2025-10-07T11:39:26","guid":{"rendered":"https:\/\/bpont.hu\/shop\/index.php\/product\/mennyezetbe-sullyesztheto-beepito-keret-148-mm\/"},"modified":"2026-05-05T14:46:40","modified_gmt":"2026-05-05T12:46:40","slug":"mennyezetbe-sullyesztheto-beepito-keret-148-mm","status":"publish","type":"product","link":"https:\/\/bpont.hu\/shop\/index.php\/product\/mennyezetbe-sullyesztheto-beepito-keret-148-mm\/","title":{"rendered":"NDA-5070-PLEN<br>Mennyezetbe s\u00fcllyeszthet\u0151 be\u00e9p\u00edt\u0151 keret 148 mm"},"content":{"rendered":"<p>NDA-5070-PLEN<\/p>\n<p>K\u00f6vetkez\u0151kh\u00f6z haszn\u00e1lhat\u00f3:<br \/>\nFLEXIDOME indoor 5100i,<br \/>\nFLEXIDOME indoor 5100 IR,<br \/>\nFLEXIDOME outdoor 5100i,<br \/>\nFLEXIDOME outdoor 5100i IR<\/p>\n<p>Color (RAL) \t                           RAL 9003 Signal white<br \/>\nDimensions (\u00d8 x H) (mm) \t       247.90 x 89.60 mm<br \/>\nWeight (kg) \t                           1.33 kg<\/p>\n","protected":false},"excerpt":{"rendered":"<p>Rendel\u00e9si k\u00f3d: F.01U.399.151<\/p>\n","protected":false},"featured_media":9399,"template":"","meta":[],"product_brand":[],"product_cat":[320],"product_tag":[25],"class_list":{"0":"post-9400","1":"product","2":"type-product","3":"status-publish","4":"has-post-thumbnail","6":"product_cat-kamerahazak-konzolok","7":"product_tag-bosch","9":"first","10":"instock","11":"taxable","12":"shipping-taxable","13":"product-type-simple"},"jetpack_sharing_enabled":true,"_links":{"self":[{"href":"https:\/\/bpont.hu\/shop\/index.php\/wp-json\/wp\/v2\/product\/9400","targetHints":{"allow":["GET"]}}],"collection":[{"href":"https:\/\/bpont.hu\/shop\/index.php\/wp-json\/wp\/v2\/product"}],"about":[{"href":"https:\/\/bpont.hu\/shop\/index.php\/wp-json\/wp\/v2\/types\/product"}],"version-history":[{"count":1,"href":"https:\/\/bpont.hu\/shop\/index.php\/wp-json\/wp\/v2\/product\/9400\/revisions"}],"predecessor-version":[{"id":9447,"href":"https:\/\/bpont.hu\/shop\/index.php\/wp-json\/wp\/v2\/product\/9400\/revisions\/9447"}],"wp:featuredmedia":[{"embeddable":true,"href":"https:\/\/bpont.hu\/shop\/index.php\/wp-json\/wp\/v2\/media\/9399"}],"wp:attachment":[{"href":"https:\/\/bpont.hu\/shop\/index.php\/wp-json\/wp\/v2\/media?parent=9400"}],"wp:term":[{"taxonomy":"product_brand","embeddable":true,"href":"https:\/\/bpont.hu\/shop\/index.php\/wp-json\/wp\/v2\/product_brand?post=9400"},{"taxonomy":"product_cat","embeddable":true,"href":"https:\/\/bpont.hu\/shop\/index.php\/wp-json\/wp\/v2\/product_cat?post=9400"},{"taxonomy":"product_tag","embeddable":true,"href":"https:\/\/bpont.hu\/shop\/index.php\/wp-json\/wp\/v2\/product_tag?post=9400"}],"curies":[{"name":"wp","href":"https:\/\/api.w.org\/{rel}","templated":true}]}}