{"id":9394,"date":"2025-10-07T13:39:24","date_gmt":"2025-10-07T11:39:24","guid":{"rendered":"https:\/\/bpont.hu\/shop\/index.php\/product\/oszlop-sarok-4s-adapter\/"},"modified":"2026-05-05T14:46:39","modified_gmt":"2026-05-05T12:46:39","slug":"oszlop-sarok-4s-adapter","status":"publish","type":"product","link":"https:\/\/bpont.hu\/shop\/index.php\/product\/oszlop-sarok-4s-adapter\/","title":{"rendered":"NBA-7080-PMIP<br>Oszlop-\/sarok 4S adapter"},"content":{"rendered":"<p>NBA-7080-PMIP<\/p>\n<p>&#8211; K\u00f6nnyen haszn\u00e1lhat\u00f3 \u00e9s telep\u00edthet\u0151.<br \/>\n&#8211; Modul\u00e1ris kialak\u00edt\u00e1s a gyors \u00e9s egyszer\u0171 telep\u00edt\u00e9s \u00e9rdek\u00e9ben.<br \/>\n&#8211; Egyetlen tartoz\u00e9kcsal\u00e1d t\u00f6bb Bosch kameracsal\u00e1dhoz.<br \/>\n&#8211; Id\u0151j\u00e1r\u00e1s\u00e1ll\u00f3 bevonat a eszt\u00e9tikus megjelen\u00e9s meg\u0151rz\u00e9se \u00e9rdek\u00e9ben.<\/p>\n<p>Bosch univerz\u00e1lis tartoz\u00e9kaival val\u00f3 haszn\u00e1latra k\u00e9sz\u00fclt. A modul\u00e1ris kameratart\u00f3k \u00e9s tartoz\u00e9kok tart\u00f3k, r\u00f6gz\u00edt\u0151adapterek, f\u00fcggesztett interf\u00e9szlemezek \u00e9s megfigyel\u0151szekr\u00e9nyek csal\u00e1dj\u00e1t alkotj\u00e1k, amelyek a Bosch kamer\u00e1k sz\u00e9les sk\u00e1l\u00e1j\u00e1val haszn\u00e1lhat\u00f3k. A tartoz\u00e9kok k\u00f6nnyen telep\u00edthet\u0151k \u00e9s kombin\u00e1lhat\u00f3k, hogy egyszer\u0171bb\u00e9 tegy\u00e9k a telep\u00edt\u00e9st t\u00f6bb helysz\u00ednen, mik\u00f6zben meg\u0151rzik ugyanazt a megjelen\u00e9st \u00e9s \u00e9rzetet.<\/p>\n","protected":false},"excerpt":{"rendered":"<p>Rendel\u00e9si k\u00f3d: F.01U.391.127<\/p>\n","protected":false},"featured_media":9393,"template":"","meta":[],"product_brand":[],"product_cat":[320],"product_tag":[25],"class_list":{"0":"post-9394","1":"product","2":"type-product","3":"status-publish","4":"has-post-thumbnail","6":"product_cat-kamerahazak-konzolok","7":"product_tag-bosch","9":"first","10":"instock","11":"taxable","12":"shipping-taxable","13":"product-type-simple"},"jetpack_sharing_enabled":true,"_links":{"self":[{"href":"https:\/\/bpont.hu\/shop\/index.php\/wp-json\/wp\/v2\/product\/9394","targetHints":{"allow":["GET"]}}],"collection":[{"href":"https:\/\/bpont.hu\/shop\/index.php\/wp-json\/wp\/v2\/product"}],"about":[{"href":"https:\/\/bpont.hu\/shop\/index.php\/wp-json\/wp\/v2\/types\/product"}],"version-history":[{"count":1,"href":"https:\/\/bpont.hu\/shop\/index.php\/wp-json\/wp\/v2\/product\/9394\/revisions"}],"predecessor-version":[{"id":9444,"href":"https:\/\/bpont.hu\/shop\/index.php\/wp-json\/wp\/v2\/product\/9394\/revisions\/9444"}],"wp:featuredmedia":[{"embeddable":true,"href":"https:\/\/bpont.hu\/shop\/index.php\/wp-json\/wp\/v2\/media\/9393"}],"wp:attachment":[{"href":"https:\/\/bpont.hu\/shop\/index.php\/wp-json\/wp\/v2\/media?parent=9394"}],"wp:term":[{"taxonomy":"product_brand","embeddable":true,"href":"https:\/\/bpont.hu\/shop\/index.php\/wp-json\/wp\/v2\/product_brand?post=9394"},{"taxonomy":"product_cat","embeddable":true,"href":"https:\/\/bpont.hu\/shop\/index.php\/wp-json\/wp\/v2\/product_cat?post=9394"},{"taxonomy":"product_tag","embeddable":true,"href":"https:\/\/bpont.hu\/shop\/index.php\/wp-json\/wp\/v2\/product_tag?post=9394"}],"curies":[{"name":"wp","href":"https:\/\/api.w.org\/{rel}","templated":true}]}}