{"id":9390,"date":"2025-10-07T13:39:20","date_gmt":"2025-10-07T11:39:20","guid":{"rendered":"https:\/\/bpont.hu\/shop\/index.php\/product\/esovedo-nde-57xx-hez-50db-csomag\/"},"modified":"2026-05-05T14:46:39","modified_gmt":"2026-05-05T12:46:39","slug":"esovedo-nde-57xx-hez-50db-csomag","status":"publish","type":"product","link":"https:\/\/bpont.hu\/shop\/index.php\/product\/esovedo-nde-57xx-hez-50db-csomag\/","title":{"rendered":"NDA-5070-COV<br>Es\u0151v\u00e9d\u0151 NDE-57xx-hez 50db\/csomag"},"content":{"rendered":"<p>NDA-5070-COV<\/p>\n<p>50db\/csomag. Rendel\u00e9s eset\u00e9n felfel\u00e9 kerek\u00edtj\u00fck az 50 t\u00f6bsz\u00f6r\u00f6s\u00e9hez.<\/p>\n<p>Dimensions (H x W x D) (mm) \t40.3 mm x 38 mm x 5 mm<br \/>\nDimensions (H x W x D) (in) \t1.59 in x 1.5 in x 0.2 in<br \/>\nWeight (g) per piece \t4 g<br \/>\nWeight (lb) per piece \t0.0088 lb<br \/>\nMaterial \tPlastic<br \/>\nColor (RAL) \tRAL 9003 Signal white<\/p>\n","protected":false},"excerpt":{"rendered":"<p>Rendel\u00e9si k\u00f3d: F.01U.416.693<\/p>\n","protected":false},"featured_media":9389,"template":"","meta":[],"product_brand":[],"product_cat":[320],"product_tag":[25],"class_list":{"0":"post-9390","1":"product","2":"type-product","3":"status-publish","4":"has-post-thumbnail","6":"product_cat-kamerahazak-konzolok","7":"product_tag-bosch","9":"first","10":"instock","11":"taxable","12":"shipping-taxable","13":"product-type-simple"},"jetpack_sharing_enabled":true,"_links":{"self":[{"href":"https:\/\/bpont.hu\/shop\/index.php\/wp-json\/wp\/v2\/product\/9390","targetHints":{"allow":["GET"]}}],"collection":[{"href":"https:\/\/bpont.hu\/shop\/index.php\/wp-json\/wp\/v2\/product"}],"about":[{"href":"https:\/\/bpont.hu\/shop\/index.php\/wp-json\/wp\/v2\/types\/product"}],"version-history":[{"count":1,"href":"https:\/\/bpont.hu\/shop\/index.php\/wp-json\/wp\/v2\/product\/9390\/revisions"}],"predecessor-version":[{"id":9440,"href":"https:\/\/bpont.hu\/shop\/index.php\/wp-json\/wp\/v2\/product\/9390\/revisions\/9440"}],"wp:featuredmedia":[{"embeddable":true,"href":"https:\/\/bpont.hu\/shop\/index.php\/wp-json\/wp\/v2\/media\/9389"}],"wp:attachment":[{"href":"https:\/\/bpont.hu\/shop\/index.php\/wp-json\/wp\/v2\/media?parent=9390"}],"wp:term":[{"taxonomy":"product_brand","embeddable":true,"href":"https:\/\/bpont.hu\/shop\/index.php\/wp-json\/wp\/v2\/product_brand?post=9390"},{"taxonomy":"product_cat","embeddable":true,"href":"https:\/\/bpont.hu\/shop\/index.php\/wp-json\/wp\/v2\/product_cat?post=9390"},{"taxonomy":"product_tag","embeddable":true,"href":"https:\/\/bpont.hu\/shop\/index.php\/wp-json\/wp\/v2\/product_tag?post=9390"}],"curies":[{"name":"wp","href":"https:\/\/api.w.org\/{rel}","templated":true}]}}