{"id":9385,"date":"2025-10-07T13:39:20","date_gmt":"2025-10-07T11:39:20","guid":{"rendered":"https:\/\/bpont.hu\/shop\/index.php\/product\/fix-dom-kamera-belteri-2mp-hdr-3-2-10-5mm-ir-i-o\/"},"modified":"2026-03-11T16:40:49","modified_gmt":"2026-03-11T14:40:49","slug":"fix-dom-kamera-belteri-2mp-hdr-3-2-10-5mm-ir-i-o","status":"publish","type":"product","link":"https:\/\/bpont.hu\/shop\/index.php\/product\/fix-dom-kamera-belteri-2mp-hdr-3-2-10-5mm-ir-i-o\/","title":{"rendered":"NDV-5702-AL<br>Fix d\u00f3m-kamera belt\u00e9ri 2MP HDR 3.2-10.5mm IR I\/O"},"content":{"rendered":"<p>NDV-5702-AL<\/p>\n<p>&#8211; Ak\u00e1r 4K ultra HD felbont\u00e1s a r\u00e9szletgazdag k\u00e9pek\u00e9rt<br \/>\n&#8211; Starlight kameratechnol\u00f3gia kiv\u00e1l\u00f3 teljes\u00edtm\u00e9nnyel gyenge f\u00e9nyviszonyok mellett<br \/>\n&#8211; Az IVA Pro rendk\u00edv\u00fcl megb\u00edzhat\u00f3, m\u00e9lytanul\u00e1son alapul\u00f3 szem\u00e9lyek \u00e9s j\u00e1rm\u0171vek \u00e9szlel\u00e9s\u00e9t teszi lehet\u0151v\u00e9 a steril z\u00f3n\u00e1kt\u00f3l a zs\u00fafolt \u00e9s t\u00falterhelt helysz\u00ednekig<br \/>\n&#8211; Nagy dinamikatartom\u00e1ny a helysz\u00edn vil\u00e1gos \u00e9s s\u00f6t\u00e9t ter\u00fcletein egyar\u00e1nt<\/p>\n<p>A kamera egy sokoldal\u00fa \u00e9s professzion\u00e1lis megfigyel\u0151kamera belt\u00e9ri megfigyel\u00e9shez. Kiv\u00e9teles k\u00e9pmin\u0151s\u00e9get, csillagf\u00e9ny-teljes\u00edtm\u00e9nyt \u00e9s nagy dinamikatartom\u00e1nyt biztos\u00edt ak\u00e1r 4K ultra HD felbont\u00e1sban a r\u00e9szletgazdag k\u00e9pek\u00e9rt az ig\u00e9nyes biztons\u00e1gi \u00e9s megfigyel\u0151 h\u00e1l\u00f3zati k\u00f6vetelm\u00e9nyekhez. A be\u00e9p\u00edtett Intelligent Video Analytics Pro (IVA Pro) gazdag\u00edtja a teljes helyzetfelismer\u00e9st \u00e9s relev\u00e1ns riaszt\u00e1sokat ind\u00edt. A kamer\u00e1k 1\/2,7\u201d-os vagy 1\/2,8\u201d-os \u00e9rz\u00e9kel\u0151vel \u00e9s HDR technol\u00f3gi\u00e1val rendelkeznek HD 1080p, 5 MP vagy 8 MP felbont\u00e1sban, amely nagy teljes\u00edtm\u00e9nyt biztos\u00edt extr\u00e9m gyenge f\u00e9nyviszonyok mellett is. A modul\u00e1ris fel\u00e9p\u00edt\u00e9s egy kattint\u00f3s \u00e9s forgathat\u00f3 mechanizmust haszn\u00e1l a r\u00f6gz\u00edt\u0151lapon vagy az alapon, amely nem ig\u00e9nyel hardvert a kamera h\u00e1zhoz r\u00f6gz\u00edt\u00e9s\u00e9hez a gyors telep\u00edt\u00e9s \u00e9rdek\u00e9ben, bele\u00e9rtve a k\u00fcl\u00f6nb\u00f6z\u0151 r\u00f6gz\u00edt\u00e9si lehet\u0151s\u00e9gekkel val\u00f3 kompatibilit\u00e1st is.<\/p>\n","protected":false},"excerpt":{"rendered":"<p>Rendel\u00e9si k\u00f3d: F.01U.394.428<\/p>\n","protected":false},"featured_media":9384,"template":"","meta":[],"product_brand":[],"product_cat":[345],"product_tag":[25],"class_list":{"0":"post-9385","1":"product","2":"type-product","3":"status-publish","4":"has-post-thumbnail","6":"product_cat-dom-kamerak","7":"product_tag-bosch","9":"first","10":"instock","11":"taxable","12":"shipping-taxable","13":"purchasable","14":"product-type-simple"},"jetpack_sharing_enabled":true,"_links":{"self":[{"href":"https:\/\/bpont.hu\/shop\/index.php\/wp-json\/wp\/v2\/product\/9385","targetHints":{"allow":["GET"]}}],"collection":[{"href":"https:\/\/bpont.hu\/shop\/index.php\/wp-json\/wp\/v2\/product"}],"about":[{"href":"https:\/\/bpont.hu\/shop\/index.php\/wp-json\/wp\/v2\/types\/product"}],"version-history":[{"count":1,"href":"https:\/\/bpont.hu\/shop\/index.php\/wp-json\/wp\/v2\/product\/9385\/revisions"}],"predecessor-version":[{"id":9436,"href":"https:\/\/bpont.hu\/shop\/index.php\/wp-json\/wp\/v2\/product\/9385\/revisions\/9436"}],"wp:featuredmedia":[{"embeddable":true,"href":"https:\/\/bpont.hu\/shop\/index.php\/wp-json\/wp\/v2\/media\/9384"}],"wp:attachment":[{"href":"https:\/\/bpont.hu\/shop\/index.php\/wp-json\/wp\/v2\/media?parent=9385"}],"wp:term":[{"taxonomy":"product_brand","embeddable":true,"href":"https:\/\/bpont.hu\/shop\/index.php\/wp-json\/wp\/v2\/product_brand?post=9385"},{"taxonomy":"product_cat","embeddable":true,"href":"https:\/\/bpont.hu\/shop\/index.php\/wp-json\/wp\/v2\/product_cat?post=9385"},{"taxonomy":"product_tag","embeddable":true,"href":"https:\/\/bpont.hu\/shop\/index.php\/wp-json\/wp\/v2\/product_tag?post=9385"}],"curies":[{"name":"wp","href":"https:\/\/api.w.org\/{rel}","templated":true}]}}